{"id":21509,"date":"2019-08-21T19:34:58","date_gmt":"2019-08-21T17:34:58","guid":{"rendered":"https:\/\/macchiaverde-bio.shop\/nacini-placila\/"},"modified":"2025-02-01T16:37:39","modified_gmt":"2025-02-01T15:37:39","slug":"nacini-placila","status":"publish","type":"page","link":"https:\/\/macchiaverde-bio.shop\/sl\/nacini-placila\/","title":{"rendered":"na\u010dini pla\u010dila"},"content":{"rendered":"\n<div class=\"container section-title-container\" ><h1 class=\"section-title section-title-normal\"><b aria-hidden=\"true\"><\/b><span class=\"section-title-main\" >mo\u017enosti pla\u010dila<\/span><b aria-hidden=\"true\"><\/b><\/h1><\/div>\n\n<section class=\"av_textblock_section\">\n<div class=\"avia_textblock\">\n<p>Naro\u010dilo v na\u0161i spletni trgovini z olj\u010dnim oljem je zelo enostavno.  <br>Na mobilni napravi ali z osebnim ra\u010dunalnikom!<br>Z veliko izbiro najpogostej\u0161ih na\u010dinov pla\u010dila lahko priro\u010dno obdelate svoja pla\u010dila na na\u0161i platformi.<\/p>\n<\/div>\n<\/section>\n<section class=\"av_textblock_section\">\n<div class=\"avia_textblock\">\n<h3>PayPal<\/h3>\n<p>Uporabite svoj ra\u010dun <strong>PayPal<\/strong> in naro\u010dajte udobno kot obi\u010dajno.<\/p>\n<h3>kreditne kartice<strong><br><\/strong><\/h3>\n<p>Izbirate lahko med <strong>karticami Mastercard, Visa in American Express<\/strong> .<br> Upo\u0161tevajte, da boste morda potrebovali geslo za dostop do kreditne kartice<br> (Preverjeno z Visa ali MasterCard 3D-Secured).<\/p>\n<h3>Giropay<\/h3>\n<p>Pla\u010dilo spro\u017eite neposredno preko spletnega dostopa v <strong>spletni banki<\/strong> .<\/p>\n<\/div>\n<\/section>\n\t<div class=\"img has-hover x md-x lg-x y md-y lg-y\" id=\"image_1250713816\">\n\t\t\t\t\t\t\t\t<div class=\"img-inner dark\" >\n\t\t\t<img loading=\"lazy\" decoding=\"async\" width=\"920\" height=\"90\" src=\"https:\/\/macchiaverde-bio.shop\/wp-content\/uploads\/2022\/03\/olivenoel-zahlungsmethoden.webp\" class=\"attachment-large size-large\" alt=\"\" srcset=\"https:\/\/macchiaverde-bio.shop\/wp-content\/uploads\/2022\/03\/olivenoel-zahlungsmethoden.webp 920w, https:\/\/macchiaverde-bio.shop\/wp-content\/uploads\/2022\/03\/olivenoel-zahlungsmethoden-800x78.webp 800w, https:\/\/macchiaverde-bio.shop\/wp-content\/uploads\/2022\/03\/olivenoel-zahlungsmethoden-768x75.webp 768w, https:\/\/macchiaverde-bio.shop\/wp-content\/uploads\/2022\/03\/olivenoel-zahlungsmethoden-510x50.webp 510w\" sizes=\"auto, (max-width: 920px) 100vw, 920px\" \/>\t\t\t\t\t\t\n\t\t\t\t\t<\/div>\n\t\t\t\t\t\t\t\t\n<style>\n#image_1250713816 {\n  width: 100%;\n}\n<\/style>\n\t<\/div>\n\t\n\n\n","protected":false},"excerpt":{"rendered":"","protected":false},"author":1,"featured_media":0,"parent":0,"menu_order":11,"comment_status":"closed","ping_status":"closed","template":"","meta":{"footnotes":""},"class_list":["post-21509","page","type-page","status-publish","hentry"],"_links":{"self":[{"href":"https:\/\/macchiaverde-bio.shop\/sl\/wp-json\/wp\/v2\/pages\/21509","targetHints":{"allow":["GET"]}}],"collection":[{"href":"https:\/\/macchiaverde-bio.shop\/sl\/wp-json\/wp\/v2\/pages"}],"about":[{"href":"https:\/\/macchiaverde-bio.shop\/sl\/wp-json\/wp\/v2\/types\/page"}],"author":[{"embeddable":true,"href":"https:\/\/macchiaverde-bio.shop\/sl\/wp-json\/wp\/v2\/users\/1"}],"replies":[{"embeddable":true,"href":"https:\/\/macchiaverde-bio.shop\/sl\/wp-json\/wp\/v2\/comments?post=21509"}],"version-history":[{"count":0,"href":"https:\/\/macchiaverde-bio.shop\/sl\/wp-json\/wp\/v2\/pages\/21509\/revisions"}],"wp:attachment":[{"href":"https:\/\/macchiaverde-bio.shop\/sl\/wp-json\/wp\/v2\/media?parent=21509"}],"curies":[{"name":"wp","href":"https:\/\/api.w.org\/{rel}","templated":true}]}}