{"id":21507,"date":"2015-03-02T17:09:45","date_gmt":"2015-03-02T16:09:45","guid":{"rendered":"https:\/\/macchiaverde-bio.shop\/blagajna\/"},"modified":"2025-12-25T01:11:28","modified_gmt":"2025-12-25T00:11:28","slug":"blagajna","status":"publish","type":"page","link":"https:\/\/macchiaverde-bio.shop\/sl\/blagajna\/","title":{"rendered":"Blagajna"},"content":{"rendered":"\n<div class=\"woocommerce\"><\/div>\n\n\n\t<section class=\"section\" id=\"section_1137376459\">\n\t\t<div class=\"section-bg fill\" >\n\t\t\t\t\t\t\t\t\t\n\t\t\t\n\t<div class=\"is-border\"\n\t\tstyle=\"border-color:rgb(235, 235, 235);border-width:1px 0px 0px 0px;\">\n\t<\/div>\n\n\t\t<\/div>\n\n\t\t\n\n\t\t<div class=\"section-content relative\">\n\t\t\t\n\n<div class=\"row\"  id=\"row-1562295498\">\n\n\n\t<div id=\"col-910938949\" class=\"col medium-1 small-12 large-1\"  >\n\t\t\t\t<div class=\"col-inner\"  >\n\t\t\t\n\t\t\t\n\n\t<div id=\"text-3122695655\" class=\"text\">\n\t\t\n\n\n\t\t\n<style>\n#text-3122695655 {\n  text-align: center;\n}\n<\/style>\n\t<\/div>\n\t\n\n\t\t<\/div>\n\t\t\t\t\t<\/div>\n\n\t\n\n\t<div id=\"col-205098815\" class=\"col medium-10 small-12 large-10\"  >\n\t\t\t\t<div class=\"col-inner\"  >\n\t\t\t\n\t\t\t\n\n\t<div id=\"text-2465943161\" class=\"text\">\n\t\t\n\n<h6 style=\"text-align: center;\"><strong>Spo\u0161tovane stranke, od 24. decembra in med prazniki lahko pride do motenj in zamud pri kurirskih slu\u017ebah, zato ne bodite presene\u010deni, \u010de bo va\u0161e blago dostavljeno dlje kot obi\u010dajno!<\/strong><\/h6>\n\t\t\n<style>\n#text-2465943161 {\n  font-size: 1.35rem;\n  text-align: center;\n  color: rgb(208, 30, 30);\n}\n#text-2465943161 > * {\n  color: rgb(208, 30, 30);\n}\n<\/style>\n\t<\/div>\n\t\n\n\t\t<\/div>\n\t\t\t\t\t<\/div>\n\n\t\n\n\t<div id=\"col-612836733\" class=\"col medium-1 small-12 large-1\"  >\n\t\t\t\t<div class=\"col-inner\"  >\n\t\t\t\n\t\t\t\n\n\n\n\t\t<\/div>\n\t\t\t\t\t<\/div>\n\n\t\n\n<\/div>\n\n\t\t<\/div>\n\n\t\t\n<style>\n#section_1137376459 {\n  padding-top: 30px;\n  padding-bottom: 30px;\n  min-height: 100px;\n  background-color: rgb(245, 245, 245);\n}\n<\/style>\n\t<\/section>\n\t\n\n","protected":false},"excerpt":{"rendered":"","protected":false},"author":1,"featured_media":0,"parent":0,"menu_order":9,"comment_status":"closed","ping_status":"closed","template":"","meta":{"footnotes":""},"class_list":["post-21507","page","type-page","status-publish","hentry"],"_links":{"self":[{"href":"https:\/\/macchiaverde-bio.shop\/sl\/wp-json\/wp\/v2\/pages\/21507","targetHints":{"allow":["GET"]}}],"collection":[{"href":"https:\/\/macchiaverde-bio.shop\/sl\/wp-json\/wp\/v2\/pages"}],"about":[{"href":"https:\/\/macchiaverde-bio.shop\/sl\/wp-json\/wp\/v2\/types\/page"}],"author":[{"embeddable":true,"href":"https:\/\/macchiaverde-bio.shop\/sl\/wp-json\/wp\/v2\/users\/1"}],"replies":[{"embeddable":true,"href":"https:\/\/macchiaverde-bio.shop\/sl\/wp-json\/wp\/v2\/comments?post=21507"}],"version-history":[{"count":2,"href":"https:\/\/macchiaverde-bio.shop\/sl\/wp-json\/wp\/v2\/pages\/21507\/revisions"}],"predecessor-version":[{"id":25410,"href":"https:\/\/macchiaverde-bio.shop\/sl\/wp-json\/wp\/v2\/pages\/21507\/revisions\/25410"}],"wp:attachment":[{"href":"https:\/\/macchiaverde-bio.shop\/sl\/wp-json\/wp\/v2\/media?parent=21507"}],"curies":[{"name":"wp","href":"https:\/\/api.w.org\/{rel}","templated":true}]}}