{"id":21505,"date":"2019-08-21T19:34:58","date_gmt":"2019-08-21T17:34:58","guid":{"rendered":"https:\/\/macchiaverde-bio.shop\/pogoji-in-dolocila\/"},"modified":"2025-02-01T16:28:07","modified_gmt":"2025-02-01T15:28:07","slug":"pogoji-in-dolocila","status":"publish","type":"page","link":"https:\/\/macchiaverde-bio.shop\/sl\/pogoji-in-dolocila\/","title":{"rendered":"Pogoji in dolo\u010dila"},"content":{"rendered":"\n<h2 class=\"wp-block-heading\">Splo\u0161ni pogoji poslovanja<\/h2>\n\n<h5 class=\"wp-block-heading\">1. Splo\u0161no<\/h5>\n\n<p>Vse storitve, ki jih <strong>MACCHIA VERDE BIO<\/strong> nudi stranki ali obiskovalcu, se izvajajo izklju\u010dno na podlagi naslednjih splo\u0161nih pogojev. Odstopanja od predpisov veljajo le, \u010de so se o njih individualno dogovorila oljarna in kupec. <\/p>\n\n<h5 class=\"wp-block-heading\">2. Sklenitev pogodbe<\/h5>\n\n<p>2.1 Ponudbe spletne trgovine predstavljajo neobvezujo\u010de vabilo kupca k naro\u010dilu blaga v spletni trgovini.<\/p>\n\n<p>2.2 Z naro\u010dilom \u017eelenega blaga preko interneta kupec poda zavezujo\u010do ponudbo za sklenitev kupoprodajne pogodbe.<\/p>\n\n<p>2.3 Oljarna Macchia Verde Bio bo prejem naro\u010dila potrdila takoj, najkasneje po prejemu naro\u010dila. Potrditev naro\u010dila ne pomeni pravnega sprejema z na\u0161e strani. Ponudbo bomo sprejeli \u0161ele, ko vam bomo blago poslali. Po elektronski po\u0161ti boste prejeli pisno potrdilo o po\u0161iljanju. Vendar pa je kupec vezan na svojo ponudbo najve\u010d 14 dni, razen \u010de ni druga\u010de dogovorjeno (prenaro\u010danje, dostava, ko je ponovno na voljo).    <\/p>\n\n<p>2.4 Predmet pogodbe je blago, ki ga naro\u010di stranka. V zvezi s kakovostjo velja opis ponudbe; v nasprotnem primeru velja \u010dlen 434, 1. stavek, stavek 3 nem\u0161kega civilnega zakonika.  <\/p>\n\n<h5 class=\"wp-block-heading\">3. Dogovor o stro\u0161kih vra\u010dila, pravica do odstopa, izklju\u010ditev pravice do odstopa<\/h5>\n\n<p>Dogovor o kritju stro\u0161kov: \u010ce izkoristite pravico do odstopa od pogodbe, morate kriti redne stro\u0161ke vra\u010dila blaga, \u010de dostavljeno blago ustreza naro\u010denemu in \u010de cena blaga, ki ga \u017eelite vrniti, ne presega znesek 40 eur ali \u010de ste pla\u010dali vi\u0161jo ceno, za artikel ob preklicu \u0161e ni bilo pla\u010dano nadomestilo ali pogodbeno dogovorjeno delno pla\u010dilo. V nasprotnem primeru je vra\u010dilo za vas brezpla\u010dno. <\/p>\n\n<p>Pravica do odstopa od pogodbe:<br\/> Veljajo predpisi, ki si jih lahko ogledate <a href=\"https:\/\/macchiaverde-bio.shop\/widerrufsbelehrung\/\"><strong><em>tukaj<\/em><\/strong><\/a> .<\/p>\n\n<p>Izklju\u010ditev pravice do odstopa od pogodbe:<br\/> \u010de je bilo blago izdelano po specifikacijah kupca ali jasno prilagojeno va\u0161im osebnim potrebam ali pa zaradi svoje narave ni primerno za vra\u010dilo. Poleg tega veljajo za druge primere 4. odstavka razdelka 312d nem\u0161kega civilnega zakonika (BGB).  <\/p>\n\n<h5 class=\"wp-block-heading\">4. dostava<\/h5>\n\n<p>4.1. Alle Artikel werden umgehend, sofern ab Lager verf\u00fcgbar, ausgeliefert. Die Lieferung Ihrer Bestellung erfolgt in die im Checkout ausw\u00e4hlbaren L\u00e4nder innerhalb der europ\u00e4ischen Union.  <\/p>\n\n<p>4.2. Die Lieferzeit innerhalb der europ\u00e4ischen Union betr\u00e4gt in der Regel 5-7 Tage, sofern nicht gesondert angegeben. N\u00e4here Informationen erhalten Sie mit der Tracking Nummer auf der Sendungsverfolgung oder auf den Informationsseiten des jeweiligen Logistikers.  <\/p>\n\n<p>4.3. Sollte es zu einer kurzfristigen Nichtverf\u00fcgbarkeit eines Artikels kommen und daher nicht verf\u00fcgbar sein, informieren wir Sie per E-Mail \u00fcber die erwartede Lieferzeit oder bieten Ihnen einen Alternativartikel an. <\/p>\n\n<h5 class=\"wp-block-heading\">5. Stro\u0161ki pakiranja in po\u0161iljanja<\/h5>\n\n<p>Veljajo predpisi o stro\u0161kih pakiranja in po\u0161iljanja, ki si jih lahko ogledate <a href=\"https:\/\/macchiaverde-bio.shop\/versandarten\/\"><strong><em>tukaj<\/em><\/strong><\/a> .<\/p>\n\n<h5 class=\"wp-block-heading\">6. Pla\u010dilo, pridr\u017eek lastninske pravice<\/h5>\n\n<p>6.1 Vse prikazane cene so neto cene v evrih in ne vklju\u010dujejo zakonsko predpisanega davka na dodano vrednost. Kot mednarodna trgovina na evropski ravni smo zavezani pla\u010dati DDV razli\u010dnim dr\u017eavam. DDV se izra\u010duna na podlagi stopenj, ki veljajo v dr\u017eavi kupca v \u010dasu blagajne. Veljajo cene veljavne na dan naro\u010dila.  <\/p>\n\n<p>6.2 Veljajo na\u010dini pla\u010dila, ki so na voljo na blagajni. Po zaklju\u010dku naro\u010dila se izvede predavtorizacija, ki se avtorizira ob izdelavi ra\u010duna. To se izvede hkrati s sprostitvijo v odpremo. O tem boste prejeli lo\u010deno sporo\u010dilo. Poleg tega veljajo pla\u010dilni pogoji ponudnikov storitev PayPal Inc. in Stripe Inc.     <\/p>\n\n<p>6.3 Dobavljeno blago ostane na\u0161a last do celotnega pla\u010dila (pridr\u017eek lastninske pravice v skladu s \u00a7\u00a7158, 449 BGB). Stranka nas mora nemudoma obvestiti o morebitnih izvr\u0161ilnih ukrepih tretjih oseb proti rezerviranemu blagu in predati dokumente, potrebne za intervencijo; To velja tudi za kakr\u0161ne koli druge slabosti. Ne glede na to mora stranka predhodno obvestiti tretje osebe o pravicah, ki jih ima do blaga. <\/p>\n\n<h5 class=\"wp-block-heading\">7. Garancija<\/h5>\n\n<p>\u010ce se naknadna izvedba izvede z nadomestno dostavo, je stranka dol\u017ena vrniti prvotno dostavljeno blago v 30 dneh na na\u0161e stro\u0161ke. Vra\u010dilo blaga z napako mora biti izvedeno v skladu z zakonskimi dolo\u010dili. Pridr\u017eujemo si pravico do od\u0161kodninskega zahtevka pod pogoji, ki jih dolo\u010da zakon. Subsidiarne pogodbe so veljavne samo v pisni obliki.   <\/p>\n\n<h5 class=\"wp-block-heading\">8. Odgovornost za napake<\/h5>\n\n<p>8.1 Olivenoele.com odgovarja v primeru naklepa ali hude malomarnosti v skladu z zakonskimi dolo\u010dili. Odgovornost za garancije je neodvisna od krivde. Spletna trgovina odgovarja za lahko malomarnost izklju\u010dno v skladu z dolo\u010dili Zakona o odgovornosti za izdelke, za po\u0161kodbe \u017eivljenja, telesa ali zdravja ali za kr\u0161itev bistvenih pogodbenih obveznosti. Vendar je od\u0161kodninski zahtevek zaradi malomarne kr\u0161itve bistvenih pogodbenih obveznosti omejen na predvidljivo \u0161kodo, zna\u010dilno za pogodbo, razen \u010de odgovornost nastane zaradi po\u0161kodb \u017eivljenja, telesa ali zdravja. Spletna trgovina je v enakem obsegu odgovorna za malomarnost posrednikov in zastopnikov.    <\/p>\n\n<p>8.2 Dolo\u010dbe prej\u0161njega odstavka (8.1) se nana\u0161ajo na od\u0161kodnino poleg izpolnitve, od\u0161kodnino namesto izpolnitve in zahtevke za od\u0161kodnino za neporabljene stro\u0161ke, ne glede na pravno podlago, vklju\u010dno z odgovornostjo za napake, zamudo ali nezmo\u017enost.<\/p>\n\n<h5 class=\"wp-block-heading\">9. Varstvo podatkov<\/h5>\n\n<p>Velja na\u0161a politika zasebnosti, do katere lahko dostopate <a href=\"https:\/\/macchiaverde-bio.shop\/datenschutzerklaerung\/\"><strong><em>tukaj<\/em><\/strong><\/a> .<\/p>\n\n<h5 class=\"wp-block-heading\">10. Avtorske pravice<\/h5>\n\n<p>Vsebina in dela na teh straneh, ki jih je ustvaril Macchia Verde Bio, so predmet nem\u0161kega zakona o avtorskih pravicah. Za reprodukcijo, predelavo, distribucijo in kakr\u0161no koli izkori\u0161\u010danje izven meja avtorskega prava je potrebno pisno soglasje zadevnega avtorja ali ustvarjalca. Prenosi in kopije tega mesta so dovoljeni samo za zasebno, nekomercialno uporabo. V kolikor vsebine tega spletnega mesta ni ustvaril upravljavec, se spo\u0161tujejo avtorske pravice tretjih oseb. Kot taka je ozna\u010dena zlasti vsebina tretjih oseb. \u010ce kljub temu opazite kr\u0161itev avtorskih pravic, nas o tem obvestite. \u010ce bomo izvedeli za kakr\u0161ne koli pravne kr\u0161itve, bomo tak\u0161no vsebino nemudoma odstranili.      <\/p>\n\n<h5 class=\"wp-block-heading\">11. Vsebina in povezave na na\u0161ih straneh<\/h5>\n\n<p>11.1 Vsebina na\u0161ih strani je bila ustvarjena z najve\u010djo skrbnostjo. Ne moremo pa prevzeti nobene odgovornosti za to\u010dnost, popolnost in aktualnost vsebine. Kot ponudnik storitev smo odgovorni za lastno vsebino teh spletnih strani v skladu s \u010dlenom 7, odstavkom 1 nem\u0161kega zakona o telemedijih (TMG). Vendar v skladu z \u00a7\u00a7 8 do 10 TMG mi kot ponudniki storitev nismo dol\u017eni spremljati posredovanih ali shranjenih informacij tretjih oseb ali preiskovati okoli\u0161\u010din, ki ka\u017eejo na nezakonite dejavnosti. Obveznosti odstranitve ali blokiranja uporabe informacij po splo\u0161ni zakonodaji ostanejo nespremenjene. Odgovornost v zvezi s tem pa je mogo\u010da le v \u010dasu vedenja za konkretno kr\u0161itev zakona. \u010ce izvemo za tak\u0161ne kr\u0161itve zakona, bomo to vsebino takoj odstranili.       <\/p>\n\n<p>11.2 Na\u0161a ponudba vsebuje povezave do zunanjih spletnih mest tretjih oseb, na katerih vsebino nimamo vpliva.<br\/> Zato ne moremo prevzeti nobene odgovornosti za to zunanjo vsebino. Za vsebino povezanih strani je vedno odgovoren zadevni ponudnik ali upravljavec strani. <\/p>\n\n<p>Povezane strani so bile v \u010dasu povezovanja preverjene glede morebitnih zakonskih kr\u0161itev. V \u010dasu povezovanja nezakonite vsebine ni bilo mogo\u010de prepoznati. Stalno spremljanje vsebine povezanih strani pa ni smiselno brez konkretnih dokazov o pravni kr\u0161itvi. \u010ce izvemo za kakr\u0161ne koli pravne kr\u0161itve, bomo take povezave takoj odstranili.   <\/p>\n\n<h5 class=\"wp-block-heading\">12. Kon\u010dne dolo\u010dbe<\/h5>\n\n<p>Uporaba konvencije ZN o pogodbah o mednarodni prodaji blaga je izklju\u010dena; uporablja se nem\u0161ko pravo. Z oddajo naro\u010dila sprejemate splo\u0161ne pogoje poslovanja spletne trgovine.<br\/> \u010ce stranka nima splo\u0161ne pristojnosti v Nem\u010diji ali drugi dr\u017eavi \u010dlanici EU, je izklju\u010dno pristojnost za vse spore, ki izhajajo iz te pogodbe, na\u0161 registrirani sede\u017e: <strong>okro\u017eno sodi\u0161\u010de v Bariju<\/strong> (BA) <\/p>\n\n<p>Prodajalec se je zavezal svoji spletni trgovini[https:\/\/macchiaverde-bio .shop] predmet meril kakovosti OnTrustNet Certified Online Shop, ki si jih lahko ogledate na naslednji povezavi https:\/\/ontrust.net\/shop-guetesiegel-anforderungen.<\/p>\n","protected":false},"excerpt":{"rendered":"<p>Splo\u0161ni pogoji poslovanja 1. Splo\u0161no Vse storitve, ki jih MACCHIA VERDE BIO nudi stranki ali obiskovalcu, se izvajajo izklju\u010dno na podlagi naslednjih splo\u0161nih pogojev. Odstopanja od predpisov veljajo le, \u010de so se o njih individualno dogovorila oljarna in kupec. 2. Sklenitev pogodbe 2.1 Ponudbe spletne trgovine predstavljajo neobvezujo\u010de vabilo kupca k naro\u010dilu blaga v spletni [&#8230;]\n","protected":false},"author":1,"featured_media":0,"parent":0,"menu_order":8,"comment_status":"closed","ping_status":"closed","template":"","meta":{"footnotes":""},"class_list":["post-21505","page","type-page","status-publish","hentry"],"_links":{"self":[{"href":"https:\/\/macchiaverde-bio.shop\/sl\/wp-json\/wp\/v2\/pages\/21505","targetHints":{"allow":["GET"]}}],"collection":[{"href":"https:\/\/macchiaverde-bio.shop\/sl\/wp-json\/wp\/v2\/pages"}],"about":[{"href":"https:\/\/macchiaverde-bio.shop\/sl\/wp-json\/wp\/v2\/types\/page"}],"author":[{"embeddable":true,"href":"https:\/\/macchiaverde-bio.shop\/sl\/wp-json\/wp\/v2\/users\/1"}],"replies":[{"embeddable":true,"href":"https:\/\/macchiaverde-bio.shop\/sl\/wp-json\/wp\/v2\/comments?post=21505"}],"version-history":[{"count":0,"href":"https:\/\/macchiaverde-bio.shop\/sl\/wp-json\/wp\/v2\/pages\/21505\/revisions"}],"wp:attachment":[{"href":"https:\/\/macchiaverde-bio.shop\/sl\/wp-json\/wp\/v2\/media?parent=21505"}],"curies":[{"name":"wp","href":"https:\/\/api.w.org\/{rel}","templated":true}]}}