{"id":21501,"date":"2019-08-21T19:34:58","date_gmt":"2019-08-21T17:34:58","guid":{"rendered":"https:\/\/macchiaverde-bio.shop\/odtis\/"},"modified":"2025-02-01T16:24:22","modified_gmt":"2025-02-01T15:24:22","slug":"odtis","status":"publish","type":"page","link":"https:\/\/macchiaverde-bio.shop\/sl\/odtis\/","title":{"rendered":"odtis"},"content":{"rendered":"\n<div class=\"container section-title-container\" ><h3 class=\"section-title section-title-normal\"><b aria-hidden=\"true\"><\/b><span class=\"section-title-main\" >odtis<\/span><b aria-hidden=\"true\"><\/b><\/h3><\/div>\n\n<p><strong>Operater:<br><\/strong> MACCHIA VERDE BIO<br> <strong>Avtor:<\/strong> Caterina Scarola<\/p>\n<p><strong>Naslov:<\/strong><br> Via Soldato Pasquale Giovanniello \u0161t. 1<br> 70025&nbsp; Grumo Appula (BA)<br> Italija<\/p>\n<p><strong>Okro\u017eno sodi\u0161\u010de v Bariju<\/strong> (BA)<br> <strong>ID \u0161tevilka za DDV:<\/strong> IT07100320725<br> <strong>Pristojni dav\u010dni urad:<\/strong> Bari<br> <strong>Odgovorna oseba za vsebino v skladu s \u00a7 5 TMG:<\/strong> Caterina Scarola<\/p>\n<p>Telefon: +39 328 672 9896<br>E-po\u0161ta:  <a>kontakt@macchiaverdebio.it<\/p>\n<p><\/a>Ekolo\u0161ki certifikat in kontrolna \u0161tevilka:<\/p>\n\t<div class=\"img has-hover x md-x lg-x y md-y lg-y\" id=\"image_1739493506\">\n\t\t\t\t\t\t\t\t<div class=\"img-inner dark\" >\n\t\t\t<img loading=\"lazy\" decoding=\"async\" width=\"770\" height=\"451\" src=\"https:\/\/macchiaverde-bio.shop\/wp-content\/uploads\/2024\/07\/bio-siegel.png\" class=\"attachment-original size-original\" alt=\"\" srcset=\"https:\/\/macchiaverde-bio.shop\/wp-content\/uploads\/2024\/07\/bio-siegel.png 770w, https:\/\/macchiaverde-bio.shop\/wp-content\/uploads\/2024\/07\/bio-siegel-683x400.png 683w, https:\/\/macchiaverde-bio.shop\/wp-content\/uploads\/2024\/07\/bio-siegel-768x450.png 768w, https:\/\/macchiaverde-bio.shop\/wp-content\/uploads\/2024\/07\/bio-siegel-510x299.png 510w, https:\/\/macchiaverde-bio.shop\/wp-content\/uploads\/2024\/07\/bio-siegel-102x60.png 102w, https:\/\/macchiaverde-bio.shop\/wp-content\/uploads\/2024\/07\/bio-siegel-154x90.png 154w\" sizes=\"auto, (max-width: 770px) 100vw, 770px\" \/>\t\t\t\t\t\t\n\t\t\t\t\t<\/div>\n\t\t\t\t\t\t\t\t\n<style>\n#image_1739493506 {\n  width: 34%;\n}\n<\/style>\n\t<\/div>\n\t\n\n\t<div class=\"img has-hover x md-x lg-x y md-y lg-y\" id=\"image_696838280\">\n\t\t\t\t\t\t\t\t<div class=\"img-inner dark\" style=\"margin:0px 0px 24px 0px;\">\n\t\t\t\t\t\t\t\t\t\n\t\t\t\t\t<\/div>\n\t\t\t\t\t\t\t\t\n<style>\n#image_696838280 {\n  width: 47%;\n}\n<\/style>\n\t<\/div>\n\t\n\n<p><strong>Koncept\/umetni\u0161ko oblikovanje\/programiranje:<\/strong><\/p>\n<p>Pure Goodness GmbH<br> Urad:<br> Badestra\u00dfe 14<br> 63628 Bad Soden-Salm\u00fcnster<br> info@pure-goodness.com<br> Nem\u010dija<\/p>\n\n\n","protected":false},"excerpt":{"rendered":"","protected":false},"author":1,"featured_media":0,"parent":0,"menu_order":6,"comment_status":"closed","ping_status":"closed","template":"","meta":{"footnotes":""},"class_list":["post-21501","page","type-page","status-publish","hentry"],"_links":{"self":[{"href":"https:\/\/macchiaverde-bio.shop\/sl\/wp-json\/wp\/v2\/pages\/21501","targetHints":{"allow":["GET"]}}],"collection":[{"href":"https:\/\/macchiaverde-bio.shop\/sl\/wp-json\/wp\/v2\/pages"}],"about":[{"href":"https:\/\/macchiaverde-bio.shop\/sl\/wp-json\/wp\/v2\/types\/page"}],"author":[{"embeddable":true,"href":"https:\/\/macchiaverde-bio.shop\/sl\/wp-json\/wp\/v2\/users\/1"}],"replies":[{"embeddable":true,"href":"https:\/\/macchiaverde-bio.shop\/sl\/wp-json\/wp\/v2\/comments?post=21501"}],"version-history":[{"count":0,"href":"https:\/\/macchiaverde-bio.shop\/sl\/wp-json\/wp\/v2\/pages\/21501\/revisions"}],"wp:attachment":[{"href":"https:\/\/macchiaverde-bio.shop\/sl\/wp-json\/wp\/v2\/media?parent=21501"}],"curies":[{"name":"wp","href":"https:\/\/api.w.org\/{rel}","templated":true}]}}