{"id":15891,"date":"2023-03-06T19:25:46","date_gmt":"2023-03-06T18:25:46","guid":{"rendered":"https:\/\/macchiaverde-bio.shop\/?post_type=product&#038;p=15891"},"modified":"2024-06-22T12:09:18","modified_gmt":"2024-06-22T10:09:18","slug":"oliwki-zmieszane-w-sloiku-1-kg-jakosci-dla-smakoszy-3x","status":"publish","type":"product","link":"https:\/\/macchiaverde-bio.shop\/pl\/produkt\/oliwki-zmieszane-w-sloiku-1-kg-jakosci-dla-smakoszy-3x\/","title":{"rendered":"Mieszane oliwki w s\u0142oiku 1 kg &#8211; jako\u015b\u0107 dla smakoszy (3x)"},"content":{"rendered":"","protected":false},"excerpt":{"rendered":"<p><strong>Mieszane oliwki w s\u0142oiku 1 kg &#8211; jako\u015b\u0107 dla smakoszy (3x)<\/strong><br \/>\nZestaw wszystkich trzech odmian dla smakoszy:<br \/>\n1x oliwki<br \/>\n1x oliwki faszerowane migda\u0142ami<br \/>\n1x oliwki pikantne<\/p>\n","protected":false},"featured_media":15951,"comment_status":"open","ping_status":"closed","template":"","meta":[],"product_brand":[],"product_cat":[1502],"product_tag":[],"class_list":{"0":"post-15891","1":"product","2":"type-product","3":"status-publish","4":"has-post-thumbnail","6":"product_cat-oliwki","8":"first","9":"instock","10":"taxable","11":"shipping-taxable","12":"purchasable","13":"product-type-simple"},"_links":{"self":[{"href":"https:\/\/macchiaverde-bio.shop\/pl\/wp-json\/wp\/v2\/product\/15891","targetHints":{"allow":["GET"]}}],"collection":[{"href":"https:\/\/macchiaverde-bio.shop\/pl\/wp-json\/wp\/v2\/product"}],"about":[{"href":"https:\/\/macchiaverde-bio.shop\/pl\/wp-json\/wp\/v2\/types\/product"}],"replies":[{"embeddable":true,"href":"https:\/\/macchiaverde-bio.shop\/pl\/wp-json\/wp\/v2\/comments?post=15891"}],"wp:featuredmedia":[{"embeddable":true,"href":"https:\/\/macchiaverde-bio.shop\/pl\/wp-json\/wp\/v2\/media\/15951"}],"wp:attachment":[{"href":"https:\/\/macchiaverde-bio.shop\/pl\/wp-json\/wp\/v2\/media?parent=15891"}],"wp:term":[{"taxonomy":"product_brand","embeddable":true,"href":"https:\/\/macchiaverde-bio.shop\/pl\/wp-json\/wp\/v2\/product_brand?post=15891"},{"taxonomy":"product_cat","embeddable":true,"href":"https:\/\/macchiaverde-bio.shop\/pl\/wp-json\/wp\/v2\/product_cat?post=15891"},{"taxonomy":"product_tag","embeddable":true,"href":"https:\/\/macchiaverde-bio.shop\/pl\/wp-json\/wp\/v2\/product_tag?post=15891"}],"curies":[{"name":"wp","href":"https:\/\/api.w.org\/{rel}","templated":true}]}}