{"id":15881,"date":"2023-03-06T19:21:29","date_gmt":"2023-03-06T18:21:29","guid":{"rendered":"https:\/\/macchiaverde-bio.shop\/?post_type=product&#038;p=15881"},"modified":"2024-06-22T12:09:26","modified_gmt":"2024-06-22T10:09:26","slug":"duze-nadziewane-oliwki-z-migdalami-w-sloiku-1-kg-jakosc-dla-smakoszy-3x","status":"publish","type":"product","link":"https:\/\/macchiaverde-bio.shop\/pl\/produkt\/duze-nadziewane-oliwki-z-migdalami-w-sloiku-1-kg-jakosc-dla-smakoszy-3x\/","title":{"rendered":"Oliwka ripiene grandi con mandorla in vasetto da 1 kg &#8211; jako\u015b\u0107 dla smakoszy (3x)"},"content":{"rendered":"","protected":false},"excerpt":{"rendered":"<p><strong>Du\u017ce oliwki nadziewane migda\u0142ami 1 kg<\/strong><br \/>\nOliwki MACCHIA VERDE to najwy\u017cszej jako\u015bci produkt czysto rzemie\u015blniczy, ta lokalna odmiana dla smakoszy jest starannie pozbawiona pestek i wype\u0142niona migda\u0142em odmiany \u201eFilippo Cea\u201d (mo\u017cna go r\u00f3wnie\u017c kupi\u0107 u nas osobno). Oliwki s\u0105 wolne od wszelkich manipulacji chemicznych i s\u0105 przetwarzane zgodnie z tradycyjnymi standardami, konserwowane ekologiczn\u0105 oliw\u0105 z oliwek Macchia Verde, ta pikantna oliwa powinna by\u0107 u\u017cywana r\u00f3wnie\u017c po spo\u017cyciu oliwek.<\/p>\n","protected":false},"featured_media":15921,"comment_status":"closed","ping_status":"closed","template":"","meta":[],"product_brand":[],"product_cat":[1502],"product_tag":[],"class_list":{"0":"post-15881","1":"product","2":"type-product","3":"status-publish","4":"has-post-thumbnail","6":"product_cat-oliwki","8":"first","9":"instock","10":"taxable","11":"shipping-taxable","12":"purchasable","13":"product-type-simple"},"_links":{"self":[{"href":"https:\/\/macchiaverde-bio.shop\/pl\/wp-json\/wp\/v2\/product\/15881","targetHints":{"allow":["GET"]}}],"collection":[{"href":"https:\/\/macchiaverde-bio.shop\/pl\/wp-json\/wp\/v2\/product"}],"about":[{"href":"https:\/\/macchiaverde-bio.shop\/pl\/wp-json\/wp\/v2\/types\/product"}],"replies":[{"embeddable":true,"href":"https:\/\/macchiaverde-bio.shop\/pl\/wp-json\/wp\/v2\/comments?post=15881"}],"wp:featuredmedia":[{"embeddable":true,"href":"https:\/\/macchiaverde-bio.shop\/pl\/wp-json\/wp\/v2\/media\/15921"}],"wp:attachment":[{"href":"https:\/\/macchiaverde-bio.shop\/pl\/wp-json\/wp\/v2\/media?parent=15881"}],"wp:term":[{"taxonomy":"product_brand","embeddable":true,"href":"https:\/\/macchiaverde-bio.shop\/pl\/wp-json\/wp\/v2\/product_brand?post=15881"},{"taxonomy":"product_cat","embeddable":true,"href":"https:\/\/macchiaverde-bio.shop\/pl\/wp-json\/wp\/v2\/product_cat?post=15881"},{"taxonomy":"product_tag","embeddable":true,"href":"https:\/\/macchiaverde-bio.shop\/pl\/wp-json\/wp\/v2\/product_tag?post=15881"}],"curies":[{"name":"wp","href":"https:\/\/api.w.org\/{rel}","templated":true}]}}