{"id":15840,"date":"2023-03-06T19:07:46","date_gmt":"2023-03-06T18:07:46","guid":{"rendered":"https:\/\/macchiaverde-bio.shop\/?post_type=product&#038;p=15840"},"modified":"2024-06-22T12:10:00","modified_gmt":"2024-06-22T10:10:00","slug":"oliwki-pikantne-w-sloiku-1-kg-jakosci-dla-smakoszy-2x","status":"publish","type":"product","link":"https:\/\/macchiaverde-bio.shop\/pl\/produkt\/oliwki-pikantne-w-sloiku-1-kg-jakosci-dla-smakoszy-2x\/","title":{"rendered":"Pikantne oliwki w s\u0142oiku 1 kg &#8211; jako\u015b\u0107 dla smakoszy (2x)"},"content":{"rendered":"","protected":false},"excerpt":{"rendered":"<p><strong>Oliwki w s\u0142oiku, pestki i marynowane 1 kg<\/strong><br \/>\nOliwki MACCHIA VERDE to czysto rzemie\u015blniczy topowy produkt, te ma\u0142e lokalne oliwy s\u0105 starannie drylowane i marynowane z zio\u0142ami i chili, oczywi\u015bcie z dodatkiem naszej oliwy z oliwek. Oliwki s\u0105 wolne od wszelkich manipulacji chemicznych i s\u0105 przetwarzane zgodnie z tradycyjnymi standardami, konserwowane ekologiczn\u0105 oliw\u0105 z oliwek Macchia Verde, ta pikantna oliwa powinna by\u0107 u\u017cywana r\u00f3wnie\u017c po spo\u017cyciu oliwek.<\/p>\n","protected":false},"featured_media":15901,"comment_status":"open","ping_status":"closed","template":"","meta":[],"product_brand":[],"product_cat":[1502],"product_tag":[],"class_list":{"0":"post-15840","1":"product","2":"type-product","3":"status-publish","4":"has-post-thumbnail","6":"product_cat-oliwki","8":"first","9":"instock","10":"taxable","11":"shipping-taxable","12":"purchasable","13":"product-type-simple"},"_links":{"self":[{"href":"https:\/\/macchiaverde-bio.shop\/pl\/wp-json\/wp\/v2\/product\/15840","targetHints":{"allow":["GET"]}}],"collection":[{"href":"https:\/\/macchiaverde-bio.shop\/pl\/wp-json\/wp\/v2\/product"}],"about":[{"href":"https:\/\/macchiaverde-bio.shop\/pl\/wp-json\/wp\/v2\/types\/product"}],"replies":[{"embeddable":true,"href":"https:\/\/macchiaverde-bio.shop\/pl\/wp-json\/wp\/v2\/comments?post=15840"}],"wp:featuredmedia":[{"embeddable":true,"href":"https:\/\/macchiaverde-bio.shop\/pl\/wp-json\/wp\/v2\/media\/15901"}],"wp:attachment":[{"href":"https:\/\/macchiaverde-bio.shop\/pl\/wp-json\/wp\/v2\/media?parent=15840"}],"wp:term":[{"taxonomy":"product_brand","embeddable":true,"href":"https:\/\/macchiaverde-bio.shop\/pl\/wp-json\/wp\/v2\/product_brand?post=15840"},{"taxonomy":"product_cat","embeddable":true,"href":"https:\/\/macchiaverde-bio.shop\/pl\/wp-json\/wp\/v2\/product_cat?post=15840"},{"taxonomy":"product_tag","embeddable":true,"href":"https:\/\/macchiaverde-bio.shop\/pl\/wp-json\/wp\/v2\/product_tag?post=15840"}],"curies":[{"name":"wp","href":"https:\/\/api.w.org\/{rel}","templated":true}]}}