{"id":15447,"date":"2022-12-22T22:53:08","date_gmt":"2022-12-22T21:53:08","guid":{"rendered":"https:\/\/macchiaverde-bio.shop\/?post_type=product&#038;p=15447"},"modified":"2024-06-22T12:10:16","modified_gmt":"2024-06-22T10:10:16","slug":"zestaw-upominkowy-na-oliwe-z-oliwek-4x","status":"publish","type":"product","link":"https:\/\/macchiaverde-bio.shop\/pl\/produkt\/zestaw-upominkowy-na-oliwe-z-oliwek-4x\/","title":{"rendered":"Zestaw upominkowy na oliw\u0119 z oliwek (4x)"},"content":{"rendered":"","protected":false},"excerpt":{"rendered":"<p><strong>&#8211; Zestaw upominkowy na oliw\u0119 z oliwek (4x) &#8211; firmowy i prywatny<br \/>\n<\/strong><\/p>\n<p>To pude\u0142ko upominkowe dla smakoszy b\u0119dzie hitem, je\u015bli podarujesz je wymagaj\u0105cym osobom.<\/p>\n<p>Zestaw opcjonalnie zawiera wyb\u00f3r oferowanych pude\u0142ek upominkowych, wybierz i<br \/>\nW polu uwagi podczas sk\u0142adania zam\u00f3wienia u\u017cyj okre\u015blenia:<br \/>\n<strong>Pude\u0142ko upominkowe 1<\/strong> <strong>x 4 lub 2<\/strong> lub do wyboru wszystkie 4 pude\u0142ka<strong><br \/>\n<\/strong>przez np. napisz <strong>pude\u0142ko 1<\/strong> <strong>x 1, pude\u0142ko 2 x 1, pude\u0142ko 3 x 1, pude\u0142ko 4 x 1<\/strong><\/p>\n<p>Smeraldo, bogaty, pe\u0142ny, zielony olejek najwy\u017cszej jako\u015bci<br \/>\njest t\u0142oczony ze 100% oliwek Coratina. Z roku na rok bierze udzia\u0142 we wszystkich krajowych i mi\u0119dzynarodowych konkursach i zdobywa platynowe medale w kategoriach Healthclaim i &#8222;Full Fruity&#8221;. Z zawarto\u015bci\u0105 do 1081 mg\/kg polifenoli (zbiory 2021\/2022) plasuje si\u0119 na szczycie mi\u0119dzynarodowej produkcji ropy.<br \/>\n1x Eliodoro, zr\u00f3wnowa\u017cony z\u0142oto\u017c\u00f3\u0142ty olejek najwy\u017cszej jako\u015bci<br \/>\notrzymywana jest z 70% oliwek Coratina i 30% Ogliarola. Bra\u0142a udzia\u0142 we wszystkich konkursach krajowych i mi\u0119dzynarodowych, zdobywaj\u0105c z\u0142ote medale w kategorii \u201e\u015brednio owocowe\u201d.<\/p>\n","protected":false},"featured_media":15377,"comment_status":"open","ping_status":"closed","template":"","meta":[],"product_brand":[],"product_cat":[1272,1273],"product_tag":[1274,1275,1263,1264],"class_list":{"0":"post-15447","1":"product","2":"type-product","3":"status-publish","4":"has-post-thumbnail","6":"product_cat-butelki-na-oliwe-z-oliwek","7":"product_cat-pudelka-na-prezenty","8":"product_tag-intensywny","9":"product_tag-oferta","10":"product_tag-olivenoel-pl","11":"product_tag-owocowy","13":"first","14":"instock","15":"taxable","16":"shipping-taxable","17":"purchasable","18":"product-type-simple"},"_links":{"self":[{"href":"https:\/\/macchiaverde-bio.shop\/pl\/wp-json\/wp\/v2\/product\/15447","targetHints":{"allow":["GET"]}}],"collection":[{"href":"https:\/\/macchiaverde-bio.shop\/pl\/wp-json\/wp\/v2\/product"}],"about":[{"href":"https:\/\/macchiaverde-bio.shop\/pl\/wp-json\/wp\/v2\/types\/product"}],"replies":[{"embeddable":true,"href":"https:\/\/macchiaverde-bio.shop\/pl\/wp-json\/wp\/v2\/comments?post=15447"}],"wp:featuredmedia":[{"embeddable":true,"href":"https:\/\/macchiaverde-bio.shop\/pl\/wp-json\/wp\/v2\/media\/15377"}],"wp:attachment":[{"href":"https:\/\/macchiaverde-bio.shop\/pl\/wp-json\/wp\/v2\/media?parent=15447"}],"wp:term":[{"taxonomy":"product_brand","embeddable":true,"href":"https:\/\/macchiaverde-bio.shop\/pl\/wp-json\/wp\/v2\/product_brand?post=15447"},{"taxonomy":"product_cat","embeddable":true,"href":"https:\/\/macchiaverde-bio.shop\/pl\/wp-json\/wp\/v2\/product_cat?post=15447"},{"taxonomy":"product_tag","embeddable":true,"href":"https:\/\/macchiaverde-bio.shop\/pl\/wp-json\/wp\/v2\/product_tag?post=15447"}],"curies":[{"name":"wp","href":"https:\/\/api.w.org\/{rel}","templated":true}]}}