{"id":15407,"date":"2022-12-22T22:43:48","date_gmt":"2022-12-22T21:43:48","guid":{"rendered":"https:\/\/macchiaverde-bio.shop\/?post_type=product&#038;p=15407"},"modified":"2024-06-22T12:10:24","modified_gmt":"2024-06-22T10:10:24","slug":"ekologiczna-oliwa-z-oliwek-lo-smeraldo-butelki-12-x-250-ml","status":"publish","type":"product","link":"https:\/\/macchiaverde-bio.shop\/pl\/produkt\/ekologiczna-oliwa-z-oliwek-lo-smeraldo-butelki-12-x-250-ml\/","title":{"rendered":"Organiczna oliwa z oliwek &#8211; Lo Smeraldo &#8211; Butelki 12 x 250 ml"},"content":{"rendered":"","protected":false},"excerpt":{"rendered":"<p><strong>&#8211; Cartone da 12 butelek &#8211;<\/strong><\/p>\n<p id=\"tw-target-text\" class=\"tw-data-text tw-text-large tw-ta\" dir=\"ltr\" data-placeholder=\"\u00dcbersetzung\"><span lang=\"de\">Smeraldo to zielona oliwa z oliwek o wysokiej jako\u015bci konsystencji, r\u00f3wnie\u017c pochodz\u0105ca w 100% z oliwy Coratina. W zesz\u0142ym roku brali\u015bmy udzia\u0142 w konkursach krajowych i mi\u0119dzynarodowych i zostali\u015bmy nagrodzeni Platynow\u0105 Nagrod\u0105 w kategoriach \u201ePe\u0142en Owocowy\u201d i \u201eO\u015bwiadczenie Zdrowotne\u201d, kt\u00f3re opieraj\u0105 si\u0119 na mi\u0119dzynarodowej produkcji oliwy z oliwek.<\/span><\/p>\n<p class=\"tw-data-text tw-text-large tw-ta\" dir=\"ltr\" data-placeholder=\"\u00dcbersetzung\"><span lang=\"de\">Grazie all&#8217;utilizzo esclusivo di <strong>oliwy Coratina<\/strong> , Smeraldo si caratterizza per <strong>l&#8217;altissimo<\/strong> <strong>content di polifenoli<\/strong> . Soprattutto zawarto\u015b\u0107 altu w polifenoli conferisce all&#8217;olio di Coratina a gusto <strong>intensywny, fruttato e fresco<\/strong> . Zapach oliwki jest przejrzysty i niewygodny, ta sama nuta chiare owocowego cruda al gusto i nuta \u015bwie\u017co\u015bci mandorle verdi.<\/span><\/p>\n<p dir=\"ltr\" data-placeholder=\"\u00dcbersetzung\">Lo Smeraldo jest idealne do <strong>pizzy<\/strong> i <strong>primi<\/strong> piatti, w tym focacce, <strong>ciastek<\/strong> i <strong>piatti alla grglia<\/strong> . To sprawia, \u017ce \u200b\u200boliwa z oliwek idealnie nadaje si\u0119 do <strong>marynowania grigliatu<\/strong> i dekapitacji, dzi\u0119ki czemu ogromna zawarto\u015b\u0107 polifenoli przenika do carne i przenosi aromat gatunku.<\/p>\n","protected":false},"featured_media":15437,"comment_status":"closed","ping_status":"closed","template":"","meta":[],"product_brand":[],"product_cat":[1272],"product_tag":[],"class_list":{"0":"post-15407","1":"product","2":"type-product","3":"status-publish","4":"has-post-thumbnail","6":"product_cat-butelki-na-oliwe-z-oliwek","8":"first","9":"instock","10":"taxable","11":"shipping-taxable","12":"purchasable","13":"product-type-simple"},"_links":{"self":[{"href":"https:\/\/macchiaverde-bio.shop\/pl\/wp-json\/wp\/v2\/product\/15407","targetHints":{"allow":["GET"]}}],"collection":[{"href":"https:\/\/macchiaverde-bio.shop\/pl\/wp-json\/wp\/v2\/product"}],"about":[{"href":"https:\/\/macchiaverde-bio.shop\/pl\/wp-json\/wp\/v2\/types\/product"}],"replies":[{"embeddable":true,"href":"https:\/\/macchiaverde-bio.shop\/pl\/wp-json\/wp\/v2\/comments?post=15407"}],"wp:featuredmedia":[{"embeddable":true,"href":"https:\/\/macchiaverde-bio.shop\/pl\/wp-json\/wp\/v2\/media\/15437"}],"wp:attachment":[{"href":"https:\/\/macchiaverde-bio.shop\/pl\/wp-json\/wp\/v2\/media?parent=15407"}],"wp:term":[{"taxonomy":"product_brand","embeddable":true,"href":"https:\/\/macchiaverde-bio.shop\/pl\/wp-json\/wp\/v2\/product_brand?post=15407"},{"taxonomy":"product_cat","embeddable":true,"href":"https:\/\/macchiaverde-bio.shop\/pl\/wp-json\/wp\/v2\/product_cat?post=15407"},{"taxonomy":"product_tag","embeddable":true,"href":"https:\/\/macchiaverde-bio.shop\/pl\/wp-json\/wp\/v2\/product_tag?post=15407"}],"curies":[{"name":"wp","href":"https:\/\/api.w.org\/{rel}","templated":true}]}}