{"id":15397,"date":"2022-12-22T22:41:34","date_gmt":"2022-12-22T21:41:34","guid":{"rendered":"https:\/\/macchiaverde-bio.shop\/?post_type=product&#038;p=15397"},"modified":"2024-06-22T12:10:46","modified_gmt":"2024-06-22T10:10:46","slug":"butelki-ekologicznej-oliwy-z-oliwek-leliodoro-12-x-250-ml","status":"publish","type":"product","link":"https:\/\/macchiaverde-bio.shop\/pl\/produkt\/butelki-ekologicznej-oliwy-z-oliwek-leliodoro-12-x-250-ml\/","title":{"rendered":"Organiczna oliwa z oliwek &#8211; L&#8217;Eliodoro &#8211; Butelki 12 x 250 ml"},"content":{"rendered":"","protected":false},"excerpt":{"rendered":"<p>&#8211;  <span><strong>Cartone da 12 butelek &#8211;<\/strong><br \/>\nEliodoro to zbilansowana oliwa z oliwek najwy\u017cszej jako\u015bci, zawieraj\u0105ca 70% oliwy Coratina i 30% oliwy Ogliarola. Jest nagradzany na rynku krajowym i mi\u0119dzynarodowym medalem srebrnym w kategorii \u201eFruttato \u015brednie\u201d i jest jednym z dzieci tej kategorii o zawarto\u015bci polifenoli di 714 mg\/kg.<\/span><\/p>\n","protected":false},"featured_media":15357,"comment_status":"open","ping_status":"closed","template":"","meta":[],"product_brand":[],"product_cat":[1272],"product_tag":[1274,1263,1264],"class_list":{"0":"post-15397","1":"product","2":"type-product","3":"status-publish","4":"has-post-thumbnail","6":"product_cat-butelki-na-oliwe-z-oliwek","7":"product_tag-intensywny","8":"product_tag-olivenoel-pl","9":"product_tag-owocowy","11":"first","12":"instock","13":"taxable","14":"shipping-taxable","15":"purchasable","16":"product-type-simple"},"_links":{"self":[{"href":"https:\/\/macchiaverde-bio.shop\/pl\/wp-json\/wp\/v2\/product\/15397","targetHints":{"allow":["GET"]}}],"collection":[{"href":"https:\/\/macchiaverde-bio.shop\/pl\/wp-json\/wp\/v2\/product"}],"about":[{"href":"https:\/\/macchiaverde-bio.shop\/pl\/wp-json\/wp\/v2\/types\/product"}],"replies":[{"embeddable":true,"href":"https:\/\/macchiaverde-bio.shop\/pl\/wp-json\/wp\/v2\/comments?post=15397"}],"wp:featuredmedia":[{"embeddable":true,"href":"https:\/\/macchiaverde-bio.shop\/pl\/wp-json\/wp\/v2\/media\/15357"}],"wp:attachment":[{"href":"https:\/\/macchiaverde-bio.shop\/pl\/wp-json\/wp\/v2\/media?parent=15397"}],"wp:term":[{"taxonomy":"product_brand","embeddable":true,"href":"https:\/\/macchiaverde-bio.shop\/pl\/wp-json\/wp\/v2\/product_brand?post=15397"},{"taxonomy":"product_cat","embeddable":true,"href":"https:\/\/macchiaverde-bio.shop\/pl\/wp-json\/wp\/v2\/product_cat?post=15397"},{"taxonomy":"product_tag","embeddable":true,"href":"https:\/\/macchiaverde-bio.shop\/pl\/wp-json\/wp\/v2\/product_tag?post=15397"}],"curies":[{"name":"wp","href":"https:\/\/api.w.org\/{rel}","templated":true}]}}