{"id":15387,"date":"2022-12-22T22:38:56","date_gmt":"2022-12-22T21:38:56","guid":{"rendered":"https:\/\/macchiaverde-bio.shop\/?post_type=product&#038;p=15387"},"modified":"2024-06-22T12:10:55","modified_gmt":"2024-06-22T10:10:55","slug":"organiczny-pojemnik-na-oliwe-klasyczny-5-l","status":"publish","type":"product","link":"https:\/\/macchiaverde-bio.shop\/pl\/produkt\/organiczny-pojemnik-na-oliwe-klasyczny-5-l\/","title":{"rendered":"Organiczna Oliwa z Oliwek &#8211; Classic &#8211; Kanister 5 L"},"content":{"rendered":"","protected":false},"excerpt":{"rendered":"<p><strong>\u2013 Organiczna oliwa z oliwek \u2013 Classic \u2013 Kanister 5 L \u2013<\/strong><br \/>\nClassic to wysokiej jako\u015bci, zbilansowana oliwa z oliwek, b\u0119d\u0105ca mieszank\u0105 oliwek Coratina i Ogliarola. Ma z\u0142ocisto\u017c\u00f3\u0142ty kolor z zielonymi refleksami, \u015brednio owocowe, pe\u0142ne, z nutami migda\u0142\u00f3w i karczoch\u00f3w. Nadaje si\u0119 do szerokiej gamy potraw i mo\u017ce by\u0107 r\u00f3wnie\u017c opisana jako \u201eoliwa z oliwek na ka\u017cdy dzie\u0144\u201d.<\/p>\n","protected":false},"featured_media":15367,"comment_status":"open","ping_status":"closed","template":"","meta":[],"product_brand":[],"product_cat":[1298],"product_tag":[1274,1263,1264],"class_list":{"0":"post-15387","1":"product","2":"type-product","3":"status-publish","4":"has-post-thumbnail","6":"product_cat-kanister-na-oliwe-z-oliwek","7":"product_tag-intensywny","8":"product_tag-olivenoel-pl","9":"product_tag-owocowy","11":"first","12":"instock","13":"taxable","14":"shipping-taxable","15":"purchasable","16":"product-type-simple"},"_links":{"self":[{"href":"https:\/\/macchiaverde-bio.shop\/pl\/wp-json\/wp\/v2\/product\/15387","targetHints":{"allow":["GET"]}}],"collection":[{"href":"https:\/\/macchiaverde-bio.shop\/pl\/wp-json\/wp\/v2\/product"}],"about":[{"href":"https:\/\/macchiaverde-bio.shop\/pl\/wp-json\/wp\/v2\/types\/product"}],"replies":[{"embeddable":true,"href":"https:\/\/macchiaverde-bio.shop\/pl\/wp-json\/wp\/v2\/comments?post=15387"}],"wp:featuredmedia":[{"embeddable":true,"href":"https:\/\/macchiaverde-bio.shop\/pl\/wp-json\/wp\/v2\/media\/15367"}],"wp:attachment":[{"href":"https:\/\/macchiaverde-bio.shop\/pl\/wp-json\/wp\/v2\/media?parent=15387"}],"wp:term":[{"taxonomy":"product_brand","embeddable":true,"href":"https:\/\/macchiaverde-bio.shop\/pl\/wp-json\/wp\/v2\/product_brand?post=15387"},{"taxonomy":"product_cat","embeddable":true,"href":"https:\/\/macchiaverde-bio.shop\/pl\/wp-json\/wp\/v2\/product_cat?post=15387"},{"taxonomy":"product_tag","embeddable":true,"href":"https:\/\/macchiaverde-bio.shop\/pl\/wp-json\/wp\/v2\/product_tag?post=15387"}],"curies":[{"name":"wp","href":"https:\/\/api.w.org\/{rel}","templated":true}]}}