{"id":15319,"date":"2022-12-16T18:26:19","date_gmt":"2022-12-16T17:26:19","guid":{"rendered":"https:\/\/macchiaverde-bio.shop\/produkt\/ekologiczne-migdaly-4-x-500-g\/"},"modified":"2024-06-22T12:05:20","modified_gmt":"2024-06-22T10:05:20","slug":"organiczne-migdaly-4-x-500-g","status":"publish","type":"product","link":"https:\/\/macchiaverde-bio.shop\/pl\/produkt\/organiczne-migdaly-4-x-500-g\/","title":{"rendered":"Ekologiczne Migda\u0142y 4 x 500 g"},"content":{"rendered":"","protected":false},"excerpt":{"rendered":"<p><strong>Ekologiczne migda\u0142y odmiany &#8222;Filippo Cea&#8221; 500 gx 4<\/strong><br \/>\n Migda\u0142y odmiany \u201eFilippo Cea\u201d uznawane s\u0105 przez koneser\u00f3w za kr\u00f3low\u0105 migda\u0142\u00f3w, w Apulii, gdzie s\u0105 g\u0142\u00f3wnie uprawiane, s\u0105 migda\u0142ami par excellence cukierniczymi. Nie tylko pod wzgl\u0119dem smaku, ale tak\u017ce zawarto\u015bci witamin i pierwiastk\u00f3w \u015bladowych nie ma sobie r\u00f3wnych. Otrzymasz je od nas w jako\u015bci ekologicznej, \u015bwie\u017co obrane i zapakowane.<\/p>\n","protected":false},"featured_media":15123,"comment_status":"open","ping_status":"closed","template":"","meta":[],"product_brand":[],"product_cat":[1501,1500],"product_tag":[],"class_list":{"0":"post-15319","1":"product","2":"type-product","3":"status-publish","4":"has-post-thumbnail","6":"product_cat-mandeln-pl","7":"product_cat-zestawy-dla-smakoszy","9":"first","10":"instock","11":"taxable","12":"shipping-taxable","13":"purchasable","14":"product-type-simple"},"_links":{"self":[{"href":"https:\/\/macchiaverde-bio.shop\/pl\/wp-json\/wp\/v2\/product\/15319","targetHints":{"allow":["GET"]}}],"collection":[{"href":"https:\/\/macchiaverde-bio.shop\/pl\/wp-json\/wp\/v2\/product"}],"about":[{"href":"https:\/\/macchiaverde-bio.shop\/pl\/wp-json\/wp\/v2\/types\/product"}],"replies":[{"embeddable":true,"href":"https:\/\/macchiaverde-bio.shop\/pl\/wp-json\/wp\/v2\/comments?post=15319"}],"wp:featuredmedia":[{"embeddable":true,"href":"https:\/\/macchiaverde-bio.shop\/pl\/wp-json\/wp\/v2\/media\/15123"}],"wp:attachment":[{"href":"https:\/\/macchiaverde-bio.shop\/pl\/wp-json\/wp\/v2\/media?parent=15319"}],"wp:term":[{"taxonomy":"product_brand","embeddable":true,"href":"https:\/\/macchiaverde-bio.shop\/pl\/wp-json\/wp\/v2\/product_brand?post=15319"},{"taxonomy":"product_cat","embeddable":true,"href":"https:\/\/macchiaverde-bio.shop\/pl\/wp-json\/wp\/v2\/product_cat?post=15319"},{"taxonomy":"product_tag","embeddable":true,"href":"https:\/\/macchiaverde-bio.shop\/pl\/wp-json\/wp\/v2\/product_tag?post=15319"}],"curies":[{"name":"wp","href":"https:\/\/api.w.org\/{rel}","templated":true}]}}