{"id":15307,"date":"2022-12-16T19:14:28","date_gmt":"2022-12-16T18:14:28","guid":{"rendered":"https:\/\/macchiaverde-bio.shop\/produkt\/oliwki-mieszane-220-g-3x\/"},"modified":"2024-06-22T12:04:26","modified_gmt":"2024-06-22T10:04:26","slug":"oliwki-mieszane-220-g-3x","status":"publish","type":"product","link":"https:\/\/macchiaverde-bio.shop\/pl\/produkt\/oliwki-mieszane-220-g-3x\/","title":{"rendered":"Oliwki Mieszane 220 g (3x)"},"content":{"rendered":"","protected":false},"excerpt":{"rendered":"<p><strong>Oliwki w s\u0142oiku 3 rodzaje 220 g (3x)<\/strong><\/p>\n<p>Oliwki MACCHIA VERDE to ca\u0142kowicie r\u0119cznie robiony topowy produkt, otrzymujesz 3 r\u00f3\u017cne rodzaje oliwek:<\/p>\n<p>1. Du\u017ce oliwki faszerowane migda\u0142ami<br \/>\n2. Mieszane, drylowane i marynowane ma\u0142e oliwki<br \/>\n3. Lokalna odmiana dla smakoszy \u201eTermiti di Bitetto\u201d marynowana z wawrzynem.<\/p>\n<p>Wszystkie 3 odmiany s\u0105 wolne od wszelkich manipulacji chemicznych i przetwarzane zgodnie z tradycyjnymi standardami. Wszystkie s\u0105 nadziewane oliw\u0105 z oliwek MACCHIA VERDE BIO. Powiniene\u015b r\u00f3wnie\u017c u\u017cy\u0107 tej pikantnej oliwy, je\u015bli oliwki w niej zosta\u0142y zjedzone.<\/p>\n<p>Zestaw zawiera 1 szklank\u0119 z ka\u017cdego gatunku.<\/p>\n","protected":false},"featured_media":15163,"comment_status":"closed","ping_status":"closed","template":"","meta":[],"product_brand":[],"product_cat":[1500],"product_tag":[],"class_list":{"0":"post-15307","1":"product","2":"type-product","3":"status-publish","4":"has-post-thumbnail","6":"product_cat-zestawy-dla-smakoszy","8":"first","9":"instock","10":"taxable","11":"shipping-taxable","12":"purchasable","13":"product-type-simple"},"_links":{"self":[{"href":"https:\/\/macchiaverde-bio.shop\/pl\/wp-json\/wp\/v2\/product\/15307","targetHints":{"allow":["GET"]}}],"collection":[{"href":"https:\/\/macchiaverde-bio.shop\/pl\/wp-json\/wp\/v2\/product"}],"about":[{"href":"https:\/\/macchiaverde-bio.shop\/pl\/wp-json\/wp\/v2\/types\/product"}],"replies":[{"embeddable":true,"href":"https:\/\/macchiaverde-bio.shop\/pl\/wp-json\/wp\/v2\/comments?post=15307"}],"wp:featuredmedia":[{"embeddable":true,"href":"https:\/\/macchiaverde-bio.shop\/pl\/wp-json\/wp\/v2\/media\/15163"}],"wp:attachment":[{"href":"https:\/\/macchiaverde-bio.shop\/pl\/wp-json\/wp\/v2\/media?parent=15307"}],"wp:term":[{"taxonomy":"product_brand","embeddable":true,"href":"https:\/\/macchiaverde-bio.shop\/pl\/wp-json\/wp\/v2\/product_brand?post=15307"},{"taxonomy":"product_cat","embeddable":true,"href":"https:\/\/macchiaverde-bio.shop\/pl\/wp-json\/wp\/v2\/product_cat?post=15307"},{"taxonomy":"product_tag","embeddable":true,"href":"https:\/\/macchiaverde-bio.shop\/pl\/wp-json\/wp\/v2\/product_tag?post=15307"}],"curies":[{"name":"wp","href":"https:\/\/api.w.org\/{rel}","templated":true}]}}