{"id":15306,"date":"2022-12-16T19:05:51","date_gmt":"2022-12-16T18:05:51","guid":{"rendered":"https:\/\/macchiaverde-bio.shop\/produkt\/mieszanka-kremow-smarow-220-g-6x\/"},"modified":"2024-06-22T12:04:38","modified_gmt":"2024-06-22T10:04:38","slug":"pasta-do-smarowania-220-g-6x","status":"publish","type":"product","link":"https:\/\/macchiaverde-bio.shop\/pl\/produkt\/pasta-do-smarowania-220-g-6x\/","title":{"rendered":"Pasta do smarowania, mieszanka \u015bmietankowa 220 g (6x)"},"content":{"rendered":"","protected":false},"excerpt":{"rendered":"<p><strong>Kremy\/Kremy w s\u0142oiczku 3 rodzaje 220 g (6x)<\/strong><\/p>\n<p>Organiczne kremy do smarowania marki MACCHIA VERDE to topowy produkt, kt\u00f3ry w ca\u0142o\u015bci wykonywany jest r\u0119cznie.<br \/>\nOtrzymuje si\u0119 3 r\u00f3\u017cne rodzaje krem\u00f3w:<\/p>\n<p>1. z suszonych pomidor\u00f3w koktajlowych<br \/>\n2. z du\u017cych zielonych oliwek<br \/>\n3. z r\u00f3\u017cnych rodzaj\u00f3w warzyw z pikantnymi przyprawami.<\/p>\n<p>Wszystkie 3 odmiany s\u0105 wolne od wszelkich manipulacji chemicznych i s\u0105 przetwarzane zgodnie z tradycyjnymi standardami, a wszystkie s\u0105 wytwarzane z organicznej oliwy z oliwek MACCHIA VERDE BIO.<\/p>\n<p>Zestaw zawiera 1 szklank\u0119 z ka\u017cdego gatunku.<\/p>\n","protected":false},"featured_media":15193,"comment_status":"open","ping_status":"closed","template":"","meta":[],"product_brand":[],"product_cat":[1503,1500],"product_tag":[],"class_list":{"0":"post-15306","1":"product","2":"type-product","3":"status-publish","4":"has-post-thumbnail","6":"product_cat-pasty-kremy","7":"product_cat-zestawy-dla-smakoszy","9":"first","10":"instock","11":"taxable","12":"shipping-taxable","13":"purchasable","14":"product-type-simple"},"_links":{"self":[{"href":"https:\/\/macchiaverde-bio.shop\/pl\/wp-json\/wp\/v2\/product\/15306","targetHints":{"allow":["GET"]}}],"collection":[{"href":"https:\/\/macchiaverde-bio.shop\/pl\/wp-json\/wp\/v2\/product"}],"about":[{"href":"https:\/\/macchiaverde-bio.shop\/pl\/wp-json\/wp\/v2\/types\/product"}],"replies":[{"embeddable":true,"href":"https:\/\/macchiaverde-bio.shop\/pl\/wp-json\/wp\/v2\/comments?post=15306"}],"wp:featuredmedia":[{"embeddable":true,"href":"https:\/\/macchiaverde-bio.shop\/pl\/wp-json\/wp\/v2\/media\/15193"}],"wp:attachment":[{"href":"https:\/\/macchiaverde-bio.shop\/pl\/wp-json\/wp\/v2\/media?parent=15306"}],"wp:term":[{"taxonomy":"product_brand","embeddable":true,"href":"https:\/\/macchiaverde-bio.shop\/pl\/wp-json\/wp\/v2\/product_brand?post=15306"},{"taxonomy":"product_cat","embeddable":true,"href":"https:\/\/macchiaverde-bio.shop\/pl\/wp-json\/wp\/v2\/product_cat?post=15306"},{"taxonomy":"product_tag","embeddable":true,"href":"https:\/\/macchiaverde-bio.shop\/pl\/wp-json\/wp\/v2\/product_tag?post=15306"}],"curies":[{"name":"wp","href":"https:\/\/api.w.org\/{rel}","templated":true}]}}