{"id":15304,"date":"2022-12-16T18:51:29","date_gmt":"2022-12-16T17:51:29","guid":{"rendered":"https:\/\/macchiaverde-bio.shop\/produkt\/oliwki-w-sloiku-1-kg-3x\/"},"modified":"2024-06-22T12:04:54","modified_gmt":"2024-06-22T10:04:54","slug":"oliwki-w-sloiku-1-kg-3x","status":"publish","type":"product","link":"https:\/\/macchiaverde-bio.shop\/pl\/produkt\/oliwki-w-sloiku-1-kg-3x\/","title":{"rendered":"Oliwki w s\u0142oiku 1 kg (3x) &#8211; jako\u015b\u0107 dla smakoszy"},"content":{"rendered":"<p>Oliwki w s\u0142oiku 1 kg (3x)<\/p>\n","protected":false},"excerpt":{"rendered":"<p><strong>Oliwki w s\u0142oiku, odmiana \u201eTermiti di Bitetto\u201d 1 kg x 3<\/strong><br \/>\n Oliwki MACCHIA VERDE to wy\u0142\u0105cznie rzemie\u015blniczy produkt najwy\u017cszej jako\u015bci, lokalna odmiana dla smakoszy \u201eTermiti di Bitetto\u201d, marynowana olejem laurowym. Oliwki s\u0105 wolne od wszelkich manipulacji chemicznych i s\u0105 przetwarzane zgodnie z tradycyjnymi standardami, s\u0105 marynowane w ekologicznej oliwie z oliwek Macchia Verde, ten pikantny olej laurowy nale\u017cy stosowa\u0107 r\u00f3wnie\u017c po zjedzeniu oliwek.<\/p>\n","protected":false},"featured_media":14922,"comment_status":"open","ping_status":"closed","template":"","meta":[],"product_brand":[],"product_cat":[1502,1500],"product_tag":[],"class_list":{"0":"post-15304","1":"product","2":"type-product","3":"status-publish","4":"has-post-thumbnail","6":"product_cat-oliwki","7":"product_cat-zestawy-dla-smakoszy","9":"first","10":"instock","11":"taxable","12":"shipping-taxable","13":"purchasable","14":"product-type-simple"},"_links":{"self":[{"href":"https:\/\/macchiaverde-bio.shop\/pl\/wp-json\/wp\/v2\/product\/15304","targetHints":{"allow":["GET"]}}],"collection":[{"href":"https:\/\/macchiaverde-bio.shop\/pl\/wp-json\/wp\/v2\/product"}],"about":[{"href":"https:\/\/macchiaverde-bio.shop\/pl\/wp-json\/wp\/v2\/types\/product"}],"replies":[{"embeddable":true,"href":"https:\/\/macchiaverde-bio.shop\/pl\/wp-json\/wp\/v2\/comments?post=15304"}],"wp:featuredmedia":[{"embeddable":true,"href":"https:\/\/macchiaverde-bio.shop\/pl\/wp-json\/wp\/v2\/media\/14922"}],"wp:attachment":[{"href":"https:\/\/macchiaverde-bio.shop\/pl\/wp-json\/wp\/v2\/media?parent=15304"}],"wp:term":[{"taxonomy":"product_brand","embeddable":true,"href":"https:\/\/macchiaverde-bio.shop\/pl\/wp-json\/wp\/v2\/product_brand?post=15304"},{"taxonomy":"product_cat","embeddable":true,"href":"https:\/\/macchiaverde-bio.shop\/pl\/wp-json\/wp\/v2\/product_cat?post=15304"},{"taxonomy":"product_tag","embeddable":true,"href":"https:\/\/macchiaverde-bio.shop\/pl\/wp-json\/wp\/v2\/product_tag?post=15304"}],"curies":[{"name":"wp","href":"https:\/\/api.w.org\/{rel}","templated":true}]}}