{"id":15302,"date":"2022-12-16T18:45:48","date_gmt":"2022-12-16T17:45:48","guid":{"rendered":"https:\/\/macchiaverde-bio.shop\/produkt\/oliwki-w-sloiku-1-kg-jakosc-dla-smakoszy\/"},"modified":"2024-06-22T12:05:09","modified_gmt":"2024-06-22T10:05:09","slug":"oliwki-w-sloiku-1-kg","status":"publish","type":"product","link":"https:\/\/macchiaverde-bio.shop\/pl\/produkt\/oliwki-w-sloiku-1-kg\/","title":{"rendered":"Oliwki w s\u0142oiku 1 kg &#8211; jako\u015b\u0107 dla smakoszy"},"content":{"rendered":"","protected":false},"excerpt":{"rendered":"<p><strong>Oliwki w s\u0142oiku, odmiana &#8222;Termiti di Bitetto&#8221; 1 kg<\/strong><br \/>\nOliwki MACCHIA VERDE to najwy\u017cszej jako\u015bci produkt czysto rzemie\u015blniczy, lokalna odmiana dla smakoszy \u201eTermiti di Bitetto\u201d zakonserwowana olejem laurowym. Oliwki s\u0105 wolne od wszelkich manipulacji chemicznych i s\u0105 przetwarzane zgodnie z tradycyjnymi standardami, s\u0105 marynowane w ekologicznej oliwie z oliwek Macchia Verde, ten pikantny olej laurowy nale\u017cy stosowa\u0107 r\u00f3wnie\u017c po zjedzeniu oliwek.<\/p>\n","protected":false},"featured_media":14942,"comment_status":"open","ping_status":"closed","template":"","meta":[],"product_brand":[],"product_cat":[1502],"product_tag":[],"class_list":{"0":"post-15302","1":"product","2":"type-product","3":"status-publish","4":"has-post-thumbnail","6":"product_cat-oliwki","8":"first","9":"instock","10":"taxable","11":"shipping-taxable","12":"purchasable","13":"product-type-simple"},"_links":{"self":[{"href":"https:\/\/macchiaverde-bio.shop\/pl\/wp-json\/wp\/v2\/product\/15302","targetHints":{"allow":["GET"]}}],"collection":[{"href":"https:\/\/macchiaverde-bio.shop\/pl\/wp-json\/wp\/v2\/product"}],"about":[{"href":"https:\/\/macchiaverde-bio.shop\/pl\/wp-json\/wp\/v2\/types\/product"}],"replies":[{"embeddable":true,"href":"https:\/\/macchiaverde-bio.shop\/pl\/wp-json\/wp\/v2\/comments?post=15302"}],"wp:featuredmedia":[{"embeddable":true,"href":"https:\/\/macchiaverde-bio.shop\/pl\/wp-json\/wp\/v2\/media\/14942"}],"wp:attachment":[{"href":"https:\/\/macchiaverde-bio.shop\/pl\/wp-json\/wp\/v2\/media?parent=15302"}],"wp:term":[{"taxonomy":"product_brand","embeddable":true,"href":"https:\/\/macchiaverde-bio.shop\/pl\/wp-json\/wp\/v2\/product_brand?post=15302"},{"taxonomy":"product_cat","embeddable":true,"href":"https:\/\/macchiaverde-bio.shop\/pl\/wp-json\/wp\/v2\/product_cat?post=15302"},{"taxonomy":"product_tag","embeddable":true,"href":"https:\/\/macchiaverde-bio.shop\/pl\/wp-json\/wp\/v2\/product_tag?post=15302"}],"curies":[{"name":"wp","href":"https:\/\/api.w.org\/{rel}","templated":true}]}}