{"id":15300,"date":"2022-12-16T18:25:46","date_gmt":"2022-12-16T17:25:46","guid":{"rendered":"https:\/\/macchiaverde-bio.shop\/produkt\/ekologiczne-migdaly-2-x-500-g\/"},"modified":"2024-06-22T12:05:28","modified_gmt":"2024-06-22T10:05:28","slug":"organiczne-migdaly-2-x-500-g","status":"publish","type":"product","link":"https:\/\/macchiaverde-bio.shop\/pl\/produkt\/organiczne-migdaly-2-x-500-g\/","title":{"rendered":"Ekologiczne Migda\u0142y 2 x 500 g"},"content":{"rendered":"","protected":false},"excerpt":{"rendered":"<p>Ekologiczne migda\u0142y odmiany \u201eFilippo Cea\u201d 500 gx 2<br \/>\nMigda\u0142 odmiany \u201eFilippo Cea\u201d uwa\u017cany jest przez koneser\u00f3w za kr\u00f3low\u0105 migda\u0142\u00f3w i jest migda\u0142em par excellence cukierniczym w Apulii, gdzie jest g\u0142\u00f3wnie uprawiany. Nie ma sobie r\u00f3wnych nie tylko pod wzgl\u0119dem smaku, ale tak\u017ce pod wzgl\u0119dem zawarto\u015bci witamin i pierwiastk\u00f3w \u015bladowych. Przyje\u017cd\u017caj\u0105 do nas w jako\u015bci ekologicznej, \u015bwie\u017co obrane i zapakowane.<\/p>\n","protected":false},"featured_media":15113,"comment_status":"open","ping_status":"closed","template":"","meta":[],"product_brand":[],"product_cat":[1501,1500],"product_tag":[],"class_list":{"0":"post-15300","1":"product","2":"type-product","3":"status-publish","4":"has-post-thumbnail","6":"product_cat-mandeln-pl","7":"product_cat-zestawy-dla-smakoszy","8":"product_shipping_class-reduzierte-pauschale-pl","10":"first","11":"instock","12":"taxable","13":"shipping-taxable","14":"purchasable","15":"product-type-simple"},"_links":{"self":[{"href":"https:\/\/macchiaverde-bio.shop\/pl\/wp-json\/wp\/v2\/product\/15300","targetHints":{"allow":["GET"]}}],"collection":[{"href":"https:\/\/macchiaverde-bio.shop\/pl\/wp-json\/wp\/v2\/product"}],"about":[{"href":"https:\/\/macchiaverde-bio.shop\/pl\/wp-json\/wp\/v2\/types\/product"}],"replies":[{"embeddable":true,"href":"https:\/\/macchiaverde-bio.shop\/pl\/wp-json\/wp\/v2\/comments?post=15300"}],"wp:featuredmedia":[{"embeddable":true,"href":"https:\/\/macchiaverde-bio.shop\/pl\/wp-json\/wp\/v2\/media\/15113"}],"wp:attachment":[{"href":"https:\/\/macchiaverde-bio.shop\/pl\/wp-json\/wp\/v2\/media?parent=15300"}],"wp:term":[{"taxonomy":"product_brand","embeddable":true,"href":"https:\/\/macchiaverde-bio.shop\/pl\/wp-json\/wp\/v2\/product_brand?post=15300"},{"taxonomy":"product_cat","embeddable":true,"href":"https:\/\/macchiaverde-bio.shop\/pl\/wp-json\/wp\/v2\/product_cat?post=15300"},{"taxonomy":"product_tag","embeddable":true,"href":"https:\/\/macchiaverde-bio.shop\/pl\/wp-json\/wp\/v2\/product_tag?post=15300"}],"curies":[{"name":"wp","href":"https:\/\/api.w.org\/{rel}","templated":true}]}}