{"id":14133,"date":"2019-12-09T18:20:33","date_gmt":"2019-12-09T17:20:33","guid":{"rendered":"https:\/\/macchiaverde-bio.shop\/produkt\/ekologiczna-oliwa-z-oliwek-leliodoro-butelki-6-x-250-ml\/"},"modified":"2024-06-22T12:08:00","modified_gmt":"2024-06-22T10:08:00","slug":"organiczne-butelki-leliodoro-oliwy-z-oliwek-6-x-250-ml","status":"publish","type":"product","link":"https:\/\/macchiaverde-bio.shop\/pl\/produkt\/organiczne-butelki-leliodoro-oliwy-z-oliwek-6-x-250-ml\/","title":{"rendered":"Ekologiczna Oliwa Z Oliwek &#8211; L&#8217;Eliodoro &#8211; Butelki 6 x 250 ml"},"content":{"rendered":"","protected":false},"excerpt":{"rendered":"<p>OLIO DODATKOWE<br \/>\nVERGINE DI OLIVA &#8211; SPREMUTO A FREDDO &#8211; <strong>CARTONE DA 6 bottiglie &#8211;<\/strong><\/p>\n<p>Eliodoro to zbilansowany olej, zawieraj\u0105cy to, co najlepsze, wysokiej jako\u015bci, w tym 70% oliwy Coratina i 30% Ogliarola. Jest nagradzany na rynku krajowym i mi\u0119dzynarodowym medalem srebrnym w kategorii \u201eFruttato \u015brednie\u201d i jest jednym z dzieci tej kategorii o zawarto\u015bci polifenoli di 714 mg\/kg.<\/p>\n","protected":false},"featured_media":14054,"comment_status":"open","ping_status":"closed","template":"","meta":[],"product_brand":[],"product_cat":[1272],"product_tag":[1274,1263,1264],"class_list":{"0":"post-14133","1":"product","2":"type-product","3":"status-publish","4":"has-post-thumbnail","6":"product_cat-butelki-na-oliwe-z-oliwek","7":"product_tag-intensywny","8":"product_tag-olivenoel-pl","9":"product_tag-owocowy","11":"first","12":"instock","13":"taxable","14":"shipping-taxable","15":"purchasable","16":"product-type-simple"},"_links":{"self":[{"href":"https:\/\/macchiaverde-bio.shop\/pl\/wp-json\/wp\/v2\/product\/14133","targetHints":{"allow":["GET"]}}],"collection":[{"href":"https:\/\/macchiaverde-bio.shop\/pl\/wp-json\/wp\/v2\/product"}],"about":[{"href":"https:\/\/macchiaverde-bio.shop\/pl\/wp-json\/wp\/v2\/types\/product"}],"replies":[{"embeddable":true,"href":"https:\/\/macchiaverde-bio.shop\/pl\/wp-json\/wp\/v2\/comments?post=14133"}],"wp:featuredmedia":[{"embeddable":true,"href":"https:\/\/macchiaverde-bio.shop\/pl\/wp-json\/wp\/v2\/media\/14054"}],"wp:attachment":[{"href":"https:\/\/macchiaverde-bio.shop\/pl\/wp-json\/wp\/v2\/media?parent=14133"}],"wp:term":[{"taxonomy":"product_brand","embeddable":true,"href":"https:\/\/macchiaverde-bio.shop\/pl\/wp-json\/wp\/v2\/product_brand?post=14133"},{"taxonomy":"product_cat","embeddable":true,"href":"https:\/\/macchiaverde-bio.shop\/pl\/wp-json\/wp\/v2\/product_cat?post=14133"},{"taxonomy":"product_tag","embeddable":true,"href":"https:\/\/macchiaverde-bio.shop\/pl\/wp-json\/wp\/v2\/product_tag?post=14133"}],"curies":[{"name":"wp","href":"https:\/\/api.w.org\/{rel}","templated":true}]}}