{"id":14132,"date":"2019-12-09T18:40:29","date_gmt":"2019-12-09T17:40:29","guid":{"rendered":"https:\/\/macchiaverde-bio.shop\/produkt\/ekologiczna-oliwa-z-oliwek-leliodoro-butelki-3-x-500-ml\/"},"modified":"2024-06-22T12:07:57","modified_gmt":"2024-06-22T10:07:57","slug":"butelki-leliodoro-organicznej-oliwy-z-oliwek-3-x-500-ml","status":"publish","type":"product","link":"https:\/\/macchiaverde-bio.shop\/pl\/produkt\/butelki-leliodoro-organicznej-oliwy-z-oliwek-3-x-500-ml\/","title":{"rendered":"Ekologiczna Oliwa Z Oliwek &#8211; L&#8217;Eliodoro &#8211; Butelki 3 x 500 ml"},"content":{"rendered":"","protected":false},"excerpt":{"rendered":"<p>OLIWA Z OLIWEK Z PIERWSZEGO T\u0141OCZENIA<br \/>\n&#8211; T\u0141OCZONY NA ZIMNO &#8211;<br \/>\n<strong>&#8211; Karton na 3 butelki &#8211;<\/strong><br \/>\nWysokiej jako\u015bci oliwa z oliwek klasy ekstra, kt\u00f3ra pozyskiwana jest bezpo\u015brednio z naszych oliwek i wy\u0142\u0105cznie w procesie mechanicznym. Nasza oliwa z oliwek EXTRA VIRGIN MACCHIA VERDE BIO to rzemie\u015blniczy produkt powsta\u0142y z owoc\u00f3w tradycji, pasji i mi\u0142o\u015bci do ziemi. Pozyskuje si\u0119 j\u0105 wy\u0142\u0105cznie z ekologicznych oliwek w celu ochrony przyrody i \u015brodowiska i jest dok\u0142adnie kontrolowana na ka\u017cdym etapie produkcji.<\/p>\n","protected":false},"featured_media":14066,"comment_status":"open","ping_status":"closed","template":"","meta":[],"product_brand":[],"product_cat":[1272],"product_tag":[1274,1263,1264],"class_list":{"0":"post-14132","1":"product","2":"type-product","3":"status-publish","4":"has-post-thumbnail","6":"product_cat-butelki-na-oliwe-z-oliwek","7":"product_tag-intensywny","8":"product_tag-olivenoel-pl","9":"product_tag-owocowy","11":"first","12":"instock","13":"taxable","14":"shipping-taxable","15":"purchasable","16":"product-type-simple"},"_links":{"self":[{"href":"https:\/\/macchiaverde-bio.shop\/pl\/wp-json\/wp\/v2\/product\/14132","targetHints":{"allow":["GET"]}}],"collection":[{"href":"https:\/\/macchiaverde-bio.shop\/pl\/wp-json\/wp\/v2\/product"}],"about":[{"href":"https:\/\/macchiaverde-bio.shop\/pl\/wp-json\/wp\/v2\/types\/product"}],"replies":[{"embeddable":true,"href":"https:\/\/macchiaverde-bio.shop\/pl\/wp-json\/wp\/v2\/comments?post=14132"}],"wp:featuredmedia":[{"embeddable":true,"href":"https:\/\/macchiaverde-bio.shop\/pl\/wp-json\/wp\/v2\/media\/14066"}],"wp:attachment":[{"href":"https:\/\/macchiaverde-bio.shop\/pl\/wp-json\/wp\/v2\/media?parent=14132"}],"wp:term":[{"taxonomy":"product_brand","embeddable":true,"href":"https:\/\/macchiaverde-bio.shop\/pl\/wp-json\/wp\/v2\/product_brand?post=14132"},{"taxonomy":"product_cat","embeddable":true,"href":"https:\/\/macchiaverde-bio.shop\/pl\/wp-json\/wp\/v2\/product_cat?post=14132"},{"taxonomy":"product_tag","embeddable":true,"href":"https:\/\/macchiaverde-bio.shop\/pl\/wp-json\/wp\/v2\/product_tag?post=14132"}],"curies":[{"name":"wp","href":"https:\/\/api.w.org\/{rel}","templated":true}]}}