{"id":14130,"date":"2015-03-08T22:24:30","date_gmt":"2015-03-08T21:24:30","guid":{"rendered":"https:\/\/macchiaverde-bio.shop\/produkt\/ekologiczna-oliwa-z-oliwek-lo-smeraldo-butelki-3-x-500-ml\/"},"modified":"2026-02-09T23:08:58","modified_gmt":"2026-02-09T22:08:58","slug":"ekologiczna-oliwa-z-oliwek-lo-smeraldo-butelki-3-x-500-ml","status":"publish","type":"product","link":"https:\/\/macchiaverde-bio.shop\/pl\/produkt\/ekologiczna-oliwa-z-oliwek-lo-smeraldo-butelki-3-x-500-ml\/","title":{"rendered":"Ekologiczna Oliwa Z Oliwek &#8211; Lo Smeraldo &#8211; Butelki 3 x 500 ml"},"content":{"rendered":"","protected":false},"excerpt":{"rendered":"<p>OLIWA Z OLIWEK Z PIERWSZEGO T\u0141OCZENIA<br \/>\n&#8211; T\u0141OCZONY NA ZIMNO &#8211;<br \/>\n<strong>&#8211; Karton na 3 butelki &#8211;<\/strong><\/p>\n<p id=\"tw-target-text\" class=\"tw-data-text tw-text-large tw-ta\" dir=\"ltr\" data-placeholder=\"\u00dcbersetzung\"><span lang=\"de\">Smeraldo (The Emerald) to soczy\u015bcie zielona i pe\u0142na oliwa z oliwek najwy\u017cszej jako\u015bci, t\u0142oczona z 100% oliwek Coratina. Rok po roku bra\u0142a udzia\u0142 we wszystkich konkursach krajowych i mi\u0119dzynarodowych, zdobywaj\u0105c <strong>platynowy medal<\/strong> w kategorii <strong>\u201eFull Fruity\u201d<\/strong> .<br \/>\n<\/span><\/p>\n<p class=\"tw-data-text tw-text-large tw-ta\" dir=\"ltr\" data-placeholder=\"\u00dcbersetzung\"><span lang=\"de\">Dzi\u0119ki wy\u0142\u0105cznemu wykorzystaniu <strong>oliwek Coratina<\/strong> , Smeraldo charakteryzuje si\u0119 wyj\u0105tkowo <strong>wysok\u0105<\/strong> <strong>zawarto\u015bci\u0105 polifenoli<\/strong> . Szczeg\u00f3lnie wysoka zawarto\u015b\u0107 polifenoli nadaje olejowi Coratina <strong>intensywny, owocowy, \u015bwie\u017cy<\/strong> smak. Zapach oliwek jest wyra\u017any i niepowtarzalny, w smaku wyczuwalne s\u0105 wyra\u017ane nuty surowych owoc\u00f3w i nuty \u015bwie\u017cych zielonych migda\u0142\u00f3w.<\/span><\/p>\n<p dir=\"ltr\" data-placeholder=\"\u00dcbersetzung\">Smeraldo idealnie nadaje si\u0119 do <strong>pizzy<\/strong> i da\u0144 z <strong>makaronu<\/strong> , a tak\u017ce focaccia, <strong>stek\u00f3w<\/strong> i da\u0144 z <strong>grilla<\/strong> . Jest to r\u00f3wnie\u017c idealna oliwa z oliwek do <strong>robienia marynat grillowych<\/strong> i pikli, poniewa\u017c maksymalna zawarto\u015b\u0107 polifenoli sprawia, \u017ce wnika w g\u0142\u0105b mi\u0119sa i przenosi aromaty przypraw<\/p>\n","protected":false},"featured_media":14060,"comment_status":"open","ping_status":"closed","template":"","meta":[],"product_brand":[],"product_cat":[1272],"product_tag":[1274,1263,1264],"class_list":{"0":"post-14130","1":"product","2":"type-product","3":"status-publish","4":"has-post-thumbnail","6":"product_cat-butelki-na-oliwe-z-oliwek","7":"product_tag-intensywny","8":"product_tag-olivenoel-pl","9":"product_tag-owocowy","11":"first","12":"instock","13":"taxable","14":"shipping-taxable","15":"purchasable","16":"product-type-simple"},"_links":{"self":[{"href":"https:\/\/macchiaverde-bio.shop\/pl\/wp-json\/wp\/v2\/product\/14130","targetHints":{"allow":["GET"]}}],"collection":[{"href":"https:\/\/macchiaverde-bio.shop\/pl\/wp-json\/wp\/v2\/product"}],"about":[{"href":"https:\/\/macchiaverde-bio.shop\/pl\/wp-json\/wp\/v2\/types\/product"}],"replies":[{"embeddable":true,"href":"https:\/\/macchiaverde-bio.shop\/pl\/wp-json\/wp\/v2\/comments?post=14130"}],"wp:featuredmedia":[{"embeddable":true,"href":"https:\/\/macchiaverde-bio.shop\/pl\/wp-json\/wp\/v2\/media\/14060"}],"wp:attachment":[{"href":"https:\/\/macchiaverde-bio.shop\/pl\/wp-json\/wp\/v2\/media?parent=14130"}],"wp:term":[{"taxonomy":"product_brand","embeddable":true,"href":"https:\/\/macchiaverde-bio.shop\/pl\/wp-json\/wp\/v2\/product_brand?post=14130"},{"taxonomy":"product_cat","embeddable":true,"href":"https:\/\/macchiaverde-bio.shop\/pl\/wp-json\/wp\/v2\/product_cat?post=14130"},{"taxonomy":"product_tag","embeddable":true,"href":"https:\/\/macchiaverde-bio.shop\/pl\/wp-json\/wp\/v2\/product_tag?post=14130"}],"curies":[{"name":"wp","href":"https:\/\/api.w.org\/{rel}","templated":true}]}}