{"id":14129,"date":"2019-12-09T19:53:07","date_gmt":"2019-12-09T18:53:07","guid":{"rendered":"https:\/\/macchiaverde-bio.shop\/produkt\/ekologiczna-oliwa-z-oliwek-classic-kanister-2-x-3-l\/"},"modified":"2025-02-25T18:26:43","modified_gmt":"2025-02-25T17:26:43","slug":"organic-oliwa-oliwa-klasyczna-kanister-2-x-3-l","status":"publish","type":"product","link":"https:\/\/macchiaverde-bio.shop\/pl\/produkt\/organic-oliwa-oliwa-klasyczna-kanister-2-x-3-l\/","title":{"rendered":"Ekologiczna oliwa z oliwek &#8211; Classic &#8211; Kanister 2 x 3 l"},"content":{"rendered":"","protected":false},"excerpt":{"rendered":"<p><strong>\u2013 Organiczna oliwa z oliwek \u2013 Classic \u2013 Kanister 2 x 3 L \u2013<\/strong><br \/>\nClassic to wysokiej jako\u015bci, zbilansowana oliwa z oliwek, b\u0119d\u0105ca mieszank\u0105 oliwek Coratina i Ogliarola. Ma z\u0142ocisto\u017c\u00f3\u0142ty kolor z zielonymi refleksami, \u015brednio owocowe, pe\u0142ne, z nutami migda\u0142\u00f3w i karczoch\u00f3w. Nadaje si\u0119 do szerokiej gamy potraw i mo\u017ce by\u0107 r\u00f3wnie\u017c opisana jako \u201eoliwa z oliwek na ka\u017cdy dzie\u0144\u201d.<\/p>\n","protected":false},"featured_media":14030,"comment_status":"open","ping_status":"closed","template":"","meta":[],"product_brand":[],"product_cat":[1298],"product_tag":[1274,1263,1264],"class_list":{"0":"post-14129","1":"product","2":"type-product","3":"status-publish","4":"has-post-thumbnail","6":"product_cat-kanister-na-oliwe-z-oliwek","7":"product_tag-intensywny","8":"product_tag-olivenoel-pl","9":"product_tag-owocowy","11":"first","12":"instock","13":"taxable","14":"shipping-taxable","15":"purchasable","16":"product-type-simple"},"_links":{"self":[{"href":"https:\/\/macchiaverde-bio.shop\/pl\/wp-json\/wp\/v2\/product\/14129","targetHints":{"allow":["GET"]}}],"collection":[{"href":"https:\/\/macchiaverde-bio.shop\/pl\/wp-json\/wp\/v2\/product"}],"about":[{"href":"https:\/\/macchiaverde-bio.shop\/pl\/wp-json\/wp\/v2\/types\/product"}],"replies":[{"embeddable":true,"href":"https:\/\/macchiaverde-bio.shop\/pl\/wp-json\/wp\/v2\/comments?post=14129"}],"wp:featuredmedia":[{"embeddable":true,"href":"https:\/\/macchiaverde-bio.shop\/pl\/wp-json\/wp\/v2\/media\/14030"}],"wp:attachment":[{"href":"https:\/\/macchiaverde-bio.shop\/pl\/wp-json\/wp\/v2\/media?parent=14129"}],"wp:term":[{"taxonomy":"product_brand","embeddable":true,"href":"https:\/\/macchiaverde-bio.shop\/pl\/wp-json\/wp\/v2\/product_brand?post=14129"},{"taxonomy":"product_cat","embeddable":true,"href":"https:\/\/macchiaverde-bio.shop\/pl\/wp-json\/wp\/v2\/product_cat?post=14129"},{"taxonomy":"product_tag","embeddable":true,"href":"https:\/\/macchiaverde-bio.shop\/pl\/wp-json\/wp\/v2\/product_tag?post=14129"}],"curies":[{"name":"wp","href":"https:\/\/api.w.org\/{rel}","templated":true}]}}