{"id":14125,"date":"2020-03-12T00:00:28","date_gmt":"2020-03-11T23:00:28","guid":{"rendered":"https:\/\/macchiaverde-bio.shop\/produkt\/organiczna-oliwa-z-oliwek-lo-smeraldo-bag-in-box-5-l\/"},"modified":"2024-06-22T12:06:53","modified_gmt":"2024-06-22T10:06:53","slug":"bio-oliwka-lo-smeraldo-torba-w-pudle-5-l","status":"publish","type":"product","link":"https:\/\/macchiaverde-bio.shop\/pl\/produkt\/bio-oliwka-lo-smeraldo-torba-w-pudle-5-l\/","title":{"rendered":"Organiczna Oliwa Z Oliwek &#8211; Lo Smeraldo &#8211; Bag In Box 5 L"},"content":{"rendered":"","protected":false},"excerpt":{"rendered":"<p><strong>&#8211; Lo Smeraldo &#8211; Torba W Pude\u0142ku 5 L &#8211;<\/strong><br \/>\nSmeraldo to zielona i tre\u015bciwa oliwa najwy\u017cszej jako\u015bci, t\u0142oczona w 100% z oliwek Coratina. Rok po roku bra\u0142a udzia\u0142 we wszystkich konkursach krajowych i mi\u0119dzynarodowych, zdobywaj\u0105c z\u0142oto i platyn\u0119 w kategorii \u201ePe\u0142ne Owoce\u201d. Z zawarto\u015bci\u0105 1246 mg\/kg polifenoli jest jednym z czo\u0142owych mi\u0119dzynarodowych producent\u00f3w oliwy z oliwek. W praktycznym opakowaniu \u201eBag in Box\u201d oliwa z oliwek pozostaje \u015bwie\u017ca jak pierwszego dnia, a\u017c do ostatniej kropli.<\/p>\n","protected":false},"featured_media":14024,"comment_status":"open","ping_status":"closed","template":"","meta":[],"product_brand":[],"product_cat":[1260,1261],"product_tag":[1274,1275,1263,1264],"class_list":{"0":"post-14125","1":"product","2":"type-product","3":"status-publish","4":"has-post-thumbnail","6":"product_cat-oliwe-z-oliwek-bag-in-box","7":"product_cat-specjalne-oferty","8":"product_tag-intensywny","9":"product_tag-oferta","10":"product_tag-olivenoel-pl","11":"product_tag-owocowy","13":"first","14":"instock","15":"taxable","16":"shipping-taxable","17":"purchasable","18":"product-type-simple"},"_links":{"self":[{"href":"https:\/\/macchiaverde-bio.shop\/pl\/wp-json\/wp\/v2\/product\/14125","targetHints":{"allow":["GET"]}}],"collection":[{"href":"https:\/\/macchiaverde-bio.shop\/pl\/wp-json\/wp\/v2\/product"}],"about":[{"href":"https:\/\/macchiaverde-bio.shop\/pl\/wp-json\/wp\/v2\/types\/product"}],"replies":[{"embeddable":true,"href":"https:\/\/macchiaverde-bio.shop\/pl\/wp-json\/wp\/v2\/comments?post=14125"}],"wp:featuredmedia":[{"embeddable":true,"href":"https:\/\/macchiaverde-bio.shop\/pl\/wp-json\/wp\/v2\/media\/14024"}],"wp:attachment":[{"href":"https:\/\/macchiaverde-bio.shop\/pl\/wp-json\/wp\/v2\/media?parent=14125"}],"wp:term":[{"taxonomy":"product_brand","embeddable":true,"href":"https:\/\/macchiaverde-bio.shop\/pl\/wp-json\/wp\/v2\/product_brand?post=14125"},{"taxonomy":"product_cat","embeddable":true,"href":"https:\/\/macchiaverde-bio.shop\/pl\/wp-json\/wp\/v2\/product_cat?post=14125"},{"taxonomy":"product_tag","embeddable":true,"href":"https:\/\/macchiaverde-bio.shop\/pl\/wp-json\/wp\/v2\/product_tag?post=14125"}],"curies":[{"name":"wp","href":"https:\/\/api.w.org\/{rel}","templated":true}]}}