{"id":14124,"date":"2020-03-12T00:26:16","date_gmt":"2020-03-11T23:26:16","guid":{"rendered":"https:\/\/macchiaverde-bio.shop\/produkt\/organiczna-oliwa-z-oliwek-leliodoro-bag-in-box-5-l\/"},"modified":"2024-06-22T12:06:45","modified_gmt":"2024-06-22T10:06:45","slug":"bio-oliwka-leliodoro-torba-w-pudle-5-l","status":"publish","type":"product","link":"https:\/\/macchiaverde-bio.shop\/pl\/produkt\/bio-oliwka-leliodoro-torba-w-pudle-5-l\/","title":{"rendered":"Organiczna Oliwa Z Oliwek &#8211; L&#8217;Eliodoro &#8211; Bag In Box 5 L"},"content":{"rendered":"","protected":false},"excerpt":{"rendered":"<p>\u2013 <strong>Sacchetto in scatola da 5 litr\u00f3w \u2013<\/strong><br \/>\nL&#8217;Eliodoro (The Heliodor) to z\u0142oto\u017c\u00f3\u0142ta i zbilansowana oliwa z oliwek najwy\u017cszej jako\u015bci, otrzymywana z 70% oliwek Coratina i 30% z oliwek Ogliarola. Zdobywca nagr\u00f3d w konkursach krajowych i mi\u0119dzynarodowych, m.in. srebrny medal w kategorii \u201e\u015arednio Owocowy\u201d z zawarto\u015bci\u0105 polifenoli 714 mg\/kg jest jednym z lider\u00f3w w swojej klasie. W praktycznym opakowaniu \u201eBag in Box\u201d oliwa z oliwek pozostaje \u015bwie\u017ca jak pierwszego dnia a\u017c do ostatniej kropli.<\/p>\n","protected":false},"featured_media":14015,"comment_status":"open","ping_status":"closed","template":"","meta":[],"product_brand":[],"product_cat":[1260,1261],"product_tag":[1274,1275,1263,1264],"class_list":{"0":"post-14124","1":"product","2":"type-product","3":"status-publish","4":"has-post-thumbnail","6":"product_cat-oliwe-z-oliwek-bag-in-box","7":"product_cat-specjalne-oferty","8":"product_tag-intensywny","9":"product_tag-oferta","10":"product_tag-olivenoel-pl","11":"product_tag-owocowy","13":"first","14":"instock","15":"taxable","16":"shipping-taxable","17":"purchasable","18":"product-type-simple"},"_links":{"self":[{"href":"https:\/\/macchiaverde-bio.shop\/pl\/wp-json\/wp\/v2\/product\/14124","targetHints":{"allow":["GET"]}}],"collection":[{"href":"https:\/\/macchiaverde-bio.shop\/pl\/wp-json\/wp\/v2\/product"}],"about":[{"href":"https:\/\/macchiaverde-bio.shop\/pl\/wp-json\/wp\/v2\/types\/product"}],"replies":[{"embeddable":true,"href":"https:\/\/macchiaverde-bio.shop\/pl\/wp-json\/wp\/v2\/comments?post=14124"}],"wp:featuredmedia":[{"embeddable":true,"href":"https:\/\/macchiaverde-bio.shop\/pl\/wp-json\/wp\/v2\/media\/14015"}],"wp:attachment":[{"href":"https:\/\/macchiaverde-bio.shop\/pl\/wp-json\/wp\/v2\/media?parent=14124"}],"wp:term":[{"taxonomy":"product_brand","embeddable":true,"href":"https:\/\/macchiaverde-bio.shop\/pl\/wp-json\/wp\/v2\/product_brand?post=14124"},{"taxonomy":"product_cat","embeddable":true,"href":"https:\/\/macchiaverde-bio.shop\/pl\/wp-json\/wp\/v2\/product_cat?post=14124"},{"taxonomy":"product_tag","embeddable":true,"href":"https:\/\/macchiaverde-bio.shop\/pl\/wp-json\/wp\/v2\/product_tag?post=14124"}],"curies":[{"name":"wp","href":"https:\/\/api.w.org\/{rel}","templated":true}]}}