{"id":14123,"date":"2020-03-13T00:39:55","date_gmt":"2020-03-12T23:39:55","guid":{"rendered":"https:\/\/macchiaverde-bio.shop\/produkt\/ekologiczna-oliwa-z-oliwek-classic-butelki-4-x-750-ml\/"},"modified":"2025-02-25T18:28:41","modified_gmt":"2025-02-25T17:28:41","slug":"klasyczne-butelki-ekologicznej-oliwy-z-oliwek-6x-750-ml","status":"publish","type":"product","link":"https:\/\/macchiaverde-bio.shop\/pl\/produkt\/klasyczne-butelki-ekologicznej-oliwy-z-oliwek-6x-750-ml\/","title":{"rendered":"Ekologiczna oliwa z oliwek &#8211; Classic &#8211; Butelki 6 x 750 ml"},"content":{"rendered":"","protected":false},"excerpt":{"rendered":"<p><strong>\u2013 karton 6 x butelka 750ml \u2013<\/strong><br \/>\nClassic to zbilansowana, wysokiej jako\u015bci oliwa z oliwek z pierwszego t\u0142oczenia, b\u0119d\u0105ca mieszank\u0105 oliwek Coratina i Ogliarola. Ma z\u0142ocisto\u017c\u00f3\u0142ty z zielonymi refleksami, jest \u015brednio owocowy, tre\u015bciwy, z nutami migda\u0142\u00f3w i karczoch\u00f3w. Nadaje si\u0119 do szerokiej gamy potraw i mo\u017cna j\u0105 r\u00f3wnie\u017c nazwa\u0107 \u201eoliwym z oliwek na co dzie\u0144\u201d.<\/p>\n","protected":false},"featured_media":14462,"comment_status":"closed","ping_status":"closed","template":"","meta":[],"product_brand":[],"product_cat":[1272],"product_tag":[1275,1264,1301],"class_list":{"0":"post-14123","1":"product","2":"type-product","3":"status-publish","4":"has-post-thumbnail","6":"product_cat-butelki-na-oliwe-z-oliwek","7":"product_tag-oferta","8":"product_tag-owocowy","9":"product_tag-pelnowartosciowy","11":"first","12":"instock","13":"taxable","14":"shipping-taxable","15":"purchasable","16":"product-type-simple"},"_links":{"self":[{"href":"https:\/\/macchiaverde-bio.shop\/pl\/wp-json\/wp\/v2\/product\/14123","targetHints":{"allow":["GET"]}}],"collection":[{"href":"https:\/\/macchiaverde-bio.shop\/pl\/wp-json\/wp\/v2\/product"}],"about":[{"href":"https:\/\/macchiaverde-bio.shop\/pl\/wp-json\/wp\/v2\/types\/product"}],"replies":[{"embeddable":true,"href":"https:\/\/macchiaverde-bio.shop\/pl\/wp-json\/wp\/v2\/comments?post=14123"}],"wp:featuredmedia":[{"embeddable":true,"href":"https:\/\/macchiaverde-bio.shop\/pl\/wp-json\/wp\/v2\/media\/14462"}],"wp:attachment":[{"href":"https:\/\/macchiaverde-bio.shop\/pl\/wp-json\/wp\/v2\/media?parent=14123"}],"wp:term":[{"taxonomy":"product_brand","embeddable":true,"href":"https:\/\/macchiaverde-bio.shop\/pl\/wp-json\/wp\/v2\/product_brand?post=14123"},{"taxonomy":"product_cat","embeddable":true,"href":"https:\/\/macchiaverde-bio.shop\/pl\/wp-json\/wp\/v2\/product_cat?post=14123"},{"taxonomy":"product_tag","embeddable":true,"href":"https:\/\/macchiaverde-bio.shop\/pl\/wp-json\/wp\/v2\/product_tag?post=14123"}],"curies":[{"name":"wp","href":"https:\/\/api.w.org\/{rel}","templated":true}]}}