{"id":14121,"date":"2020-03-13T00:49:11","date_gmt":"2020-03-12T23:49:11","guid":{"rendered":"https:\/\/macchiaverde-bio.shop\/produkt\/ekologiczna-oliwa-z-oliwek-lo-smeraldo-butelki-6-x-500-ml\/"},"modified":"2025-02-25T18:26:59","modified_gmt":"2025-02-25T17:26:59","slug":"ekologiczna-oliwa-z-oliwek-lo-smeraldo-butelki-6-x-500-ml","status":"publish","type":"product","link":"https:\/\/macchiaverde-bio.shop\/pl\/produkt\/ekologiczna-oliwa-z-oliwek-lo-smeraldo-butelki-6-x-500-ml\/","title":{"rendered":"Ekologiczna Oliwa Z Oliwek &#8211; Lo Smeraldo &#8211; Butelki 6 x 500 ml"},"content":{"rendered":"","protected":false},"excerpt":{"rendered":"<p>OLIWA Z OLIWEK Z PIERWSZEGO T\u0141OCZENIA<br \/>\n&#8211; T\u0141OCZONY NA ZIMNO &#8211;<br \/>\n<strong>&#8211; karton z 6 butelkami &#8211;<\/strong><\/p>\n<p>Smeraldo to bogata, pe\u0142na, najwy\u017cszej jako\u015bci zielona oliwa z oliwek, t\u0142oczona w 100% z oliwek Coratina. Rok po roku bra\u0142a udzia\u0142 we wszystkich konkursach krajowych i mi\u0119dzynarodowych i jest jednym z czo\u0142owych mi\u0119dzynarodowych producent\u00f3w. Dzi\u0119ki zastosowaniu wy\u0142\u0105cznie <strong>oliwek Coratina,<\/strong> Smeraldo charakteryzuje si\u0119 <strong>bardzo wysok\u0105 zawarto\u015bci\u0105 polifenoli<\/strong> . Przede wszystkim wysoka zawarto\u015b\u0107 polifenoli nadaje olejowi Coratina intensywny, owocowy i \u015bwie\u017cy smak. Zapach oliwek jest wyra\u017any i niepowtarzalny, na podniebieniu wyczuwalne s\u0105 nuty surowych owoc\u00f3w i nuta \u015bwie\u017cych zielonych migda\u0142\u00f3w.<\/p>\n<p>Smeraldo jest idealne do <strong>pizzy<\/strong> i pierwszych da\u0144, focacci, <strong>stek\u00f3w i da\u0144 z grilla<\/strong> . Jest to r\u00f3wnie\u017c idealna oliwa z oliwek do <strong>przygotowywania marynat<\/strong> i przypraw do grilla, poniewa\u017c wysoka zawarto\u015b\u0107 polifenoli sprawia, \u017ce wnika ona g\u0142\u0119boko w mi\u0119so i przenosi jego smak.<\/p>\n","protected":false},"featured_media":14057,"comment_status":"open","ping_status":"closed","template":"","meta":[],"product_brand":[],"product_cat":[1272,1261],"product_tag":[1274,1275,1263,1264],"class_list":{"0":"post-14121","1":"product","2":"type-product","3":"status-publish","4":"has-post-thumbnail","6":"product_cat-butelki-na-oliwe-z-oliwek","7":"product_cat-specjalne-oferty","8":"product_tag-intensywny","9":"product_tag-oferta","10":"product_tag-olivenoel-pl","11":"product_tag-owocowy","12":"product_shipping_class-speditions-kosten-pl","14":"first","15":"instock","16":"taxable","17":"shipping-taxable","18":"purchasable","19":"product-type-simple"},"_links":{"self":[{"href":"https:\/\/macchiaverde-bio.shop\/pl\/wp-json\/wp\/v2\/product\/14121","targetHints":{"allow":["GET"]}}],"collection":[{"href":"https:\/\/macchiaverde-bio.shop\/pl\/wp-json\/wp\/v2\/product"}],"about":[{"href":"https:\/\/macchiaverde-bio.shop\/pl\/wp-json\/wp\/v2\/types\/product"}],"replies":[{"embeddable":true,"href":"https:\/\/macchiaverde-bio.shop\/pl\/wp-json\/wp\/v2\/comments?post=14121"}],"wp:featuredmedia":[{"embeddable":true,"href":"https:\/\/macchiaverde-bio.shop\/pl\/wp-json\/wp\/v2\/media\/14057"}],"wp:attachment":[{"href":"https:\/\/macchiaverde-bio.shop\/pl\/wp-json\/wp\/v2\/media?parent=14121"}],"wp:term":[{"taxonomy":"product_brand","embeddable":true,"href":"https:\/\/macchiaverde-bio.shop\/pl\/wp-json\/wp\/v2\/product_brand?post=14121"},{"taxonomy":"product_cat","embeddable":true,"href":"https:\/\/macchiaverde-bio.shop\/pl\/wp-json\/wp\/v2\/product_cat?post=14121"},{"taxonomy":"product_tag","embeddable":true,"href":"https:\/\/macchiaverde-bio.shop\/pl\/wp-json\/wp\/v2\/product_tag?post=14121"}],"curies":[{"name":"wp","href":"https:\/\/api.w.org\/{rel}","templated":true}]}}