{"id":14119,"date":"2020-03-16T00:31:53","date_gmt":"2020-03-15T23:31:53","guid":{"rendered":"https:\/\/macchiaverde-bio.shop\/produkt\/organiczna-oliwa-z-oliwek-leliodoro-bag-in-box-2-x-5-l\/"},"modified":"2024-06-22T12:06:25","modified_gmt":"2024-06-22T10:06:25","slug":"bio-oliwka-eliodoro-torba-w-pudle-2-x-5-l","status":"publish","type":"product","link":"https:\/\/macchiaverde-bio.shop\/pl\/produkt\/bio-oliwka-eliodoro-torba-w-pudle-2-x-5-l\/","title":{"rendered":"Organiczna Oliwa Z Oliwek &#8211; L&#8217;Eliodoro &#8211; Bag In Box 2 x 5 L"},"content":{"rendered":"","protected":false},"excerpt":{"rendered":"<p>&#8211; <strong>2 x 5-litrowe sacchetto w scatoli &#8211;<\/strong><br \/>\nEliodoro to z\u0142ocista oliwa z oliwek o doskona\u0142ej r\u00f3wnowadze wysokiej jako\u015bci, zawieraj\u0105ca 70% oliwy Coratina i 30% oliwy z oliwek Ogliarola. Jest to nagroda w konkursach krajowych i mi\u0119dzynarodowych za wszystkie srebrne medale w kategorii \u201eFruttato \u015brednie\u201d, z maksymaln\u0105 zawarto\u015bci\u0105 714 mg\/kg polifenoli i jest jednym z lider\u00f3w tej kategorii. W praktycznym opakowaniu \u201ebag in box\u201d olejek z olejku jest codziennie dost\u0119pny na koniec dnia.<\/p>\n","protected":false},"featured_media":14018,"comment_status":"open","ping_status":"closed","template":"","meta":[],"product_brand":[],"product_cat":[1260,1261],"product_tag":[1274,1275,1263,1264],"class_list":{"0":"post-14119","1":"product","2":"type-product","3":"status-publish","4":"has-post-thumbnail","6":"product_cat-oliwe-z-oliwek-bag-in-box","7":"product_cat-specjalne-oferty","8":"product_tag-intensywny","9":"product_tag-oferta","10":"product_tag-olivenoel-pl","11":"product_tag-owocowy","13":"first","14":"instock","15":"taxable","16":"shipping-taxable","17":"purchasable","18":"product-type-simple"},"_links":{"self":[{"href":"https:\/\/macchiaverde-bio.shop\/pl\/wp-json\/wp\/v2\/product\/14119","targetHints":{"allow":["GET"]}}],"collection":[{"href":"https:\/\/macchiaverde-bio.shop\/pl\/wp-json\/wp\/v2\/product"}],"about":[{"href":"https:\/\/macchiaverde-bio.shop\/pl\/wp-json\/wp\/v2\/types\/product"}],"replies":[{"embeddable":true,"href":"https:\/\/macchiaverde-bio.shop\/pl\/wp-json\/wp\/v2\/comments?post=14119"}],"wp:featuredmedia":[{"embeddable":true,"href":"https:\/\/macchiaverde-bio.shop\/pl\/wp-json\/wp\/v2\/media\/14018"}],"wp:attachment":[{"href":"https:\/\/macchiaverde-bio.shop\/pl\/wp-json\/wp\/v2\/media?parent=14119"}],"wp:term":[{"taxonomy":"product_brand","embeddable":true,"href":"https:\/\/macchiaverde-bio.shop\/pl\/wp-json\/wp\/v2\/product_brand?post=14119"},{"taxonomy":"product_cat","embeddable":true,"href":"https:\/\/macchiaverde-bio.shop\/pl\/wp-json\/wp\/v2\/product_cat?post=14119"},{"taxonomy":"product_tag","embeddable":true,"href":"https:\/\/macchiaverde-bio.shop\/pl\/wp-json\/wp\/v2\/product_tag?post=14119"}],"curies":[{"name":"wp","href":"https:\/\/api.w.org\/{rel}","templated":true}]}}