{"id":14118,"date":"2020-03-16T01:32:16","date_gmt":"2020-03-16T00:32:16","guid":{"rendered":"https:\/\/macchiaverde-bio.shop\/produkt\/organiczna-oliwa-z-oliwek-lo-smeraldo-worek-w-pudelku-2-x-5-l\/"},"modified":"2024-06-22T12:06:17","modified_gmt":"2024-06-22T10:06:17","slug":"organic-oliwa-lo-smeraldo-torba-w-pudelku-2-x-5-l","status":"publish","type":"product","link":"https:\/\/macchiaverde-bio.shop\/pl\/produkt\/organic-oliwa-lo-smeraldo-torba-w-pudelku-2-x-5-l\/","title":{"rendered":"Organiczna Oliwa Z Oliwek &#8211; Lo Smeraldo &#8211; Worek w Pude\u0142ku 2 x 5 L"},"content":{"rendered":"","protected":false},"excerpt":{"rendered":"<p>&#8211; <strong>2 BaginBox da 5 litr\u00f3w w kartonie<\/strong> &#8211;<br \/>\nSmeraldo to genialna zielona oliwka o wysokiej jako\u015bci korpusie, wykonana w 100% z oliwki Coratina. W zesz\u0142ym roku brali\u015bmy udzia\u0142 zar\u00f3wno w konkursach krajowych, jak i mi\u0119dzynarodowych, zdobywaj\u0105c srebrny i platynowy medal w kategorii \u201eFruit Intense\u201d, z maksymalnie <strong>1246 mg<\/strong> \/kg polifenoli, z maksymalnie 5-6 oliw\u0105 z oliwek. W praktycznym opakowaniu \u201eBag in Box\u201d oliwa z oliwek jest \u015bwie\u017ca od pierwszego dnia roku.<\/p>\n","protected":false},"featured_media":14027,"comment_status":"closed","ping_status":"closed","template":"","meta":[],"product_brand":[],"product_cat":[1260,1261],"product_tag":[1274,1275,1263,1264],"class_list":{"0":"post-14118","1":"product","2":"type-product","3":"status-publish","4":"has-post-thumbnail","6":"product_cat-oliwe-z-oliwek-bag-in-box","7":"product_cat-specjalne-oferty","8":"product_tag-intensywny","9":"product_tag-oferta","10":"product_tag-olivenoel-pl","11":"product_tag-owocowy","12":"product_shipping_class-speditions-kosten-pl","14":"first","15":"instock","16":"taxable","17":"shipping-taxable","18":"purchasable","19":"product-type-simple"},"_links":{"self":[{"href":"https:\/\/macchiaverde-bio.shop\/pl\/wp-json\/wp\/v2\/product\/14118","targetHints":{"allow":["GET"]}}],"collection":[{"href":"https:\/\/macchiaverde-bio.shop\/pl\/wp-json\/wp\/v2\/product"}],"about":[{"href":"https:\/\/macchiaverde-bio.shop\/pl\/wp-json\/wp\/v2\/types\/product"}],"replies":[{"embeddable":true,"href":"https:\/\/macchiaverde-bio.shop\/pl\/wp-json\/wp\/v2\/comments?post=14118"}],"wp:featuredmedia":[{"embeddable":true,"href":"https:\/\/macchiaverde-bio.shop\/pl\/wp-json\/wp\/v2\/media\/14027"}],"wp:attachment":[{"href":"https:\/\/macchiaverde-bio.shop\/pl\/wp-json\/wp\/v2\/media?parent=14118"}],"wp:term":[{"taxonomy":"product_brand","embeddable":true,"href":"https:\/\/macchiaverde-bio.shop\/pl\/wp-json\/wp\/v2\/product_brand?post=14118"},{"taxonomy":"product_cat","embeddable":true,"href":"https:\/\/macchiaverde-bio.shop\/pl\/wp-json\/wp\/v2\/product_cat?post=14118"},{"taxonomy":"product_tag","embeddable":true,"href":"https:\/\/macchiaverde-bio.shop\/pl\/wp-json\/wp\/v2\/product_tag?post=14118"}],"curies":[{"name":"wp","href":"https:\/\/api.w.org\/{rel}","templated":true}]}}