{"id":14117,"date":"2020-03-16T01:48:54","date_gmt":"2020-03-16T00:48:54","guid":{"rendered":"https:\/\/macchiaverde-bio.shop\/produkt\/ekologiczna-oliwa-z-oliwek-leliodoro-butelki-6-x-500-ml\/"},"modified":"2024-06-22T12:06:09","modified_gmt":"2024-06-22T10:06:09","slug":"organiczne-butelki-leliodoro-z-oliwa-z-oliwek-6-x-500-ml","status":"publish","type":"product","link":"https:\/\/macchiaverde-bio.shop\/pl\/produkt\/organiczne-butelki-leliodoro-z-oliwa-z-oliwek-6-x-500-ml\/","title":{"rendered":"Ekologiczna Oliwa Z Oliwek &#8211; L&#8217;Eliodoro &#8211; Butelki 6 x 500 ml"},"content":{"rendered":"","protected":false},"excerpt":{"rendered":"<p>OLIWA Z OLIWEK Z PIERWSZEGO T\u0141OCZENIA<br \/>\n&#8211; T\u0141OCZONY NA ZIMNO &#8211;<br \/>\n<strong>&#8211; karton z 6 butelkami &#8211;<\/strong><br \/>\nL&#8217;Eliodoro to zr\u00f3wnowa\u017cona, z\u0142ocisto\u017c\u00f3\u0142ta oliwa z oliwek najwy\u017cszej jako\u015bci, otrzymywana z 70% oliwek Coratina i 30% oliwek Ogliarola. Jest zdobywc\u0105 nagr\u00f3d na konkursach krajowych i mi\u0119dzynarodowych, w tym srebrnym medalem w kategorii \u201eMedium Fruity\u201d, a tak\u017ce jednym z najlepszych w swojej kategorii z zawarto\u015bci\u0105 polifenoli 714 mg\/kg.<\/p>\n","protected":false},"featured_media":14063,"comment_status":"closed","ping_status":"closed","template":"","meta":[],"product_brand":[],"product_cat":[1272,1261],"product_tag":[1274,1263,1264],"class_list":{"0":"post-14117","1":"product","2":"type-product","3":"status-publish","4":"has-post-thumbnail","6":"product_cat-butelki-na-oliwe-z-oliwek","7":"product_cat-specjalne-oferty","8":"product_tag-intensywny","9":"product_tag-olivenoel-pl","10":"product_tag-owocowy","12":"first","13":"instock","14":"taxable","15":"shipping-taxable","16":"purchasable","17":"product-type-simple"},"_links":{"self":[{"href":"https:\/\/macchiaverde-bio.shop\/pl\/wp-json\/wp\/v2\/product\/14117","targetHints":{"allow":["GET"]}}],"collection":[{"href":"https:\/\/macchiaverde-bio.shop\/pl\/wp-json\/wp\/v2\/product"}],"about":[{"href":"https:\/\/macchiaverde-bio.shop\/pl\/wp-json\/wp\/v2\/types\/product"}],"replies":[{"embeddable":true,"href":"https:\/\/macchiaverde-bio.shop\/pl\/wp-json\/wp\/v2\/comments?post=14117"}],"wp:featuredmedia":[{"embeddable":true,"href":"https:\/\/macchiaverde-bio.shop\/pl\/wp-json\/wp\/v2\/media\/14063"}],"wp:attachment":[{"href":"https:\/\/macchiaverde-bio.shop\/pl\/wp-json\/wp\/v2\/media?parent=14117"}],"wp:term":[{"taxonomy":"product_brand","embeddable":true,"href":"https:\/\/macchiaverde-bio.shop\/pl\/wp-json\/wp\/v2\/product_brand?post=14117"},{"taxonomy":"product_cat","embeddable":true,"href":"https:\/\/macchiaverde-bio.shop\/pl\/wp-json\/wp\/v2\/product_cat?post=14117"},{"taxonomy":"product_tag","embeddable":true,"href":"https:\/\/macchiaverde-bio.shop\/pl\/wp-json\/wp\/v2\/product_tag?post=14117"}],"curies":[{"name":"wp","href":"https:\/\/api.w.org\/{rel}","templated":true}]}}