{"id":14114,"date":"2020-04-05T04:05:37","date_gmt":"2020-04-05T02:05:37","guid":{"rendered":"https:\/\/macchiaverde-bio.shop\/produkt\/pudelko-na-oliwe-z-oliwek-1\/"},"modified":"2024-06-22T12:06:00","modified_gmt":"2024-06-22T10:06:00","slug":"pudelko-na-oliwe-z-oliwek-1","status":"publish","type":"product","link":"https:\/\/macchiaverde-bio.shop\/pl\/produkt\/pudelko-na-oliwe-z-oliwek-1\/","title":{"rendered":"Pude\u0142ko na oliw\u0119 z oliwek 1"},"content":{"rendered":"","protected":false},"excerpt":{"rendered":"<p><strong>&#8211; Pakiet upominkowy z oliw\u0105 z oliwek &#8211;<\/strong><br \/>\nTen zestaw upominkowy dla smakoszy to hit w\u015br\u00f3d prezent\u00f3w dla wymagaj\u0105cych.<\/p>\n<p>Zawiera:<br \/>\nButelka 500 ml Smeraldo, bogatego, pe\u0142nego, zielonego oleju najwy\u017cszej jako\u015bci, t\u0142oczonego w 100% z oliwek Coratina. Z roku na rok bierze udzia\u0142 we wszystkich krajowych i mi\u0119dzynarodowych konkursach, zdobywaj\u0105c z\u0142ote medale w kategorii \u201eFull Fruit\u201d i znajduje si\u0119 w czo\u0142\u00f3wce mi\u0119dzynarodowej produkcji oliwy z oliwek z polifenolami na poziomie 1081 mg\/kg (zbiory 2021\/2022).<\/p>\n<p>migda\u0142y Filippo Cea, kr\u00f3l migda\u0142\u00f3w pod wzgl\u0119dem smaku i sk\u0142adu (dzi\u0119ki zawarto\u015bci wapnia, magnezu, potasu oraz witaminy E i B),<\/p>\n<p>i nasze gigantyczne oliwki faszerowane solank\u0105 w naszej oliwie z oliwek.<\/p>\n","protected":false},"featured_media":13895,"comment_status":"open","ping_status":"closed","template":"","meta":[],"product_brand":[],"product_cat":[1272,1273],"product_tag":[1274,1275,1263,1264],"class_list":{"0":"post-14114","1":"product","2":"type-product","3":"status-publish","4":"has-post-thumbnail","6":"product_cat-butelki-na-oliwe-z-oliwek","7":"product_cat-pudelka-na-prezenty","8":"product_tag-intensywny","9":"product_tag-oferta","10":"product_tag-olivenoel-pl","11":"product_tag-owocowy","13":"first","14":"instock","15":"taxable","16":"shipping-taxable","17":"purchasable","18":"product-type-simple"},"_links":{"self":[{"href":"https:\/\/macchiaverde-bio.shop\/pl\/wp-json\/wp\/v2\/product\/14114","targetHints":{"allow":["GET"]}}],"collection":[{"href":"https:\/\/macchiaverde-bio.shop\/pl\/wp-json\/wp\/v2\/product"}],"about":[{"href":"https:\/\/macchiaverde-bio.shop\/pl\/wp-json\/wp\/v2\/types\/product"}],"replies":[{"embeddable":true,"href":"https:\/\/macchiaverde-bio.shop\/pl\/wp-json\/wp\/v2\/comments?post=14114"}],"wp:featuredmedia":[{"embeddable":true,"href":"https:\/\/macchiaverde-bio.shop\/pl\/wp-json\/wp\/v2\/media\/13895"}],"wp:attachment":[{"href":"https:\/\/macchiaverde-bio.shop\/pl\/wp-json\/wp\/v2\/media?parent=14114"}],"wp:term":[{"taxonomy":"product_brand","embeddable":true,"href":"https:\/\/macchiaverde-bio.shop\/pl\/wp-json\/wp\/v2\/product_brand?post=14114"},{"taxonomy":"product_cat","embeddable":true,"href":"https:\/\/macchiaverde-bio.shop\/pl\/wp-json\/wp\/v2\/product_cat?post=14114"},{"taxonomy":"product_tag","embeddable":true,"href":"https:\/\/macchiaverde-bio.shop\/pl\/wp-json\/wp\/v2\/product_tag?post=14114"}],"curies":[{"name":"wp","href":"https:\/\/api.w.org\/{rel}","templated":true}]}}