{"id":14113,"date":"2020-04-05T04:36:31","date_gmt":"2020-04-05T02:36:31","guid":{"rendered":"https:\/\/macchiaverde-bio.shop\/produkt\/pudelko-na-oliwe-z-oliwek-2\/"},"modified":"2024-06-22T12:05:44","modified_gmt":"2024-06-22T10:05:44","slug":"pudelko-na-oliwe-z-oliwek-2","status":"publish","type":"product","link":"https:\/\/macchiaverde-bio.shop\/pl\/produkt\/pudelko-na-oliwe-z-oliwek-2\/","title":{"rendered":"Pude\u0142ko na oliw\u0119 z oliwek 2"},"content":{"rendered":"","protected":false},"excerpt":{"rendered":"<p><strong>&#8211; Pakiet upominkowy oliwa z oliwek &#8211;<\/strong><br \/>\nTo pude\u0142ko upominkowe dla smakoszy b\u0119dzie hitem, je\u015bli podarujesz je wymagaj\u0105cym osobom.<\/p>\n<p>Zawiera dwie butelki o pojemno\u015bci 500 ml:<br \/>\n1 x Smeraldo, bogaty, pe\u0142ny, zielony olejek najwy\u017cszej jako\u015bci<br \/>\njest t\u0142oczony ze 100% oliwek Coratina. Z roku na rok bierze udzia\u0142 we wszystkich konkursach krajowych i mi\u0119dzynarodowych, zdobywaj\u0105c z\u0142oty medal w kategorii \u201epe\u0142noowocowe\u201d. Ze swoimi 710 mg\/kg polifenoli (zbiory 2019\/2020) znajduje si\u0119 na szczycie \u015bwiatowej produkcji ropy.<br \/>\n1x Eliodoro, zr\u00f3wnowa\u017cony z\u0142oto\u017c\u00f3\u0142ty olejek najwy\u017cszej jako\u015bci<br \/>\notrzymywana jest z 70% oliwek Coratina i 30% Ogliarola. Bra\u0142a udzia\u0142 we wszystkich konkursach krajowych i mi\u0119dzynarodowych, zdobywaj\u0105c srebrne medale w kategorii \u201e\u015brednio-owocowe\u201d.<\/p>\n","protected":false},"featured_media":13901,"comment_status":"open","ping_status":"closed","template":"","meta":[],"product_brand":[],"product_cat":[1272,1273],"product_tag":[1274,1275,1263,1264],"class_list":{"0":"post-14113","1":"product","2":"type-product","3":"status-publish","4":"has-post-thumbnail","6":"product_cat-butelki-na-oliwe-z-oliwek","7":"product_cat-pudelka-na-prezenty","8":"product_tag-intensywny","9":"product_tag-oferta","10":"product_tag-olivenoel-pl","11":"product_tag-owocowy","13":"first","14":"instock","15":"taxable","16":"shipping-taxable","17":"purchasable","18":"product-type-simple"},"_links":{"self":[{"href":"https:\/\/macchiaverde-bio.shop\/pl\/wp-json\/wp\/v2\/product\/14113","targetHints":{"allow":["GET"]}}],"collection":[{"href":"https:\/\/macchiaverde-bio.shop\/pl\/wp-json\/wp\/v2\/product"}],"about":[{"href":"https:\/\/macchiaverde-bio.shop\/pl\/wp-json\/wp\/v2\/types\/product"}],"replies":[{"embeddable":true,"href":"https:\/\/macchiaverde-bio.shop\/pl\/wp-json\/wp\/v2\/comments?post=14113"}],"wp:featuredmedia":[{"embeddable":true,"href":"https:\/\/macchiaverde-bio.shop\/pl\/wp-json\/wp\/v2\/media\/13901"}],"wp:attachment":[{"href":"https:\/\/macchiaverde-bio.shop\/pl\/wp-json\/wp\/v2\/media?parent=14113"}],"wp:term":[{"taxonomy":"product_brand","embeddable":true,"href":"https:\/\/macchiaverde-bio.shop\/pl\/wp-json\/wp\/v2\/product_brand?post=14113"},{"taxonomy":"product_cat","embeddable":true,"href":"https:\/\/macchiaverde-bio.shop\/pl\/wp-json\/wp\/v2\/product_cat?post=14113"},{"taxonomy":"product_tag","embeddable":true,"href":"https:\/\/macchiaverde-bio.shop\/pl\/wp-json\/wp\/v2\/product_tag?post=14113"}],"curies":[{"name":"wp","href":"https:\/\/api.w.org\/{rel}","templated":true}]}}