{"id":14111,"date":"2020-04-29T00:57:50","date_gmt":"2020-04-28T22:57:50","guid":{"rendered":"https:\/\/macchiaverde-bio.shop\/produkt\/organiczna-oliwa-z-oliwek-lo-smeraldo-leliodoro-worek-w-pudelku-2-x-5-l\/"},"modified":"2024-06-22T12:05:36","modified_gmt":"2024-06-22T10:05:36","slug":"ekologiczna-oliwa-z-oliwek-lo-smeraldo-leliodoro-torebka-w-pudelku-2-x-5-l","status":"publish","type":"product","link":"https:\/\/macchiaverde-bio.shop\/pl\/produkt\/ekologiczna-oliwa-z-oliwek-lo-smeraldo-leliodoro-torebka-w-pudelku-2-x-5-l\/","title":{"rendered":"Organiczna Oliwa Z Oliwek &#8211; Lo Smeraldo + L&#8217;Eliodoro &#8211; Worek w Pude\u0142ku 2 x 5 L"},"content":{"rendered":"","protected":false},"excerpt":{"rendered":"<p><strong>Organiczna oliwa z oliwek: Smeraldo + Eliodoro &#8211; 2 x 5-litrowa torebka w pude\u0142ku &#8211;<\/strong><\/p>\n<p>Lo Smeraldo to wysokiej jako\u015bci, bogaty i pe\u0142ny zielony olej t\u0142oczony w 100% z oliwek Coratina. Rok po roku bra\u0142a udzia\u0142 we wszystkich konkursach krajowych i mi\u0119dzynarodowych i zosta\u0142a kilkakrotnie nagrodzona platyn\u0105 w kategorii \u201epe\u0142ne owocowe\u201d. Dzi\u0119ki zawarto\u015bci polifenoli <strong>wynosz\u0105cej 1246 mg\/kg<\/strong> jest to jedna z wiod\u0105cych mi\u0119dzynarodowych oliw z oliwek. Eliodoro to zr\u00f3wnowa\u017cona, z\u0142oto\u017c\u00f3\u0142ta oliwa najwy\u017cszej jako\u015bci, wytwarzana w 70% z oliwek Coratina i w 30% z oliwek Ogliarola. Zdobywa\u0142a srebrne medale w kategorii \u201e\u015brednio owocowe\u201d na konkursach krajowych i mi\u0119dzynarodowych i plasuje si\u0119 w czo\u0142\u00f3wce tej kategorii z 714 mg\/kg polifenoli.<\/p>\n","protected":false},"featured_media":14021,"comment_status":"closed","ping_status":"closed","template":"","meta":[],"product_brand":[],"product_cat":[1260,1261],"product_tag":[1263,1264],"class_list":{"0":"post-14111","1":"product","2":"type-product","3":"status-publish","4":"has-post-thumbnail","6":"product_cat-oliwe-z-oliwek-bag-in-box","7":"product_cat-specjalne-oferty","8":"product_tag-olivenoel-pl","9":"product_tag-owocowy","11":"first","12":"instock","13":"taxable","14":"shipping-taxable","15":"purchasable","16":"product-type-simple"},"_links":{"self":[{"href":"https:\/\/macchiaverde-bio.shop\/pl\/wp-json\/wp\/v2\/product\/14111","targetHints":{"allow":["GET"]}}],"collection":[{"href":"https:\/\/macchiaverde-bio.shop\/pl\/wp-json\/wp\/v2\/product"}],"about":[{"href":"https:\/\/macchiaverde-bio.shop\/pl\/wp-json\/wp\/v2\/types\/product"}],"replies":[{"embeddable":true,"href":"https:\/\/macchiaverde-bio.shop\/pl\/wp-json\/wp\/v2\/comments?post=14111"}],"wp:featuredmedia":[{"embeddable":true,"href":"https:\/\/macchiaverde-bio.shop\/pl\/wp-json\/wp\/v2\/media\/14021"}],"wp:attachment":[{"href":"https:\/\/macchiaverde-bio.shop\/pl\/wp-json\/wp\/v2\/media?parent=14111"}],"wp:term":[{"taxonomy":"product_brand","embeddable":true,"href":"https:\/\/macchiaverde-bio.shop\/pl\/wp-json\/wp\/v2\/product_brand?post=14111"},{"taxonomy":"product_cat","embeddable":true,"href":"https:\/\/macchiaverde-bio.shop\/pl\/wp-json\/wp\/v2\/product_cat?post=14111"},{"taxonomy":"product_tag","embeddable":true,"href":"https:\/\/macchiaverde-bio.shop\/pl\/wp-json\/wp\/v2\/product_tag?post=14111"}],"curies":[{"name":"wp","href":"https:\/\/api.w.org\/{rel}","templated":true}]}}