{"id":14244,"date":"2021-12-22T11:53:59","date_gmt":"2021-12-22T10:53:59","guid":{"rendered":"https:\/\/macchiaverde-bio.shop\/polityka-zwrotow-i-zwrotow\/"},"modified":"2022-06-30T13:52:33","modified_gmt":"2022-06-30T11:52:33","slug":"polityka-zwrotow-i-zwrotow","status":"publish","type":"page","link":"https:\/\/macchiaverde-bio.shop\/pl\/polityka-zwrotow-i-zwrotow\/","title":{"rendered":"Polityka zwrot\u00f3w i zwrot\u00f3w"},"content":{"rendered":"\n<p><b>To jest przyk\u0142adowa strona.<\/b><\/p>\n\n<p><\/p><h3>Overview<\/h3>\n\n<p>Nasza polityka zwrot\u00f3w i zwrot\u00f3w trwa 30 dni. Je\u015bli od zakupu min\u0119\u0142o 30 dni, nie mo\u017cemy zaoferowa\u0107 pe\u0142nego zwrotu pieni\u0119dzy ani wymiany.<\/p>\n\n<p>Aby kwalifikowa\u0107 si\u0119 do zwrotu, przedmiot musi by\u0107 nieu\u017cywany i by\u0107 w takim samym stanie, w jakim go otrzyma\u0142e\u015b. Musi by\u0107 r\u00f3wnie\u017c w oryginalnym opakowaniu.<\/p>\n\n<p>Kilka rodzaj\u00f3w towar\u00f3w jest zwolnionych ze zwrotu. Towary \u0142atwo psuj\u0105ce si\u0119, takie jak \u017cywno\u015b\u0107, kwiaty, gazety lub czasopisma, nie podlegaj\u0105 zwrotowi. Nie przyjmujemy r\u00f3wnie\u017c produkt\u00f3w, kt\u00f3re s\u0105 artyku\u0142ami intymnymi lub sanitarnymi, materia\u0142ami niebezpiecznymi lub \u0142atwopalnymi cieczami lub gazami.<\/p>\n\n<p>Dodatkowe elementy bezzwrotne:<\/p>\n\n<ul class=\"wp-block-list\"><li>Karty podarunkowe<\/li><li>Oprogramowanie do pobrania<\/li><li>Niekt\u00f3re artyku\u0142y do zdrowia i higieny osobistej<\/li><\/ul>\n\n<p>Aby dokona\u0107 zwrotu, potrzebujemy paragonu lub dowodu zakupu.<\/p>\n\n<p>Prosimy nie odsy\u0142a\u0107 zakupu do producenta.<\/p>\n\n<p>Istniej\u0105 pewne sytuacje, w kt\u00f3rych przyznawane s\u0105 tylko cz\u0119\u015bciowe zwroty:<\/p>\n\n<ul class=\"wp-block-list\"><li>Ksi\u0105\u017cka z oczywistymi \u015bladami u\u017cytkowania<\/li><li>Dysk CD, DVD, ta\u015bma VHS, oprogramowanie, gra wideo, kaseta magnetofonowa lub p\u0142yta winylowa, kt\u00f3ra zosta\u0142a otwarta.<\/li><li>Ka\u017cdy przedmiot, kt\u00f3ry nie jest w oryginalnym stanie, jest uszkodzony lub brakuje cz\u0119\u015bci z powod\u00f3w nie wynikaj\u0105cych z naszego b\u0142\u0119du.<\/li><li>Ka\u017cdy przedmiot, kt\u00f3ry zostanie zwr\u00f3cony po up\u0142ywie 30 dni od dostawy<\/li><\/ul>\n\n<p><\/p><h2>Refunds<\/h2>\n\n<p>Po otrzymaniu i sprawdzeniu Twojego zwrotu wy\u015blemy Ci wiadomo\u015b\u0107 e-mail z powiadomieniem, \u017ce otrzymali\u015bmy zwr\u00f3cony przedmiot. Powiadomimy Ci\u0119 r\u00f3wnie\u017c o zatwierdzeniu lub odrzuceniu zwrotu.<\/p>\n\n<p>Je\u015bli zostaniesz zatwierdzony, Tw\u00f3j zwrot zostanie przetworzony, a kredyt zostanie automatycznie zastosowany do Twojej karty kredytowej lub oryginalnej metody p\u0142atno\u015bci, w ci\u0105gu okre\u015blonej liczby dni.<\/p>\n\n<p><b>Sp\u00f3\u017anione lub nieodebrane zwroty<\/b><\/p>\n\n<p>Je\u015bli jeszcze nie otrzyma\u0142e\u015b zwrotu, najpierw sprawd\u017a ponownie swoje konto bankowe.<\/p>\n\n<p>Nast\u0119pnie skontaktuj si\u0119 z wystawc\u0105 karty kredytowej. Oficjalne zaksi\u0119gowanie zwrotu mo\u017ce troch\u0119 potrwa\u0107.<\/p>\n\n<p>Nast\u0119pnie skontaktuj si\u0119 ze swoim bankiem. Cz\u0119sto jest troch\u0119 czasu na przetwarzanie, zanim zostanie zaksi\u0119gowany zwrot pieni\u0119dzy.<\/p>\n\n<p>Je\u015bli po wykonaniu tych czynno\u015bci nadal nie otrzyma\u0142e\u015b zwrotu, skontaktuj si\u0119 z nami pod adresem {adres e-mail}.<\/p>\n\n<p><b>Wyprzeda\u017c przedmiot\u00f3w<\/b><\/p>\n\n<p>Zwrotowi podlegaj\u0105 tylko produkty o normalnej cenie. Przedmioty wyprzedane nie podlegaj\u0105 zwrotowi.<\/p>\n\n<p><\/p><h2>Exchanges<\/h2>\n\n<p>Wymieniamy tylko przedmioty, kt\u00f3re s\u0105 wadliwe lub uszkodzone. Je\u015bli chcesz wymieni\u0107 go na ten sam przedmiot, wy\u015blij nam e-mail na adres {adres e-mail} i wy\u015blij przedmiot na: {adres fizyczny}.<\/p>\n\n<p><\/p><h2>Gifts<\/h2>\n\n<p>Je\u015bli przedmiot zosta\u0142 oznaczony jako prezent przy zakupie i wys\u0142aniu bezpo\u015brednio do Ciebie, otrzymasz kredyt podarunkowy o warto\u015bci zwrotu. Po otrzymaniu zwr\u00f3conego przedmiotu bon podarunkowy zostanie wys\u0142any do Ciebie.<\/p>\n\n<p>Je\u015bli przedmiot nie zosta\u0142 oznaczony jako prezent w momencie zakupu lub dawca prezentu wys\u0142a\u0142 zam\u00f3wienie do siebie, aby przekaza\u0107 go p\u00f3\u017aniej, wy\u015blemy zwrot pieni\u0119dzy do dawcy prezentu, a on dowie si\u0119 o Twoim zwrocie.<\/p>\n\n<p><\/p><h2>Shipping returns<\/h2>\n\n<p>Aby zwr\u00f3ci\u0107 produkt, nale\u017cy wys\u0142a\u0107 go na adres: {adres fizyczny}.<\/p>\n\n<p>B\u0119dziesz odpowiedzialny za op\u0142acenie w\u0142asnych koszt\u00f3w wysy\u0142ki zwrotu przedmiotu. Koszty wysy\u0142ki nie podlegaj\u0105 zwrotowi. Je\u015bli otrzymasz zwrot pieni\u0119dzy, koszt przesy\u0142ki zwrotnej zostanie odj\u0119ty od Twojego zwrotu.<\/p>\n\n<p>W zale\u017cno\u015bci od miejsca zamieszkania, czas potrzebny na dotarcie do Ciebie wymienianego produktu mo\u017ce si\u0119 r\u00f3\u017cni\u0107.<\/p>\n\n<p>Je\u015bli zwracasz dro\u017csze produkty, mo\u017cesz rozwa\u017cy\u0107 skorzystanie z us\u0142ugi \u015bledzenia przesy\u0142ki lub wykupienie ubezpieczenia wysy\u0142ki. Nie gwarantujemy, \u017ce otrzymamy zwr\u00f3cony przedmiot.<\/p>\n\n<p><\/p><h2>Need help?<\/h2>\n\n<p>Skontaktuj si\u0119 z nami na{email} w przypadku pyta\u0144 dotycz\u0105cych zwrot\u00f3w i zwrot\u00f3w.<\/p>\n","protected":false},"excerpt":{"rendered":"<p>To jest przyk\u0142adowa strona. Overview Nasza polityka zwrot\u00f3w i zwrot\u00f3w trwa 30 dni. Je\u015bli od zakupu min\u0119\u0142o 30 dni, nie mo\u017cemy zaoferowa\u0107 pe\u0142nego zwrotu pieni\u0119dzy ani wymiany. Aby kwalifikowa\u0107 si\u0119 do zwrotu, przedmiot musi by\u0107 nieu\u017cywany i by\u0107 w takim samym stanie, w jakim go otrzyma\u0142e\u015b. Musi by\u0107 r\u00f3wnie\u017c w oryginalnym opakowaniu. Kilka rodzaj\u00f3w towar\u00f3w [&#8230;]\n","protected":false},"author":1,"featured_media":0,"parent":0,"menu_order":15,"comment_status":"closed","ping_status":"closed","template":"","meta":{"footnotes":""},"class_list":["post-14244","page","type-page","status-publish","hentry"],"_links":{"self":[{"href":"https:\/\/macchiaverde-bio.shop\/pl\/wp-json\/wp\/v2\/pages\/14244","targetHints":{"allow":["GET"]}}],"collection":[{"href":"https:\/\/macchiaverde-bio.shop\/pl\/wp-json\/wp\/v2\/pages"}],"about":[{"href":"https:\/\/macchiaverde-bio.shop\/pl\/wp-json\/wp\/v2\/types\/page"}],"author":[{"embeddable":true,"href":"https:\/\/macchiaverde-bio.shop\/pl\/wp-json\/wp\/v2\/users\/1"}],"replies":[{"embeddable":true,"href":"https:\/\/macchiaverde-bio.shop\/pl\/wp-json\/wp\/v2\/comments?post=14244"}],"version-history":[{"count":0,"href":"https:\/\/macchiaverde-bio.shop\/pl\/wp-json\/wp\/v2\/pages\/14244\/revisions"}],"wp:attachment":[{"href":"https:\/\/macchiaverde-bio.shop\/pl\/wp-json\/wp\/v2\/media?parent=14244"}],"curies":[{"name":"wp","href":"https:\/\/api.w.org\/{rel}","templated":true}]}}