{"id":14223,"date":"2019-08-21T19:34:58","date_gmt":"2019-08-21T17:34:58","guid":{"rendered":"https:\/\/macchiaverde-bio.shop\/metody-platnosci\/"},"modified":"2022-06-30T13:54:32","modified_gmt":"2022-06-30T11:54:32","slug":"metody-platnosci","status":"publish","type":"page","link":"https:\/\/macchiaverde-bio.shop\/pl\/metody-platnosci\/","title":{"rendered":"Metody P\u0142atno\u015bci"},"content":{"rendered":"\n<div class=\"container section-title-container\" ><h1 class=\"section-title section-title-normal\"><b aria-hidden=\"true\"><\/b><span class=\"section-title-main\" >opcje p\u0142atno\u015bci<\/span><b aria-hidden=\"true\"><\/b><\/h1><\/div>\n\n<section class=\"av_textblock_section\">\n<div class=\"avia_textblock\">\n<p>Z\u0142o\u017cenie zam\u00f3wienia w naszym sklepie internetowym z oliw\u0105 z oliwek jest bardzo proste. <br>Niewa\u017cne, czy na urz\u0105dzeniu mobilnym, czy na komputerze!<br>Dzi\u0119ki szerokiemu wyborowi najpopularniejszych metod p\u0142atno\u015bci mo\u017cesz wygodnie przetwarza\u0107 je na naszej platformie.<\/p>\n<\/div>\n<\/section>\n<section class=\"av_textblock_section\">\n<div class=\"avia_textblock\">\n<h3>PayPal<\/h3>\n<p>Korzystaj ze swojego konta <strong>PayPal<\/strong> i zamawiaj tak wygodnie, jak zwykle.<\/p>\n<h3>karty kredytowe<strong><br><\/strong><\/h3>\n<p><strong>Mastercard, Visa, American Express<\/strong> s\u0105 do Twojej dyspozycji.<br>Pami\u0119taj, \u017ce mo\u017cesz potrzebowa\u0107 has\u0142a dost\u0119pu do karty kredytowej <br>(Zweryfikowany przez Visa lub MasterCard 3D-Secured).<\/p>\n<h3>Giropay<\/h3>\n<p>Inicjujesz p\u0142atno\u015b\u0107 bezpo\u015brednio przez dost\u0119p <strong>online w bankowo\u015bci internetowej<\/strong> .<\/p>\n<\/div>\n<\/section>\n\t<div class=\"img has-hover x md-x lg-x y md-y lg-y\" id=\"image_16334253\">\n\t\t\t\t\t\t\t\t<div class=\"img-inner dark\" >\n\t\t\t<img loading=\"lazy\" decoding=\"async\" width=\"920\" height=\"90\" src=\"https:\/\/macchiaverde-bio.shop\/wp-content\/uploads\/2022\/03\/olivenoel-zahlungsmethoden.webp\" class=\"attachment-large size-large\" alt=\"\" srcset=\"https:\/\/macchiaverde-bio.shop\/wp-content\/uploads\/2022\/03\/olivenoel-zahlungsmethoden.webp 920w, https:\/\/macchiaverde-bio.shop\/wp-content\/uploads\/2022\/03\/olivenoel-zahlungsmethoden-800x78.webp 800w, https:\/\/macchiaverde-bio.shop\/wp-content\/uploads\/2022\/03\/olivenoel-zahlungsmethoden-768x75.webp 768w, https:\/\/macchiaverde-bio.shop\/wp-content\/uploads\/2022\/03\/olivenoel-zahlungsmethoden-510x50.webp 510w\" sizes=\"auto, (max-width: 920px) 100vw, 920px\" \/>\t\t\t\t\t\t\n\t\t\t\t\t<\/div>\n\t\t\t\t\t\t\t\t\n<style>\n#image_16334253 {\n  width: 100%;\n}\n<\/style>\n\t<\/div>\n\t\n\n\n","protected":false},"excerpt":{"rendered":"","protected":false},"author":1,"featured_media":0,"parent":0,"menu_order":11,"comment_status":"closed","ping_status":"closed","template":"","meta":{"footnotes":""},"class_list":["post-14223","page","type-page","status-publish","hentry"],"_links":{"self":[{"href":"https:\/\/macchiaverde-bio.shop\/pl\/wp-json\/wp\/v2\/pages\/14223","targetHints":{"allow":["GET"]}}],"collection":[{"href":"https:\/\/macchiaverde-bio.shop\/pl\/wp-json\/wp\/v2\/pages"}],"about":[{"href":"https:\/\/macchiaverde-bio.shop\/pl\/wp-json\/wp\/v2\/types\/page"}],"author":[{"embeddable":true,"href":"https:\/\/macchiaverde-bio.shop\/pl\/wp-json\/wp\/v2\/users\/1"}],"replies":[{"embeddable":true,"href":"https:\/\/macchiaverde-bio.shop\/pl\/wp-json\/wp\/v2\/comments?post=14223"}],"version-history":[{"count":0,"href":"https:\/\/macchiaverde-bio.shop\/pl\/wp-json\/wp\/v2\/pages\/14223\/revisions"}],"wp:attachment":[{"href":"https:\/\/macchiaverde-bio.shop\/pl\/wp-json\/wp\/v2\/media?parent=14223"}],"curies":[{"name":"wp","href":"https:\/\/api.w.org\/{rel}","templated":true}]}}