{"id":14216,"date":"2019-08-21T19:34:58","date_gmt":"2019-08-21T17:34:58","guid":{"rendered":"https:\/\/macchiaverde-bio.shop\/metody-wysylki\/"},"modified":"2024-01-11T18:53:07","modified_gmt":"2024-01-11T17:53:07","slug":"metody-wysylki","status":"publish","type":"page","link":"https:\/\/macchiaverde-bio.shop\/pl\/metody-wysylki\/","title":{"rendered":"Metody wysy\u0142ki"},"content":{"rendered":"\n<div class=\"container section-title-container\" ><h1 class=\"section-title section-title-normal\"><b aria-hidden=\"true\"><\/b><span class=\"section-title-main\" >metody wysy\u0142ki<\/span><b aria-hidden=\"true\"><\/b><\/h1><\/div>\n\n<p> <\/p>\n<h3><span style=\"color: #555555;\"><span style=\"caret-color: #555555;\">Zam\u00f3wienia krajowe<br><\/span><\/span><\/h3>\n<p>Nie naliczamy <strong>koszt\u00f3w wysy\u0142ki<\/strong> za wszystkie zam\u00f3wienia w macchiaverde-bio.shop na terenie <strong>Niemiec<\/strong> i <strong>Austrii<\/strong> . <br>Dotyczy to wszystkich przesy\u0142ek o \u0142\u0105cznej wadze do 16,5 kg. <br>Twoje zam\u00f3wienie na oliw\u0119 z oliwek zostanie wys\u0142ane bezpo\u015brednio z W\u0142och za po\u015brednictwem r\u00f3\u017cnych kurier\u00f3w.<\/p>\n<p> <\/p>\n<h3><span style=\"color: #555555;\"><span style=\"caret-color: #555555;\">Zam\u00f3wienia mi\u0119dzynarodowe<br><\/span><\/span><\/h3>\n<p>Dostarczamy\/wysy\u0142amy do nast\u0119puj\u0105cych kraj\u00f3w:<\/p>\n<div class=\"row row-small\" style=\"max-width:75%\" id=\"row-452793240\">\n\n\n\t<div id=\"col-1265242958\" class=\"col medium-3 small-12 large-3\"  >\n\t\t\t\t<div class=\"col-inner\"  >\n\t\t\t\n\t\t\t\n\n<ul>\n<li class=\"av-special-heading-tag\">Belgia<\/li>\n<li>Dania<\/li>\n<li>Anglia<\/li>\n<li>Finlandia<\/li>\n<li>Francja<\/li>\n<li class=\"av-special-heading-tag\">Liechtenstein<\/li>\n<\/ul>\n\n\t\t<\/div>\n\t\t\t\t\t<\/div>\n\n\t\n\n\t<div id=\"col-314423645\" class=\"col medium-3 small-12 large-3\"  >\n\t\t\t\t<div class=\"col-inner\"  >\n\t\t\t\n\t\t\t\n\n<ul>\n<li class=\"av-special-heading-tag\">Luksemburg<\/li>\n<li class=\"av-special-heading-tag\">Holandia<\/li>\n<li>Norwegia<\/li>\n<li class=\"av-special-heading-tag\">Polska<\/li>\n<li>Szwecja<\/li>\n<\/ul>\n\n\t\t<\/div>\n\t\t\t\t\t<\/div>\n\n\t\n\n\t<div id=\"col-840549211\" class=\"col medium-3 small-12 large-3\"  >\n\t\t\t\t<div class=\"col-inner\"  >\n\t\t\t\n\t\t\t\n\n<ul>\n<li class=\"av-special-heading-tag\">Szwajcaria<\/li>\n<li class=\"av-special-heading-tag\">S\u0142owacja<\/li>\n<li class=\"av-special-heading-tag\">S\u0142owenia<\/li>\n<li class=\"av-special-heading-tag\">Republika Czeska<\/li>\n<li class=\"av-special-heading-tag\">W\u0119gry<\/li>\n<\/ul>\n\n\t\t<\/div>\n\t\t\t\t\t<\/div>\n\n\t\n\n<\/div>\n<h3>Koszty wysy\u0142ki mi\u0119dzynarodowej<\/h3>\n<p>Ze wzgl\u0119du na wy\u017csze koszty wysy\u0142ki pobieramy op\u0142at\u0119 transportow\u0105 w wysoko\u015bci 14,90 EUR.<\/p>\n<div class=\"is-divider divider clearfix\" style=\"max-width:100%;height:1px;\"><\/div>\n\n<h3 class=\"av-special-heading-tag\">Nasi partnerzy wysy\u0142kowi<\/h3>\n<div class=\"row align-middle align-center\"  id=\"row-2099856500\">\n\n\n\t<div id=\"col-691003014\" class=\"col medium-3 small-6 large-3\"  >\n\t\t\t\t<div class=\"col-inner\"  >\n\t\t\t\n\t\t\t\n\n\t<div class=\"img has-hover x md-x lg-x y md-y lg-y\" id=\"image_215433901\">\n\t\t\t\t\t\t\t\t<div class=\"img-inner dark\" >\n\t\t\t\t\t\t\t\t\t\n\t\t\t\t\t<\/div>\n\t\t\t\t\t\t\t\t\n<style>\n#image_215433901 {\n  width: 100%;\n}\n<\/style>\n\t<\/div>\n\t\n\n\n\t\t<\/div>\n\t\t\t\t\t<\/div>\n\n\t\n\n\t<div id=\"col-1869201844\" class=\"col medium-3 small-6 large-3\"  >\n\t\t\t\t<div class=\"col-inner\"  >\n\t\t\t\n\t\t\t\n\n\t<div class=\"img has-hover x md-x lg-x y md-y lg-y\" id=\"image_2128262771\">\n\t\t\t\t\t\t\t\t<div class=\"img-inner dark\" >\n\t\t\t\t\t\t\t\t\t\n\t\t\t\t\t<\/div>\n\t\t\t\t\t\t\t\t\n<style>\n#image_2128262771 {\n  width: 100%;\n}\n<\/style>\n\t<\/div>\n\t\n\n\n\t\t<\/div>\n\t\t\t\t\t<\/div>\n\n\t\n\n\t<div id=\"col-1783520917\" class=\"col medium-3 small-6 large-3\"  >\n\t\t\t\t<div class=\"col-inner\"  >\n\t\t\t\n\t\t\t\n\n\t<div class=\"img has-hover x md-x lg-x y md-y lg-y\" id=\"image_1168534704\">\n\t\t\t\t\t\t\t\t<div class=\"img-inner dark\" >\n\t\t\t\t\t\t\t\t\t\n\t\t\t\t\t<\/div>\n\t\t\t\t\t\t\t\t\n<style>\n#image_1168534704 {\n  width: 100%;\n}\n<\/style>\n\t<\/div>\n\t\n\n\n\t\t<\/div>\n\t\t\t\t\t<\/div>\n\n\t\n\n\t<div id=\"col-398879019\" class=\"col medium-3 small-6 large-3\"  >\n\t\t\t\t<div class=\"col-inner\"  >\n\t\t\t\n\t\t\t\n\n\t<div class=\"img has-hover x md-x lg-x y md-y lg-y\" id=\"image_1108408884\">\n\t\t\t\t\t\t\t\t<div class=\"img-inner dark\" >\n\t\t\t\t\t\t\t\t\t\n\t\t\t\t\t<\/div>\n\t\t\t\t\t\t\t\t\n<style>\n#image_1108408884 {\n  width: 100%;\n}\n<\/style>\n\t<\/div>\n\t\n\n\n\t\t<\/div>\n\t\t\t\t\t<\/div>\n\n\t\n\n<\/div>\n\n","protected":false},"excerpt":{"rendered":"","protected":false},"author":1,"featured_media":0,"parent":0,"menu_order":12,"comment_status":"closed","ping_status":"closed","template":"","meta":{"footnotes":""},"class_list":["post-14216","page","type-page","status-publish","hentry"],"_links":{"self":[{"href":"https:\/\/macchiaverde-bio.shop\/pl\/wp-json\/wp\/v2\/pages\/14216","targetHints":{"allow":["GET"]}}],"collection":[{"href":"https:\/\/macchiaverde-bio.shop\/pl\/wp-json\/wp\/v2\/pages"}],"about":[{"href":"https:\/\/macchiaverde-bio.shop\/pl\/wp-json\/wp\/v2\/types\/page"}],"author":[{"embeddable":true,"href":"https:\/\/macchiaverde-bio.shop\/pl\/wp-json\/wp\/v2\/users\/1"}],"replies":[{"embeddable":true,"href":"https:\/\/macchiaverde-bio.shop\/pl\/wp-json\/wp\/v2\/comments?post=14216"}],"version-history":[{"count":0,"href":"https:\/\/macchiaverde-bio.shop\/pl\/wp-json\/wp\/v2\/pages\/14216\/revisions"}],"wp:attachment":[{"href":"https:\/\/macchiaverde-bio.shop\/pl\/wp-json\/wp\/v2\/media?parent=14216"}],"curies":[{"name":"wp","href":"https:\/\/api.w.org\/{rel}","templated":true}]}}