{"id":14209,"date":"2019-08-21T19:34:58","date_gmt":"2019-08-21T17:34:58","guid":{"rendered":"https:\/\/macchiaverde-bio.shop\/prawo-odstapienia-od-umowy\/"},"modified":"2022-06-30T13:54:37","modified_gmt":"2022-06-30T11:54:37","slug":"prawo-odstapienia-od-umowy","status":"publish","type":"page","link":"https:\/\/macchiaverde-bio.shop\/pl\/prawo-odstapienia-od-umowy\/","title":{"rendered":"Prawo odst\u0105pienia od umowy"},"content":{"rendered":"\n  <div id=\"page-header-1678991615\" class=\"page-header-wrapper\">\n  <div class=\"page-title dark featured-title\">\n\n    \n    <div class=\"page-title-inner container align-center flex-row medium-flex-wrap\" >\n              <div class=\"title-wrapper uppercase flex-col text-left medium-text-center\">\n          <h1 class=\"entry-title mb-0\">\n            PRAWO ODST\u0104PIENIA OD UMOWY          <\/h1>\n        <\/div>\n                    <div class=\"title-content flex-col flex-right text-right medium-text-center\">\n        <div class=\"title-breadcrumbs pb-half pt-half\"><nav class=\"woocommerce-breadcrumb breadcrumbs uppercase\" aria-label=\"Breadcrumb\">Strona g\u0142\u00f3wna<\/nav><\/div>      <\/div>\n    <\/div>\n\n       <\/div>\n    <\/div>\n  \n\n<p>Nie jeste\u015b zadowolony z zakupionej oliwy lub jednego z produkt\u00f3w? Tutaj znajdziesz formalne warunki ramowe, kt\u00f3re maj\u0105 zastosowanie do zakupu na stronie olivenoel-muehle.de.<br>Masz prawo do odst\u0105pienia od umowy:<\/p>\n<p>Masz prawo odst\u0105pi\u0107 od niniejszej umowy w ci\u0105gu czternastu dni bez podania przyczyny.<\/p>\n<p>Pami\u0119taj, \u017ce Twoje zam\u00f3wienia zostan\u0105 automatycznie wys\u0142ane do naszego centrum wysy\u0142kowego w celu przyspieszonej dostawy, a p\u00f3\u017aniejsze anulowanie po przes\u0142aniu nie jest ju\u017c mo\u017cliwe ze wzgl\u0119d\u00f3w proceduralnych!<\/p>\n<p>Okres odst\u0105pienia wynosi czterna\u015bcie dni od dnia, w kt\u00f3rym Pa\u0144stwo lub wskazana przez Pa\u0144stwa osoba trzecia, kt\u00f3ra nie jest przewo\u017anikiem, weszli w posiadanie towar\u00f3w. Aby skorzysta\u0107 z prawa do odst\u0105pienia od umowy, musisz przes\u0142a\u0107 nam wyra\u017ane o\u015bwiadczenie na adres:<\/p>\n<p><strong>Oleificio<\/strong><\/p>\n<p><strong>MACCHIA VERDE ORGANIC<\/strong><br>przez Caterin\u0119 Scarola<\/p>\n<p>Via soldo Pasquale Giovanniello 1<br>70025 Apula Grumo (BA)<br>W\u0142ochy<\/p>\n<p>Adres e-mail: <a href=\"mailto:info@macchiaverdebio.it\">info@macchiaverdebio.it<\/a><\/p>\n<p>o Twojej decyzji o odst\u0105pieniu od tej umowy.<\/p>\n<h3>Konsekwencje odwo\u0142ania<\/h3>\n<p>W przypadku odst\u0105pienia od niniejszej umowy b\u0119dziemy Ci winni wszelkie p\u0142atno\u015bci, kt\u00f3re od Ciebie otrzymali\u015bmy, w tym koszty dostawy &#8211; w zale\u017cno\u015bci od wysoko\u015bci koszt\u00f3w zam\u00f3wienia (patrz poni\u017cej) (z wyj\u0105tkiem dodatkowych koszt\u00f3w wynikaj\u0105cych z faktu wybrania przez Ciebie innego rodzaj dostawy p\u0142atno\u015bci jako najta\u0144sza oferowana przez nas dostawa standardowa) niezw\u0142ocznie, a najp\u00f3\u017aniej w ci\u0105gu czternastu dni od dnia, w kt\u00f3rym otrzymali\u015bmy powiadomienie o odst\u0105pieniu od niniejszej umowy. Do tego sp\u0142aty u\u017cywamy tych samych \u015brodk\u00f3w p\u0142atno\u015bci, kt\u00f3rych u\u017cy\u0142e\u015b w pierwotnej transakcji, chyba \u017ce wyra\u017anie uzgodniono z Tob\u0105 co\u015b innego; w \u017cadnym wypadku nie zostaniesz obci\u0105\u017cony op\u0142atami za ten zwrot. Musisz zwr\u00f3ci\u0107 nam towar niezw\u0142ocznie, a w ka\u017cdym razie nie p\u00f3\u017aniej ni\u017c czterna\u015bcie dni od dnia, w kt\u00f3rym poinformujesz nas o anulowaniu niniejszej umowy. Termin jest zachowany, je\u015bli ode\u015blesz towar przed up\u0142ywem czternastu dni.<\/p>\n<p>W przypadku zam\u00f3wie\u0144 o warto\u015bci powy\u017cej 59 euro pokryjemy wszelkie koszty zwrotu, je\u015bli z\u0142o\u017cy\u0142e\u015b wniosek o zwrot. Nie pokrywamy koszt\u00f3w zwrotu zam\u00f3wie\u0144 poni\u017cej 59 euro. Wymagane jest r\u00f3wnie\u017c zam\u00f3wienie zwrotu. Regulacja ta dotyczy r\u00f3wnie\u017c zam\u00f3wie\u0144, kt\u00f3re s\u0105 anulowane po z\u0142o\u017ceniu zam\u00f3wienia, a przed ich wysy\u0142k\u0105, poniewa\u017c wolumeny uniemo\u017cliwiaj\u0105 ingerencj\u0119 w \u0142a\u0144cuch proces\u00f3w.<\/p>\n<p><strong>WA\u017bNY:<\/strong><br> Prosimy o kontakt w celu otrzymania zam\u00f3wienia zwrotu i potwierdzenia przed ! odsy\u0142asz do nas towar. Towary lub przesy\u0142ki bez zam\u00f3wienia zwrotu nie mog\u0105 by\u0107 przyjmowane ani przetwarzane. Zam\u00f3wienie zwrotu mo\u017cesz z\u0142o\u017cy\u0107 nieformalnie za pomoc\u0105 formularza kontaktowego.<\/p>\n<p>Produkty (butelki, kanistry, worki), kt\u00f3re zosta\u0142y ju\u017c otwarte (np. oliwa z oliwek lub artyku\u0142y garma\u017ceryjne) nie podlegaj\u0105 zwrotowi.<\/p>\n\n","protected":false},"excerpt":{"rendered":"","protected":false},"author":1,"featured_media":0,"parent":0,"menu_order":13,"comment_status":"closed","ping_status":"closed","template":"","meta":{"footnotes":""},"class_list":["post-14209","page","type-page","status-publish","hentry"],"_links":{"self":[{"href":"https:\/\/macchiaverde-bio.shop\/pl\/wp-json\/wp\/v2\/pages\/14209","targetHints":{"allow":["GET"]}}],"collection":[{"href":"https:\/\/macchiaverde-bio.shop\/pl\/wp-json\/wp\/v2\/pages"}],"about":[{"href":"https:\/\/macchiaverde-bio.shop\/pl\/wp-json\/wp\/v2\/types\/page"}],"author":[{"embeddable":true,"href":"https:\/\/macchiaverde-bio.shop\/pl\/wp-json\/wp\/v2\/users\/1"}],"replies":[{"embeddable":true,"href":"https:\/\/macchiaverde-bio.shop\/pl\/wp-json\/wp\/v2\/comments?post=14209"}],"version-history":[{"count":0,"href":"https:\/\/macchiaverde-bio.shop\/pl\/wp-json\/wp\/v2\/pages\/14209\/revisions"}],"wp:attachment":[{"href":"https:\/\/macchiaverde-bio.shop\/pl\/wp-json\/wp\/v2\/media?parent=14209"}],"curies":[{"name":"wp","href":"https:\/\/api.w.org\/{rel}","templated":true}]}}