{"id":14197,"date":"2019-08-21T19:34:58","date_gmt":"2019-08-21T17:34:58","guid":{"rendered":"https:\/\/macchiaverde-bio.shop\/warunki\/"},"modified":"2022-04-26T15:13:20","modified_gmt":"2022-04-26T13:13:20","slug":"warunki","status":"publish","type":"page","link":"https:\/\/macchiaverde-bio.shop\/pl\/warunki\/","title":{"rendered":"Warunki"},"content":{"rendered":"\n<h2 class=\"wp-block-heading\">Warunki us\u0142ugi<\/h2>\n\n<h5 class=\"wp-block-heading\">1. Og\u00f3lne<\/h5>\n\n<p>Wszystkie us\u0142ugi \u015bwiadczone przez <strong>MACCHIA VERDE BIO<\/strong> dla klienta lub go\u015bcia opieraj\u0105 si\u0119 wy\u0142\u0105cznie na poni\u017cszych og\u00f3lnych warunkach. Odmienne przepisy obowi\u0105zuj\u0105 tylko wtedy, gdy zosta\u0142y indywidualnie uzgodnione mi\u0119dzy olejarni\u0105 a klientem.<\/p>\n\n<h5 class=\"wp-block-heading\">2. Zawarcie umowy<\/h5>\n\n<p>2.1 Oferty sklepu internetowego stanowi\u0105 niewi\u0105\u017c\u0105ce \u017c\u0105danie zakupu dla klienta w celu zam\u00f3wienia towaru w sklepie internetowym.<\/p>\n\n<p>2.2 Zamawiaj\u0105c \u017c\u0105dany towar przez Internet, klient sk\u0142ada wi\u0105\u017c\u0105c\u0105 ofert\u0119 zawarcia umowy kupna.<\/p>\n\n<p>2.3 T\u0142ocznia oliwy Macchia Verde Bio potwierdza otrzymanie zam\u00f3wienia niezw\u0142ocznie, najp\u00f3\u017aniej po otrzymaniu zam\u00f3wienia. Potwierdzenie zam\u00f3wienia nie stanowi jeszcze prawnej akceptacji z naszej strony. Oferta jest przez nas akceptowana tylko wtedy, gdy dostarczamy towar do wysy\u0142ki. Otrzymasz pisemne potwierdzenie wysy\u0142ki e-mailem. Klient jest jednak zwi\u0105zany swoj\u0105 ofert\u0105 przez maksymalnie 14 dni, chyba \u017ce zawarto inne ustalenia (ponowne zam\u00f3wienie, dostawa, gdy b\u0119dzie ponownie dost\u0119pna).<\/p>\n\n<p>2.4 Przedmiotem umowy jest towar zam\u00f3wiony przez Klienta. W odniesieniu do jako\u015bci obowi\u0105zuje opis oferty, w przeciwnym razie obowi\u0105zuje \u00a7 434 ust. 1 Klauzula 3 BGB.<\/p>\n\n<h5 class=\"wp-block-heading\">3. Umowa zwrotu koszt\u00f3w, prawo do odst\u0105pienia od umowy, wy\u0142\u0105czenie prawa do odst\u0105pienia od umowy<\/h5>\n\n<p>Umowa o pokryciu koszt\u00f3w: W przypadku skorzystania z prawa do odst\u0105pienia od umowy, musisz ponie\u015b\u0107 zwyk\u0142e koszty zwrotu, o ile dostarczony towar odpowiada zam\u00f3wionemu, a cena zwracanego towaru nie przekracza kwoty 40 euro lub je\u015bli zap\u0142acisz wy\u017csz\u0105 cen\u0119, nie przekaza\u0142e\u015b jeszcze wynagrodzenia lub umownie uzgodnionej cz\u0119\u015bciowej p\u0142atno\u015bci za przedmiot w momencie odst\u0105pienia od umowy. W przeciwnym razie zwrot jest dla Ciebie bezp\u0142atny.<\/p>\n\n<p>Prawo odst\u0105pienia od umowy:<br\/>Obowi\u0105zuj\u0105 przepisy, kt\u00f3re mo\u017cna zobaczy\u0107 <a href=\"https:\/\/macchiaverde-bio.shop\/widerrufsbelehrung\/\"><strong><em>tutaj<\/em><\/strong><\/a> .<\/p>\n\n<p>Wy\u0142\u0105czenie prawa do odst\u0105pienia od umowy:<br\/>je\u015bli towar zosta\u0142 wykonany wed\u0142ug specyfikacji klienta lub zosta\u0142 wyra\u017anie dostosowany do Twoich osobistych potrzeb lub ze wzgl\u0119du na sw\u00f3j charakter nie nadaje si\u0119 do zwrotu. Ponadto maj\u0105 zastosowanie do innych przypadk\u00f3w \u00a7 312d ust. 4 BGB<\/p>\n\n<h5 class=\"wp-block-heading\">4. Dostawa<\/h5>\n\n<p>4.1. Wszystkie produkty zostan\u0105 dostarczone natychmiast, pod warunkiem, \u017ce s\u0105 dost\u0119pne w magazynie. Twoje zam\u00f3wienie zostanie dostarczone do kraj\u00f3w Unii Europejskiej, kt\u00f3re mo\u017cna wybra\u0107 w kasie.<\/p>\n\n<p>4.2. Czas dostawy na terenie Unii Europejskiej wynosi zwykle 5-7 dni, chyba \u017ce zaznaczono inaczej. Mo\u017cesz uzyska\u0107 wi\u0119cej informacji za pomoc\u0105 numeru \u015bledzenia przesy\u0142ki na stronie \u015bledzenia przesy\u0142ki lub na stronach informacyjnych odpowiedniego logistyka.<\/p>\n\n<p>4.3. Je\u015bli przedmiot jest chwilowo niedost\u0119pny, a tym samym niedost\u0119pny, poinformujemy Ci\u0119 e-mailem o przewidywanym czasie dostawy lub zaoferujemy alternatywny przedmiot.<\/p>\n\n<h5 class=\"wp-block-heading\">5. Koszty opakowania i wysy\u0142ki<\/h5>\n\n<p>Obowi\u0105zuj\u0105 przepisy dotycz\u0105ce koszt\u00f3w pakowania i wysy\u0142ki, kt\u00f3re mo\u017cna zobaczy\u0107 <a href=\"https:\/\/macchiaverde-bio.shop\/versandarten\/\"><strong><em>tutaj<\/em><\/strong><\/a> .<\/p>\n\n<h5 class=\"wp-block-heading\">6. P\u0142atno\u015b\u0107, zastrze\u017cenie w\u0142asno\u015bci<\/h5>\n\n<p>6.1 Wszystkie podane ceny s\u0105 cenami brutto w euro i zawieraj\u0105 ustawowy podatek VAT Republiki W\u0142oskiej w wysoko\u015bci 4% lub 21%. Ceny obowi\u0105zuj\u0105 w dniu z\u0142o\u017cenia zam\u00f3wienia.<\/p>\n\n<p>6.2 Obowi\u0105zuj\u0105 metody p\u0142atno\u015bci oferowane w kasie. Po zrealizowaniu zam\u00f3wienia nast\u0119puje wst\u0119pna autoryzacja, kt\u00f3ra jest autoryzowana w momencie wystawienia faktury. Odbywa si\u0119 to w tym samym czasie, co wydanie do wysy\u0142ki. Otrzymasz na ten temat osobn\u0105 wiadomo\u015b\u0107. Ponadto warunki p\u0142atno\u015bci dostawcy us\u0142ug PayPal Inc. i Stripe Inc.<\/p>\n\n<p>6.3 Dostarczony towar pozostaje nasz\u0105 w\u0142asno\u015bci\u0105 do czasu pe\u0142nej zap\u0142aty (zastrze\u017cenie w\u0142asno\u015bci zgodnie z \u00a7\u00a7158, 449 BGB). Klient jest zobowi\u0105zany do niezw\u0142ocznego poinformowania nas o \u015brodkach egzekucyjnych podj\u0119tych przez osoby trzecie w stosunku do towaru zastrze\u017conego oraz do przekazania dokument\u00f3w wymaganych do interwencji; dotyczy to r\u00f3wnie\u017c wszelkiego innego rodzaju uszczerbk\u00f3w.Niezale\u017cnie od tego, klient jest zobowi\u0105zany do wcze\u015bniejszego poinformowania os\u00f3b trzecich o prawach do towaru.<\/p>\n\n<h5 class=\"wp-block-heading\">7. Gwarancja<\/h5>\n\n<p>Je\u017celi \u015bwiadczenie uzupe\u0142niaj\u0105ce mia\u0142o miejsce w drodze dostawy zast\u0119pczej, klient jest zobowi\u0105zany do zwrotu nam pierwszego dostarczonego towaru w ci\u0105gu 30 dni na nasz koszt. Wadliwy towar nale\u017cy zwr\u00f3ci\u0107 zgodnie z przepisami ustawowymi. Zastrzegamy sobie prawo do dochodzenia odszkodowania na warunkach ustawowych. Umowy pomocnicze s\u0105 wa\u017cne tylko w formie pisemnej.<\/p>\n\n<h5 class=\"wp-block-heading\">8. Odpowiedzialno\u015b\u0107 za wady<\/h5>\n\n<p>8.1 olivenoele.com ponosi odpowiedzialno\u015b\u0107 w przypadku umy\u015blnego dzia\u0142ania lub ra\u017c\u0105cego niedbalstwa zgodnie z przepisami ustawowymi. Odpowiedzialno\u015b\u0107 z tytu\u0142u gwarancji jest niezale\u017cna od winy. Sklep internetowy odpowiada wy\u0142\u0105cznie za lekkie zaniedbanie zgodnie z przepisami ustawy o odpowiedzialno\u015bci za produkt, za uszkodzenie \u017cycia, cia\u0142a lub zdrowia lub naruszenie istotnych zobowi\u0105za\u0144 umownych. Jednak\u017ce roszczenie o odszkodowanie z tytu\u0142u lekkiego niedbalstwa naruszenia istotnych zobowi\u0105za\u0144 umownych jest ograniczone do przewidywalnej szkody typowej dla umowy, o ile nie istnieje odpowiedzialno\u015b\u0107 za uszkodzenie \u017cycia, cia\u0142a lub zdrowia. Sklep internetowy odpowiada w takim samym zakresie z winy po\u015brednik\u00f3w i przedstawicieli.<\/p>\n\n<p>8.2 Regulacja powy\u017cszego paragrafu (8.1) obejmuje odszkodowanie za szkody opr\u00f3cz us\u0142ugi, naprawienie szkody zamiast us\u0142ugi oraz roszczenie o odszkodowanie za zmarnowane wydatki, niezale\u017cnie od przyczyny prawnej, w tym odpowiedzialno\u015b\u0107 za wady, op\u00f3\u017anienie lub niemo\u017cliwo\u015b\u0107.<\/p>\n\n<h5 class=\"wp-block-heading\">9. Prywatno\u015b\u0107<\/h5>\n\n<p>Obowi\u0105zuje nasza deklaracja o ochronie danych, do kt\u00f3rej mo\u017cna <a href=\"https:\/\/macchiaverde-bio.shop\/datenschutzerklaerung\/\"><strong><em>uzyska\u0107<\/em><\/strong><\/a> dost\u0119p tutaj.<\/p>\n\n<h5 class=\"wp-block-heading\">10. Prawa autorskie<\/h5>\n\n<p>Tre\u015bci i dzie\u0142a stworzone przez Macchia Verde Bio na tych stronach podlegaj\u0105 niemieckiemu prawu autorskiemu. Powielanie, edytowanie, rozpowszechnianie i wszelkiego rodzaju wykorzystywanie poza granicami praw autorskich wymaga pisemnej zgody odpowiedniego autora lub tw\u00f3rcy. Pobieranie i kopiowanie tej witryny jest dozwolone wy\u0142\u0105cznie do prywatnego, niekomercyjnego u\u017cytku. O ile tre\u015bci na tej stronie nie zosta\u0142y stworzone przez operatora, przestrzegane s\u0105 prawa autorskie os\u00f3b trzecich. W szczeg\u00f3lno\u015bci tre\u015bci os\u00f3b trzecich s\u0105 jako takie oznaczone. Je\u015bli mimo wszystko dowiesz si\u0119 o naruszeniu praw autorskich, prosimy o odpowiednie poinformowanie nas. Gdy tylko dowiemy si\u0119 o naruszeniu prawa, niezw\u0142ocznie usuniemy takie tre\u015bci.<\/p>\n\n<h5 class=\"wp-block-heading\">11. Tre\u015bci i linki na naszych stronach<\/h5>\n\n<p>11.1 Zawarto\u015b\u0107 naszego serwisu internetowego zosta\u0142a stworzona z najwy\u017csz\u0105 staranno\u015bci\u0105. Nie mo\u017cemy jednak zagwarantowa\u0107, \u017ce tre\u015b\u0107 jest poprawna, kompletna lub aktualna. Jako us\u0142ugodawca jeste\u015bmy zgodnie z \u00a7 7 Abs.1 TMG odpowiada za w\u0142asne tre\u015bci na tych stronach zgodnie z og\u00f3lnymi przepisami prawa. Zgodnie z \u00a7\u00a7 8 do 10 TMG my jako us\u0142ugodawca nie jeste\u015bmy jednak zobowi\u0105zani do monitorowania przekazywanych lub przechowywanych informacji os\u00f3b trzecich ani do badania okoliczno\u015bci wskazuj\u0105cych na nielegaln\u0105 dzia\u0142alno\u015b\u0107. Zobowi\u0105zania do usuni\u0119cia lub zablokowania korzystania z informacji zgodnie z og\u00f3lnymi przepisami pozostaj\u0105 nienaruszone. Odpowiedzialno\u015b\u0107 w tym zakresie jest jednak mo\u017cliwa dopiero od momentu poznania wiedzy o konkretnym naruszeniu prawa. Gdy tylko dowiemy si\u0119 o jakimkolwiek naruszeniu prawa, niezw\u0142ocznie usuniemy te tre\u015bci.<\/p>\n\n<p>11.2 Nasza oferta zawiera linki do zewn\u0119trznych stron internetowych os\u00f3b trzecich, na kt\u00f3rych tre\u015b\u0107 nie mamy wp\u0142ywu.<br\/>Dlatego nie mo\u017cemy ponosi\u0107 odpowiedzialno\u015bci za te tre\u015bci os\u00f3b trzecich. Za tre\u015b\u0107 stron, do kt\u00f3rych prowadz\u0105 linki, odpowiada zawsze odpowiedni dostawca lub operator stron.<\/p>\n\n<p>Po\u0142\u0105czone strony zosta\u0142y sprawdzone pod k\u0105tem ewentualnych narusze\u0144 prawa w momencie \u0142\u0105czenia. Nielegalne tre\u015bci nie by\u0142y rozpoznawalne w momencie \u0142\u0105czenia. Jednak sta\u0142a kontrola tre\u015bci stron, do kt\u00f3rych prowadz\u0105 linki, nie jest uzasadniona bez konkretnych dowod\u00f3w naruszenia. Gdy tylko dowiemy si\u0119 o naruszeniach prawa, natychmiast usuniemy takie linki.<\/p>\n\n<h5 class=\"wp-block-heading\">12. Postanowienia ko\u0144cowe<\/h5>\n\n<p>Wyklucza si\u0119 wa\u017cno\u015b\u0107 prawa sprzeda\u017cy ONZ, obowi\u0105zuje prawo niemieckie. Wraz z zam\u00f3wieniem akceptowane s\u0105 og\u00f3lne warunki sklepu internetowego.<br\/>Je\u017celi klient nie posiada og\u00f3lnej jurysdykcji w Niemczech lub w innym pa\u0144stwie cz\u0142onkowskim UE, miejscem jurysdykcji dla wszystkich spor\u00f3w wynikaj\u0105cych z niniejszej umowy jest nasza siedziba: <strong>S\u0105d Rejonowy w Bari<\/strong> (BA)<\/p>\n\n<p>Sprzedawca ma w stosunku do swojego sklepu internetowego[https:\/\/macchiaverde-bio .shop\/wp_mvbs] podlega kryteriom jako\u015bci OnTrustNet \u201eOnTrustNet Verified Online Shop\u201d, dost\u0119pnym pod nast\u0119puj\u0105cym linkiem https:\/\/ontrust.net\/shop-guetesiegel-bedingungen.<\/p>\n","protected":false},"excerpt":{"rendered":"<p>Warunki us\u0142ugi 1. Og\u00f3lne Wszystkie us\u0142ugi \u015bwiadczone przez MACCHIA VERDE BIO dla klienta lub go\u015bcia opieraj\u0105 si\u0119 wy\u0142\u0105cznie na poni\u017cszych og\u00f3lnych warunkach. Odmienne przepisy obowi\u0105zuj\u0105 tylko wtedy, gdy zosta\u0142y indywidualnie uzgodnione mi\u0119dzy olejarni\u0105 a klientem. 2. Zawarcie umowy 2.1 Oferty sklepu internetowego stanowi\u0105 niewi\u0105\u017c\u0105ce \u017c\u0105danie zakupu dla klienta w celu zam\u00f3wienia towaru w sklepie internetowym. [&#8230;]\n","protected":false},"author":1,"featured_media":0,"parent":0,"menu_order":8,"comment_status":"closed","ping_status":"closed","template":"","meta":{"footnotes":""},"class_list":["post-14197","page","type-page","status-publish","hentry"],"_links":{"self":[{"href":"https:\/\/macchiaverde-bio.shop\/pl\/wp-json\/wp\/v2\/pages\/14197","targetHints":{"allow":["GET"]}}],"collection":[{"href":"https:\/\/macchiaverde-bio.shop\/pl\/wp-json\/wp\/v2\/pages"}],"about":[{"href":"https:\/\/macchiaverde-bio.shop\/pl\/wp-json\/wp\/v2\/types\/page"}],"author":[{"embeddable":true,"href":"https:\/\/macchiaverde-bio.shop\/pl\/wp-json\/wp\/v2\/users\/1"}],"replies":[{"embeddable":true,"href":"https:\/\/macchiaverde-bio.shop\/pl\/wp-json\/wp\/v2\/comments?post=14197"}],"version-history":[{"count":0,"href":"https:\/\/macchiaverde-bio.shop\/pl\/wp-json\/wp\/v2\/pages\/14197\/revisions"}],"wp:attachment":[{"href":"https:\/\/macchiaverde-bio.shop\/pl\/wp-json\/wp\/v2\/media?parent=14197"}],"curies":[{"name":"wp","href":"https:\/\/api.w.org\/{rel}","templated":true}]}}