{"id":14195,"date":"2019-08-21T19:34:58","date_gmt":"2019-08-21T17:34:58","guid":{"rendered":"https:\/\/macchiaverde-bio.shop\/odcisk\/"},"modified":"2024-01-11T18:52:48","modified_gmt":"2024-01-11T17:52:48","slug":"odcisk","status":"publish","type":"page","link":"https:\/\/macchiaverde-bio.shop\/pl\/odcisk\/","title":{"rendered":"Odcisk"},"content":{"rendered":"\n<div class=\"container section-title-container\" ><h3 class=\"section-title section-title-normal\"><b aria-hidden=\"true\"><\/b><span class=\"section-title-main\" >odcisk<\/span><b aria-hidden=\"true\"><\/b><\/h3><\/div>\n\n<p><strong>Operator:<\/strong><br> MACCHIA VERDE ORGANIC<br><strong>autor:<\/strong> Caterina Scarola<\/p>\n<p><strong>Adres:<\/strong><br>Via soldo Pasquale Giovanniello 1<br>70025&nbsp; Apula Grumo (BA)<br>W\u0142ochy<\/p>\n<p><strong>S\u0105d Okr\u0119gowy w Bari<\/strong> (BA)<br><strong>NIP:<\/strong> IT07100320725<br><strong>W\u0142a\u015bciwy urz\u0105d skarbowy:<\/strong> Bari<br><strong>Odpowiedzialny za tre\u015b\u0107 zgodnie z \u00a7 5 TMG:<\/strong> Caterina Scarola<\/p>\n<p>Telefon: +39 328 672 9896<br>E-mail:<a> info@macchiaverdebio.it<\/p>\n<p><\/a>Certyfikat BIO i numer kontrolny:<\/p>\n\n\t<div class=\"img has-hover x md-x lg-x y md-y lg-y\" id=\"image_1231493453\">\n\t\t\t\t\t\t\t\t<div class=\"img-inner dark\" style=\"margin:0px 0px 24px 0px;\">\n\t\t\t\t\t\t\t\t\t\n\t\t\t\t\t<\/div>\n\t\t\t\t\t\t\t\t\n<style>\n#image_1231493453 {\n  width: 47%;\n}\n<\/style>\n\t<\/div>\n\t\n\n<p><strong>Projekt koncepcyjny\/artystyczny\/programowanie:<\/strong><br>Ganesha Design GmbH &amp; CoKG<br><a href=\"http:\/\/www.ganesha-design.de\" target=\"_blank\" rel=\"noopener\">www.ganesha-design.de<\/a><br><a href=\"http:\/\/www.ganesha-design.eu\" target=\"_blank\" rel=\"noopener\">www.ganesha-design.eu<\/a><\/p>\n<p>E-mail: <a href=\"mailto:info@ganesha-design.de\">info@ganesha-design.de<\/a><\/p>\n<p><strong>Adres:<\/strong><br><strong>GANESHA Design GmbH &amp; CoKG<\/strong><br>Atelier komunikacji marki<\/p>\n<p>Badestra\u00dfe 14<br>63628 Bad Soden-Salm\u00fcnster<br>Niemcy<\/p>\n\n","protected":false},"excerpt":{"rendered":"","protected":false},"author":1,"featured_media":0,"parent":0,"menu_order":6,"comment_status":"closed","ping_status":"closed","template":"","meta":{"footnotes":""},"class_list":["post-14195","page","type-page","status-publish","hentry"],"_links":{"self":[{"href":"https:\/\/macchiaverde-bio.shop\/pl\/wp-json\/wp\/v2\/pages\/14195","targetHints":{"allow":["GET"]}}],"collection":[{"href":"https:\/\/macchiaverde-bio.shop\/pl\/wp-json\/wp\/v2\/pages"}],"about":[{"href":"https:\/\/macchiaverde-bio.shop\/pl\/wp-json\/wp\/v2\/types\/page"}],"author":[{"embeddable":true,"href":"https:\/\/macchiaverde-bio.shop\/pl\/wp-json\/wp\/v2\/users\/1"}],"replies":[{"embeddable":true,"href":"https:\/\/macchiaverde-bio.shop\/pl\/wp-json\/wp\/v2\/comments?post=14195"}],"version-history":[{"count":0,"href":"https:\/\/macchiaverde-bio.shop\/pl\/wp-json\/wp\/v2\/pages\/14195\/revisions"}],"wp:attachment":[{"href":"https:\/\/macchiaverde-bio.shop\/pl\/wp-json\/wp\/v2\/media?parent=14195"}],"curies":[{"name":"wp","href":"https:\/\/api.w.org\/{rel}","templated":true}]}}