{"id":15870,"date":"2023-03-06T19:20:22","date_gmt":"2023-03-06T18:20:22","guid":{"rendered":"https:\/\/macchiaverde-bio.shop\/?post_type=product&#038;p=15870"},"modified":"2024-06-22T12:09:34","modified_gmt":"2024-06-22T10:09:34","slug":"store-fylte-oliven-med-mandler-i-en-krukke-1-kg-gourmet-kvalitet-2x","status":"publish","type":"product","link":"https:\/\/macchiaverde-bio.shop\/no\/produkt\/store-fylte-oliven-med-mandler-i-en-krukke-1-kg-gourmet-kvalitet-2x\/","title":{"rendered":"Store fylte oliven med mandler i en krukke 1 kg &#8211; gourmetkvalitet (2x)"},"content":{"rendered":"","protected":false},"excerpt":{"rendered":"<p><strong>Store oliven fylt med mandler 1 kg<\/strong><br \/>\nMACCHIA VERDE-olivene er et rent h\u00e5ndverksprodukt av topp kvalitet, denne lokale gourmetvarianten er n\u00f8ye uthulet og fylt med en mandel av &laquo;Filippo Cea&raquo;-varianten (denne kan ogs\u00e5 kj\u00f8pes separat fra oss). Olivenene er fri for enhver kjemisk manipulasjon og behandles i henhold til tradisjonelle standarder, de er konservert med \u00f8kologisk Macchia Verde olivenolje, denne krydrede oljen b\u00f8r ogs\u00e5 brukes etter at olivenene er spist.<\/p>\n","protected":false},"featured_media":15940,"comment_status":"open","ping_status":"closed","template":"","meta":[],"product_brand":[],"product_cat":[1498],"product_tag":[],"class_list":{"0":"post-15870","1":"product","2":"type-product","3":"status-publish","4":"has-post-thumbnail","6":"product_cat-oliven-no","8":"first","9":"instock","10":"taxable","11":"shipping-taxable","12":"purchasable","13":"product-type-simple"},"_links":{"self":[{"href":"https:\/\/macchiaverde-bio.shop\/no\/wp-json\/wp\/v2\/product\/15870","targetHints":{"allow":["GET"]}}],"collection":[{"href":"https:\/\/macchiaverde-bio.shop\/no\/wp-json\/wp\/v2\/product"}],"about":[{"href":"https:\/\/macchiaverde-bio.shop\/no\/wp-json\/wp\/v2\/types\/product"}],"replies":[{"embeddable":true,"href":"https:\/\/macchiaverde-bio.shop\/no\/wp-json\/wp\/v2\/comments?post=15870"}],"wp:featuredmedia":[{"embeddable":true,"href":"https:\/\/macchiaverde-bio.shop\/no\/wp-json\/wp\/v2\/media\/15940"}],"wp:attachment":[{"href":"https:\/\/macchiaverde-bio.shop\/no\/wp-json\/wp\/v2\/media?parent=15870"}],"wp:term":[{"taxonomy":"product_brand","embeddable":true,"href":"https:\/\/macchiaverde-bio.shop\/no\/wp-json\/wp\/v2\/product_brand?post=15870"},{"taxonomy":"product_cat","embeddable":true,"href":"https:\/\/macchiaverde-bio.shop\/no\/wp-json\/wp\/v2\/product_cat?post=15870"},{"taxonomy":"product_tag","embeddable":true,"href":"https:\/\/macchiaverde-bio.shop\/no\/wp-json\/wp\/v2\/product_tag?post=15870"}],"curies":[{"name":"wp","href":"https:\/\/api.w.org\/{rel}","templated":true}]}}