{"id":15849,"date":"2023-03-06T19:12:34","date_gmt":"2023-03-06T18:12:34","guid":{"rendered":"https:\/\/macchiaverde-bio.shop\/?post_type=product&#038;p=15849"},"modified":"2024-06-22T12:09:50","modified_gmt":"2024-06-22T10:09:50","slug":"oliven-krydret-i-en-krukke-1-kg-gourmet-kvalitet-3x","status":"publish","type":"product","link":"https:\/\/macchiaverde-bio.shop\/no\/produkt\/oliven-krydret-i-en-krukke-1-kg-gourmet-kvalitet-3x\/","title":{"rendered":"Krydret oliven i en krukke 1 kg &#8211; gourmetkvalitet (3x)"},"content":{"rendered":"","protected":false},"excerpt":{"rendered":"<p><strong>Oliven i en krukke, steinet og syltet 1 kg<\/strong><br \/>\nOlivenene MACCHIA VERDE er et rent h\u00e5ndverksmessig toppprodukt, disse sm\u00e5 lokale oljene er omhyggelig pitlet og syltet med urter og chili, selvf\u00f8lgelig med tilsetning av v\u00e5r olivenolje. Olivenene er fri for enhver kjemisk manipulasjon og behandles i henhold til tradisjonelle standarder, de er konservert med \u00f8kologisk Macchia Verde olivenolje, denne krydrede oljen b\u00f8r ogs\u00e5 brukes etter at olivenene er spist.<\/p>\n","protected":false},"featured_media":15910,"comment_status":"open","ping_status":"closed","template":"","meta":[],"product_brand":[],"product_cat":[1498],"product_tag":[],"class_list":{"0":"post-15849","1":"product","2":"type-product","3":"status-publish","4":"has-post-thumbnail","6":"product_cat-oliven-no","8":"first","9":"instock","10":"taxable","11":"shipping-taxable","12":"purchasable","13":"product-type-simple"},"_links":{"self":[{"href":"https:\/\/macchiaverde-bio.shop\/no\/wp-json\/wp\/v2\/product\/15849","targetHints":{"allow":["GET"]}}],"collection":[{"href":"https:\/\/macchiaverde-bio.shop\/no\/wp-json\/wp\/v2\/product"}],"about":[{"href":"https:\/\/macchiaverde-bio.shop\/no\/wp-json\/wp\/v2\/types\/product"}],"replies":[{"embeddable":true,"href":"https:\/\/macchiaverde-bio.shop\/no\/wp-json\/wp\/v2\/comments?post=15849"}],"wp:featuredmedia":[{"embeddable":true,"href":"https:\/\/macchiaverde-bio.shop\/no\/wp-json\/wp\/v2\/media\/15910"}],"wp:attachment":[{"href":"https:\/\/macchiaverde-bio.shop\/no\/wp-json\/wp\/v2\/media?parent=15849"}],"wp:term":[{"taxonomy":"product_brand","embeddable":true,"href":"https:\/\/macchiaverde-bio.shop\/no\/wp-json\/wp\/v2\/product_brand?post=15849"},{"taxonomy":"product_cat","embeddable":true,"href":"https:\/\/macchiaverde-bio.shop\/no\/wp-json\/wp\/v2\/product_cat?post=15849"},{"taxonomy":"product_tag","embeddable":true,"href":"https:\/\/macchiaverde-bio.shop\/no\/wp-json\/wp\/v2\/product_tag?post=15849"}],"curies":[{"name":"wp","href":"https:\/\/api.w.org\/{rel}","templated":true}]}}