{"id":15406,"date":"2022-12-22T22:43:48","date_gmt":"2022-12-22T21:43:48","guid":{"rendered":"https:\/\/macchiaverde-bio.shop\/?post_type=product&#038;p=15406"},"modified":"2024-06-22T12:10:25","modified_gmt":"2024-06-22T10:10:25","slug":"oekologisk-olivenolje-lo-smeraldo-flasker-12-x-250-ml","status":"publish","type":"product","link":"https:\/\/macchiaverde-bio.shop\/no\/produkt\/oekologisk-olivenolje-lo-smeraldo-flasker-12-x-250-ml\/","title":{"rendered":"\u00d8kologisk olivenolje &#8211; Lo Smeraldo &#8211; Flasker 12 x 250 ml"},"content":{"rendered":"","protected":false},"excerpt":{"rendered":"<p><strong>&#8211; Kartong da 12 bottiglie &#8211;<\/strong><\/p>\n<p id=\"tw-target-text\" class=\"tw-data-text tw-text-large tw-ta\" dir=\"ltr\" data-placeholder=\"\u00dcbersetzung\"><span lang=\"de\">Smeraldo er en gr\u00f8nn olivenolje med en kropp av h\u00f8y kvalitet, ogs\u00e5 fra 100 % Coratina oliven. I fjor deltok vi i b\u00e5de nasjonale og internasjonale konkurranser og ble tildelt en pris med Platinum Award i kategoriene \u00abFullfruktig\u00bb og \u00abHelsep\u00e5stand\u00bb som er basert p\u00e5 internasjonal produksjon av olivenolje.<\/span><\/p>\n<p class=\"tw-data-text tw-text-large tw-ta\" dir=\"ltr\" data-placeholder=\"\u00dcbersetzung\"><span lang=\"de\">Grazie all&#8217;utilizzo esclusivo di <strong>oliven Coratina<\/strong> , Smeraldo si caratterizza per <strong>l&#8217;altissimo<\/strong> <strong>innhold di polifenoli<\/strong> . Soprattutto alt innholdet av polifenoli conferisce all&#8217;olio di Coratina en gusto <strong>intens, fruttato e fresco<\/strong> . Parfymen til oliven er klar og ubeleilig, den samme chiare-noten av frukt cruda al gusto og noten av mandorle verdi friskhet.<\/span><\/p>\n<p dir=\"ltr\" data-placeholder=\"\u00dcbersetzung\">Lo Smeraldo er ideell for <strong>pizza<\/strong> og <strong>primi<\/strong> piatti, inkludert focacce, <strong>kjeks<\/strong> og <strong>piatti alla griglia<\/strong> . Dette gj\u00f8r ogs\u00e5 olivenoljen ideell for <strong>marinering av grigliate<\/strong> og halshugging, slik at det massive innholdet av polifenoli trenger inn i carne og transporterer aromaen til arten.<\/p>\n","protected":false},"featured_media":15436,"comment_status":"closed","ping_status":"closed","template":"","meta":[],"product_brand":[],"product_cat":[1057],"product_tag":[],"class_list":{"0":"post-15406","1":"product","2":"type-product","3":"status-publish","4":"has-post-thumbnail","6":"product_cat-olivenoljeflasker","8":"first","9":"instock","10":"taxable","11":"shipping-taxable","12":"purchasable","13":"product-type-simple"},"_links":{"self":[{"href":"https:\/\/macchiaverde-bio.shop\/no\/wp-json\/wp\/v2\/product\/15406","targetHints":{"allow":["GET"]}}],"collection":[{"href":"https:\/\/macchiaverde-bio.shop\/no\/wp-json\/wp\/v2\/product"}],"about":[{"href":"https:\/\/macchiaverde-bio.shop\/no\/wp-json\/wp\/v2\/types\/product"}],"replies":[{"embeddable":true,"href":"https:\/\/macchiaverde-bio.shop\/no\/wp-json\/wp\/v2\/comments?post=15406"}],"wp:featuredmedia":[{"embeddable":true,"href":"https:\/\/macchiaverde-bio.shop\/no\/wp-json\/wp\/v2\/media\/15436"}],"wp:attachment":[{"href":"https:\/\/macchiaverde-bio.shop\/no\/wp-json\/wp\/v2\/media?parent=15406"}],"wp:term":[{"taxonomy":"product_brand","embeddable":true,"href":"https:\/\/macchiaverde-bio.shop\/no\/wp-json\/wp\/v2\/product_brand?post=15406"},{"taxonomy":"product_cat","embeddable":true,"href":"https:\/\/macchiaverde-bio.shop\/no\/wp-json\/wp\/v2\/product_cat?post=15406"},{"taxonomy":"product_tag","embeddable":true,"href":"https:\/\/macchiaverde-bio.shop\/no\/wp-json\/wp\/v2\/product_tag?post=15406"}],"curies":[{"name":"wp","href":"https:\/\/api.w.org\/{rel}","templated":true}]}}