{"id":15297,"date":"2022-12-16T19:05:51","date_gmt":"2022-12-16T18:05:51","guid":{"rendered":"https:\/\/macchiaverde-bio.shop\/produkt\/smoere-floeteblandet-220-g-6x\/"},"modified":"2024-06-22T12:04:35","modified_gmt":"2024-06-22T10:04:35","slug":"smoere-blandet-220-g-6x","status":"publish","type":"product","link":"https:\/\/macchiaverde-bio.shop\/no\/produkt\/smoere-blandet-220-g-6x\/","title":{"rendered":"Sm\u00f8re, fl\u00f8teblandet 220 g (6x)"},"content":{"rendered":"","protected":false},"excerpt":{"rendered":"<p><strong>Kremer\/kremer i krukke 3 typer 220 g (6x)<\/strong><\/p>\n<p>De \u00f8kologiske sm\u00f8rbare kremene fra MACCHIA VERDE er et toppprodukt som er laget helt for h\u00e5nd.<br \/>\n3 forskjellige typer kremer oppn\u00e5s:<\/p>\n<p>1. laget av t\u00f8rkede cherrytomater<br \/>\n2. fra store gr\u00f8nne oliven<br \/>\n3. fra forskjellige typer gr\u00f8nnsaker med krydret krydder.<\/p>\n<p>Alle 3 varianter er fri for kjemisk manipulasjon og er behandlet i henhold til tradisjonelle standarder og alle er laget med MACCHIA VERDE BIO \u00f8kologisk olivenolje.<\/p>\n<p>Settet inneholder 1 glass av hver variant.<\/p>\n","protected":false},"featured_media":15192,"comment_status":"open","ping_status":"closed","template":"","meta":[],"product_brand":[],"product_cat":[1496,1499],"product_tag":[],"class_list":{"0":"post-15297","1":"product","2":"type-product","3":"status-publish","4":"has-post-thumbnail","6":"product_cat-gourmet-sett","7":"product_cat-paalegg-kremer","9":"first","10":"instock","11":"taxable","12":"shipping-taxable","13":"purchasable","14":"product-type-simple"},"_links":{"self":[{"href":"https:\/\/macchiaverde-bio.shop\/no\/wp-json\/wp\/v2\/product\/15297","targetHints":{"allow":["GET"]}}],"collection":[{"href":"https:\/\/macchiaverde-bio.shop\/no\/wp-json\/wp\/v2\/product"}],"about":[{"href":"https:\/\/macchiaverde-bio.shop\/no\/wp-json\/wp\/v2\/types\/product"}],"replies":[{"embeddable":true,"href":"https:\/\/macchiaverde-bio.shop\/no\/wp-json\/wp\/v2\/comments?post=15297"}],"wp:featuredmedia":[{"embeddable":true,"href":"https:\/\/macchiaverde-bio.shop\/no\/wp-json\/wp\/v2\/media\/15192"}],"wp:attachment":[{"href":"https:\/\/macchiaverde-bio.shop\/no\/wp-json\/wp\/v2\/media?parent=15297"}],"wp:term":[{"taxonomy":"product_brand","embeddable":true,"href":"https:\/\/macchiaverde-bio.shop\/no\/wp-json\/wp\/v2\/product_brand?post=15297"},{"taxonomy":"product_cat","embeddable":true,"href":"https:\/\/macchiaverde-bio.shop\/no\/wp-json\/wp\/v2\/product_cat?post=15297"},{"taxonomy":"product_tag","embeddable":true,"href":"https:\/\/macchiaverde-bio.shop\/no\/wp-json\/wp\/v2\/product_tag?post=15297"}],"curies":[{"name":"wp","href":"https:\/\/api.w.org\/{rel}","templated":true}]}}