{"id":15295,"date":"2022-12-16T18:51:29","date_gmt":"2022-12-16T17:51:29","guid":{"rendered":"https:\/\/macchiaverde-bio.shop\/produkt\/oliven-i-en-krukke-1-kg-3x\/"},"modified":"2024-06-22T12:04:54","modified_gmt":"2024-06-22T10:04:54","slug":"oliven-i-en-krukke-1-kg-3x","status":"publish","type":"product","link":"https:\/\/macchiaverde-bio.shop\/no\/produkt\/oliven-i-en-krukke-1-kg-3x\/","title":{"rendered":"Oliven i krukke 1 kg (3x) &#8211; gourmetkvalitet"},"content":{"rendered":"<p>Oliven i en krukke 1 kg (3x)<\/p>\n","protected":false},"excerpt":{"rendered":"<p><strong>Oliven i krukke, variant &laquo;Termiti di Bitetto&raquo; 1 kg x 3<\/strong><br \/>\n MACCHIA VERDE-olivene er et rent h\u00e5ndverksmessig toppprodukt, den lokale gourmetvarianten \u00abTermiti di Bitetto\u00bb, syltet med laurb\u00e6rolje. Olivenene er fri for enhver kjemisk manipulasjon og er behandlet i henhold til tradisjonelle standarder, de er marinert med \u00f8kologisk Macchia Verde olivenolje, denne krydrede laurb\u00e6roljen b\u00f8r ogs\u00e5 brukes etter at olivenene er spist.<\/p>\n","protected":false},"featured_media":14921,"comment_status":"open","ping_status":"closed","template":"","meta":[],"product_brand":[],"product_cat":[1496,1498],"product_tag":[],"class_list":{"0":"post-15295","1":"product","2":"type-product","3":"status-publish","4":"has-post-thumbnail","6":"product_cat-gourmet-sett","7":"product_cat-oliven-no","9":"first","10":"instock","11":"taxable","12":"shipping-taxable","13":"purchasable","14":"product-type-simple"},"_links":{"self":[{"href":"https:\/\/macchiaverde-bio.shop\/no\/wp-json\/wp\/v2\/product\/15295","targetHints":{"allow":["GET"]}}],"collection":[{"href":"https:\/\/macchiaverde-bio.shop\/no\/wp-json\/wp\/v2\/product"}],"about":[{"href":"https:\/\/macchiaverde-bio.shop\/no\/wp-json\/wp\/v2\/types\/product"}],"replies":[{"embeddable":true,"href":"https:\/\/macchiaverde-bio.shop\/no\/wp-json\/wp\/v2\/comments?post=15295"}],"wp:featuredmedia":[{"embeddable":true,"href":"https:\/\/macchiaverde-bio.shop\/no\/wp-json\/wp\/v2\/media\/14921"}],"wp:attachment":[{"href":"https:\/\/macchiaverde-bio.shop\/no\/wp-json\/wp\/v2\/media?parent=15295"}],"wp:term":[{"taxonomy":"product_brand","embeddable":true,"href":"https:\/\/macchiaverde-bio.shop\/no\/wp-json\/wp\/v2\/product_brand?post=15295"},{"taxonomy":"product_cat","embeddable":true,"href":"https:\/\/macchiaverde-bio.shop\/no\/wp-json\/wp\/v2\/product_cat?post=15295"},{"taxonomy":"product_tag","embeddable":true,"href":"https:\/\/macchiaverde-bio.shop\/no\/wp-json\/wp\/v2\/product_tag?post=15295"}],"curies":[{"name":"wp","href":"https:\/\/api.w.org\/{rel}","templated":true}]}}