{"id":15294,"date":"2022-12-16T18:48:11","date_gmt":"2022-12-16T17:48:11","guid":{"rendered":"https:\/\/macchiaverde-bio.shop\/?post_type=product&#038;p=15294"},"modified":"2024-06-22T12:05:02","modified_gmt":"2024-06-22T10:05:02","slug":"oliven-i-en-krukke-1-kg-2x","status":"publish","type":"product","link":"https:\/\/macchiaverde-bio.shop\/no\/produkt\/oliven-i-en-krukke-1-kg-2x\/","title":{"rendered":"Oliven i krukke 1 kg (2x) &#8211; gourmetkvalitet"},"content":{"rendered":"","protected":false},"excerpt":{"rendered":"<p><strong>Oliven i krukke, variant &laquo;Termiti di Bitetto&raquo; 1 kg x 2<\/strong><br \/>\nMACCHIA VERDE oliven er et f\u00f8rsteklasses, rent h\u00e5ndverksprodukt, den lokale gourmetvarianten &laquo;Termiti di Bitetto&raquo; konservert med laurb\u00e6rolje. Olivenene er fri for enhver kjemisk manipulasjon og er behandlet i henhold til tradisjonelle standarder, de er marinert med \u00f8kologisk Macchia Verde olivenolje, denne krydrede laurb\u00e6roljen b\u00f8r ogs\u00e5 brukes etter at olivenene er spist.<\/p>\n","protected":false},"featured_media":15142,"comment_status":"open","ping_status":"closed","template":"","meta":[],"product_brand":[],"product_cat":[1496,1498],"product_tag":[],"class_list":{"0":"post-15294","1":"product","2":"type-product","3":"status-publish","4":"has-post-thumbnail","6":"product_cat-gourmet-sett","7":"product_cat-oliven-no","9":"first","10":"instock","11":"taxable","12":"shipping-taxable","13":"purchasable","14":"product-type-simple"},"_links":{"self":[{"href":"https:\/\/macchiaverde-bio.shop\/no\/wp-json\/wp\/v2\/product\/15294","targetHints":{"allow":["GET"]}}],"collection":[{"href":"https:\/\/macchiaverde-bio.shop\/no\/wp-json\/wp\/v2\/product"}],"about":[{"href":"https:\/\/macchiaverde-bio.shop\/no\/wp-json\/wp\/v2\/types\/product"}],"replies":[{"embeddable":true,"href":"https:\/\/macchiaverde-bio.shop\/no\/wp-json\/wp\/v2\/comments?post=15294"}],"wp:featuredmedia":[{"embeddable":true,"href":"https:\/\/macchiaverde-bio.shop\/no\/wp-json\/wp\/v2\/media\/15142"}],"wp:attachment":[{"href":"https:\/\/macchiaverde-bio.shop\/no\/wp-json\/wp\/v2\/media?parent=15294"}],"wp:term":[{"taxonomy":"product_brand","embeddable":true,"href":"https:\/\/macchiaverde-bio.shop\/no\/wp-json\/wp\/v2\/product_brand?post=15294"},{"taxonomy":"product_cat","embeddable":true,"href":"https:\/\/macchiaverde-bio.shop\/no\/wp-json\/wp\/v2\/product_cat?post=15294"},{"taxonomy":"product_tag","embeddable":true,"href":"https:\/\/macchiaverde-bio.shop\/no\/wp-json\/wp\/v2\/product_tag?post=15294"}],"curies":[{"name":"wp","href":"https:\/\/api.w.org\/{rel}","templated":true}]}}