{"id":15291,"date":"2022-12-16T18:26:19","date_gmt":"2022-12-16T17:26:19","guid":{"rendered":"https:\/\/macchiaverde-bio.shop\/produkt\/oekologiske-mandler-4-x-500-g\/"},"modified":"2024-06-22T12:05:20","modified_gmt":"2024-06-22T10:05:20","slug":"organiske-mandler-4-x-500-g","status":"publish","type":"product","link":"https:\/\/macchiaverde-bio.shop\/no\/produkt\/organiske-mandler-4-x-500-g\/","title":{"rendered":"\u00d8kologiske mandler 4 x 500 g"},"content":{"rendered":"","protected":false},"excerpt":{"rendered":"<p><strong>\u00d8kologiske mandler variant &laquo;Filippo Cea&raquo; 500 gx 4<\/strong><br \/>\n Mandler av &laquo;Filippo Cea&raquo;-sorten er anerkjent av kjennere som dronningen av mandler, i Puglia, hvor det hovedsakelig dyrkes, er det en mandel par excellence av konditorer. Ikke bare n\u00e5r det gjelder smak, men ogs\u00e5 n\u00e5r det gjelder innholdet av vitaminer og sporstoffer, er det uten sidestykke. Du f\u00e5r dem fra oss i \u00f8kologisk kvalitet, nyskrellet og pakket.<\/p>\n","protected":false},"featured_media":15122,"comment_status":"open","ping_status":"closed","template":"","meta":[],"product_brand":[],"product_cat":[1496,1497],"product_tag":[],"class_list":{"0":"post-15291","1":"product","2":"type-product","3":"status-publish","4":"has-post-thumbnail","6":"product_cat-gourmet-sett","7":"product_cat-mandler-no","9":"first","10":"instock","11":"taxable","12":"shipping-taxable","13":"purchasable","14":"product-type-simple"},"_links":{"self":[{"href":"https:\/\/macchiaverde-bio.shop\/no\/wp-json\/wp\/v2\/product\/15291","targetHints":{"allow":["GET"]}}],"collection":[{"href":"https:\/\/macchiaverde-bio.shop\/no\/wp-json\/wp\/v2\/product"}],"about":[{"href":"https:\/\/macchiaverde-bio.shop\/no\/wp-json\/wp\/v2\/types\/product"}],"replies":[{"embeddable":true,"href":"https:\/\/macchiaverde-bio.shop\/no\/wp-json\/wp\/v2\/comments?post=15291"}],"wp:featuredmedia":[{"embeddable":true,"href":"https:\/\/macchiaverde-bio.shop\/no\/wp-json\/wp\/v2\/media\/15122"}],"wp:attachment":[{"href":"https:\/\/macchiaverde-bio.shop\/no\/wp-json\/wp\/v2\/media?parent=15291"}],"wp:term":[{"taxonomy":"product_brand","embeddable":true,"href":"https:\/\/macchiaverde-bio.shop\/no\/wp-json\/wp\/v2\/product_brand?post=15291"},{"taxonomy":"product_cat","embeddable":true,"href":"https:\/\/macchiaverde-bio.shop\/no\/wp-json\/wp\/v2\/product_cat?post=15291"},{"taxonomy":"product_tag","embeddable":true,"href":"https:\/\/macchiaverde-bio.shop\/no\/wp-json\/wp\/v2\/product_tag?post=15291"}],"curies":[{"name":"wp","href":"https:\/\/api.w.org\/{rel}","templated":true}]}}