{"id":15290,"date":"2022-12-16T18:25:46","date_gmt":"2022-12-16T17:25:46","guid":{"rendered":"https:\/\/macchiaverde-bio.shop\/produkt\/oekologiske-mandler-2-x-500-g\/"},"modified":"2024-06-22T12:05:28","modified_gmt":"2024-06-22T10:05:28","slug":"organiske-mandler-2-x-500-g","status":"publish","type":"product","link":"https:\/\/macchiaverde-bio.shop\/no\/produkt\/organiske-mandler-2-x-500-g\/","title":{"rendered":"\u00d8kologiske mandler 2 x 500 g"},"content":{"rendered":"","protected":false},"excerpt":{"rendered":"<p>\u00d8kologiske mandler av typen &laquo;Filippo Cea&raquo; 500 gx 2<br \/>\nMandlen av sorten &laquo;Filippo Cea&raquo; anses av kjennere for \u00e5 v\u00e6re mandlenes dronning og er mandelen par excellence for konditorer i Apulia, hvor den hovedsakelig dyrkes. Det er uovertruffen ikke bare n\u00e5r det gjelder smak, men ogs\u00e5 n\u00e5r det gjelder innholdet av vitaminer og sporstoffer. De kommer til oss i \u00f8kologisk kvalitet, ferske skrellet og pakket.<\/p>\n","protected":false},"featured_media":15112,"comment_status":"open","ping_status":"closed","template":"","meta":[],"product_brand":[],"product_cat":[1496,1497],"product_tag":[],"class_list":{"0":"post-15290","1":"product","2":"type-product","3":"status-publish","4":"has-post-thumbnail","6":"product_cat-gourmet-sett","7":"product_cat-mandler-no","8":"product_shipping_class-reduzierte-pauschale-no","10":"first","11":"instock","12":"taxable","13":"shipping-taxable","14":"purchasable","15":"product-type-simple"},"_links":{"self":[{"href":"https:\/\/macchiaverde-bio.shop\/no\/wp-json\/wp\/v2\/product\/15290","targetHints":{"allow":["GET"]}}],"collection":[{"href":"https:\/\/macchiaverde-bio.shop\/no\/wp-json\/wp\/v2\/product"}],"about":[{"href":"https:\/\/macchiaverde-bio.shop\/no\/wp-json\/wp\/v2\/types\/product"}],"replies":[{"embeddable":true,"href":"https:\/\/macchiaverde-bio.shop\/no\/wp-json\/wp\/v2\/comments?post=15290"}],"wp:featuredmedia":[{"embeddable":true,"href":"https:\/\/macchiaverde-bio.shop\/no\/wp-json\/wp\/v2\/media\/15112"}],"wp:attachment":[{"href":"https:\/\/macchiaverde-bio.shop\/no\/wp-json\/wp\/v2\/media?parent=15290"}],"wp:term":[{"taxonomy":"product_brand","embeddable":true,"href":"https:\/\/macchiaverde-bio.shop\/no\/wp-json\/wp\/v2\/product_brand?post=15290"},{"taxonomy":"product_cat","embeddable":true,"href":"https:\/\/macchiaverde-bio.shop\/no\/wp-json\/wp\/v2\/product_cat?post=15290"},{"taxonomy":"product_tag","embeddable":true,"href":"https:\/\/macchiaverde-bio.shop\/no\/wp-json\/wp\/v2\/product_tag?post=15290"}],"curies":[{"name":"wp","href":"https:\/\/api.w.org\/{rel}","templated":true}]}}