{"id":13166,"date":"2020-03-13T00:39:55","date_gmt":"2020-03-12T23:39:55","guid":{"rendered":"https:\/\/macchiaverde-bio.shop\/shop\/oekologisk-olivenolje-klassisk-flasker-4-x-750-ml\/"},"modified":"2025-02-25T18:28:41","modified_gmt":"2025-02-25T17:28:41","slug":"oekologisk-olivenolje-klassiske-flasker-6x-750-ml","status":"publish","type":"product","link":"https:\/\/macchiaverde-bio.shop\/no\/produkt\/oekologisk-olivenolje-klassiske-flasker-6x-750-ml\/","title":{"rendered":"\u00d8kologisk olivenolje &#8211; Klassisk &#8211; Flasker 6 x 750 ml"},"content":{"rendered":"","protected":false},"excerpt":{"rendered":"<p><strong>\u2013 kartong 6 x 750 ml flaske \u2013<\/strong><br \/>\nClassic er en balansert h\u00f8ykvalitets extra virgin olivenolje, en blanding av Coratina og Ogliarola oliven. Den fremst\u00e5r gyllen gul med gr\u00f8nne refleksjoner, er middels fruktig, fyldig, med toner av mandler og artisjokker. Den egner seg til et bredt spekter av retter, og den kan ogs\u00e5 kalles &laquo;hverdagsolivenoljen&raquo;.<\/p>\n","protected":false},"featured_media":14437,"comment_status":"closed","ping_status":"closed","template":"","meta":[],"product_brand":[],"product_cat":[1057],"product_tag":[1095,1063,1118],"class_list":{"0":"post-13166","1":"product","2":"type-product","3":"status-publish","4":"has-post-thumbnail","6":"product_cat-olivenoljeflasker","7":"product_tag-by-paa","8":"product_tag-fruktig","9":"product_tag-fyldig-no","11":"first","12":"instock","13":"taxable","14":"shipping-taxable","15":"purchasable","16":"product-type-simple"},"_links":{"self":[{"href":"https:\/\/macchiaverde-bio.shop\/no\/wp-json\/wp\/v2\/product\/13166","targetHints":{"allow":["GET"]}}],"collection":[{"href":"https:\/\/macchiaverde-bio.shop\/no\/wp-json\/wp\/v2\/product"}],"about":[{"href":"https:\/\/macchiaverde-bio.shop\/no\/wp-json\/wp\/v2\/types\/product"}],"replies":[{"embeddable":true,"href":"https:\/\/macchiaverde-bio.shop\/no\/wp-json\/wp\/v2\/comments?post=13166"}],"wp:featuredmedia":[{"embeddable":true,"href":"https:\/\/macchiaverde-bio.shop\/no\/wp-json\/wp\/v2\/media\/14437"}],"wp:attachment":[{"href":"https:\/\/macchiaverde-bio.shop\/no\/wp-json\/wp\/v2\/media?parent=13166"}],"wp:term":[{"taxonomy":"product_brand","embeddable":true,"href":"https:\/\/macchiaverde-bio.shop\/no\/wp-json\/wp\/v2\/product_brand?post=13166"},{"taxonomy":"product_cat","embeddable":true,"href":"https:\/\/macchiaverde-bio.shop\/no\/wp-json\/wp\/v2\/product_cat?post=13166"},{"taxonomy":"product_tag","embeddable":true,"href":"https:\/\/macchiaverde-bio.shop\/no\/wp-json\/wp\/v2\/product_tag?post=13166"}],"curies":[{"name":"wp","href":"https:\/\/api.w.org\/{rel}","templated":true}]}}