{"id":13165,"date":"2020-03-13T00:49:11","date_gmt":"2020-03-12T23:49:11","guid":{"rendered":"https:\/\/macchiaverde-bio.shop\/shop\/oekologisk-olivenolje-lo-smeraldo-flasker-6-x-500-ml\/"},"modified":"2025-02-25T18:26:59","modified_gmt":"2025-02-25T17:26:59","slug":"oekologisk-olivenolje-lo-smeraldo-flasker-6-x-500-ml","status":"publish","type":"product","link":"https:\/\/macchiaverde-bio.shop\/no\/produkt\/oekologisk-olivenolje-lo-smeraldo-flasker-6-x-500-ml\/","title":{"rendered":"\u00d8kologisk olivenolje &#8211; Lo Smeraldo &#8211; Flasker 6 x 500 ml"},"content":{"rendered":"","protected":false},"excerpt":{"rendered":"<p>EKSTRA VIRGIN OLIVEOLJE<br \/>\n&#8211; KALDTPRESSET &#8211;<br \/>\n<strong>&#8211; kartong med 6 flasker &#8211;<\/strong><\/p>\n<p>Smeraldo er en rik, fyldig gr\u00f8nn olivenolje av f\u00f8rsteklasses kvalitet, presset av 100 % Coratina-oliven. Den har deltatt i alle nasjonale og internasjonale konkurranser \u00e5r etter \u00e5r og er en av de beste internasjonale produsentene. Takket v\u00e6re den eksklusive bruken av <strong>Coratina-oliven,<\/strong> er Smeraldo preget av et <strong>sv\u00e6rt h\u00f8yt polyfenolinnhold<\/strong> . Fremfor alt gir det h\u00f8ye polyfenolinnholdet Coratina-oljen en intens, fruktig og frisk smak. Lukten av oliven er klar og umiskjennelig, p\u00e5 ganen er det toner av r\u00e5 frukt og et hint av friske gr\u00f8nne mandler.<\/p>\n<p>Smeraldo er ideell for <strong>pizza<\/strong> og forretter, focaccia, <strong>biffer og grillretter<\/strong> . Det er ogs\u00e5 den ideelle olivenolje for <strong>tilberedning av marinader<\/strong> og grillkrydder, siden det h\u00f8ye polyfenolinnholdet s\u00f8rger for at den trenger dypt inn i kj\u00f8ttet og overf\u00f8rer smakene til kj\u00f8ttet.<\/p>\n","protected":false},"featured_media":13350,"comment_status":"open","ping_status":"closed","template":"","meta":[],"product_brand":[],"product_cat":[1057,1088],"product_tag":[1095,1063,1065,1061],"class_list":{"0":"post-13165","1":"product","2":"type-product","3":"status-publish","4":"has-post-thumbnail","6":"product_cat-olivenoljeflasker","7":"product_cat-spesialtilbud","8":"product_tag-by-paa","9":"product_tag-fruktig","10":"product_tag-intensiv-no","11":"product_tag-olivenoel-no","12":"product_shipping_class-speditions-kosten-no","14":"first","15":"instock","16":"taxable","17":"shipping-taxable","18":"purchasable","19":"product-type-simple"},"_links":{"self":[{"href":"https:\/\/macchiaverde-bio.shop\/no\/wp-json\/wp\/v2\/product\/13165","targetHints":{"allow":["GET"]}}],"collection":[{"href":"https:\/\/macchiaverde-bio.shop\/no\/wp-json\/wp\/v2\/product"}],"about":[{"href":"https:\/\/macchiaverde-bio.shop\/no\/wp-json\/wp\/v2\/types\/product"}],"replies":[{"embeddable":true,"href":"https:\/\/macchiaverde-bio.shop\/no\/wp-json\/wp\/v2\/comments?post=13165"}],"wp:featuredmedia":[{"embeddable":true,"href":"https:\/\/macchiaverde-bio.shop\/no\/wp-json\/wp\/v2\/media\/13350"}],"wp:attachment":[{"href":"https:\/\/macchiaverde-bio.shop\/no\/wp-json\/wp\/v2\/media?parent=13165"}],"wp:term":[{"taxonomy":"product_brand","embeddable":true,"href":"https:\/\/macchiaverde-bio.shop\/no\/wp-json\/wp\/v2\/product_brand?post=13165"},{"taxonomy":"product_cat","embeddable":true,"href":"https:\/\/macchiaverde-bio.shop\/no\/wp-json\/wp\/v2\/product_cat?post=13165"},{"taxonomy":"product_tag","embeddable":true,"href":"https:\/\/macchiaverde-bio.shop\/no\/wp-json\/wp\/v2\/product_tag?post=13165"}],"curies":[{"name":"wp","href":"https:\/\/api.w.org\/{rel}","templated":true}]}}