{"id":13160,"date":"2020-03-16T01:32:16","date_gmt":"2020-03-16T00:32:16","guid":{"rendered":"https:\/\/macchiaverde-bio.shop\/shop\/oekologisk-olivenolje-lo-smeraldo-pose-i-boks-2-x-5-l\/"},"modified":"2024-06-22T12:06:17","modified_gmt":"2024-06-22T10:06:17","slug":"oekologisk-oliven-olje-lo-smeraldo-pose-i-boks-2-x-5-l","status":"publish","type":"product","link":"https:\/\/macchiaverde-bio.shop\/no\/produkt\/oekologisk-oliven-olje-lo-smeraldo-pose-i-boks-2-x-5-l\/","title":{"rendered":"\u00d8kologisk olivenolje &#8211; Lo Smeraldo &#8211; Pose i boks 2 x 5 L"},"content":{"rendered":"","protected":false},"excerpt":{"rendered":"<p>&#8211; <strong>2 BaginBox \u00e0 5 liter i papp<\/strong> &#8211;<br \/>\nSmeraldo er en str\u00e5lende gr\u00f8nn oliven, med en kropp av h\u00f8y kvalitet, laget av 100 % Coratina-oliven. I fjor deltok vi i b\u00e5de nasjonale og internasjonale konkurranser, og vant en s\u00f8lvmedalje og en platinamedalje i kategorien &laquo;Fruit Intense&raquo;, med maksimalt <strong>1246 mg<\/strong> \/ kg polyfenoler, med maksimalt 5-6 olivenolje. I den praktiske &#8216;Bag in Box&#8217; kommer olivenoljen frisk fra \u00e5rets f\u00f8rste dag.<\/p>\n","protected":false},"featured_media":13264,"comment_status":"closed","ping_status":"closed","template":"","meta":[],"product_brand":[],"product_cat":[1087,1088],"product_tag":[1095,1063,1065,1061],"class_list":{"0":"post-13160","1":"product","2":"type-product","3":"status-publish","4":"has-post-thumbnail","6":"product_cat-olivenoljepose-bag-in-box","7":"product_cat-spesialtilbud","8":"product_tag-by-paa","9":"product_tag-fruktig","10":"product_tag-intensiv-no","11":"product_tag-olivenoel-no","12":"product_shipping_class-speditions-kosten-no","14":"first","15":"instock","16":"taxable","17":"shipping-taxable","18":"purchasable","19":"product-type-simple"},"_links":{"self":[{"href":"https:\/\/macchiaverde-bio.shop\/no\/wp-json\/wp\/v2\/product\/13160","targetHints":{"allow":["GET"]}}],"collection":[{"href":"https:\/\/macchiaverde-bio.shop\/no\/wp-json\/wp\/v2\/product"}],"about":[{"href":"https:\/\/macchiaverde-bio.shop\/no\/wp-json\/wp\/v2\/types\/product"}],"replies":[{"embeddable":true,"href":"https:\/\/macchiaverde-bio.shop\/no\/wp-json\/wp\/v2\/comments?post=13160"}],"wp:featuredmedia":[{"embeddable":true,"href":"https:\/\/macchiaverde-bio.shop\/no\/wp-json\/wp\/v2\/media\/13264"}],"wp:attachment":[{"href":"https:\/\/macchiaverde-bio.shop\/no\/wp-json\/wp\/v2\/media?parent=13160"}],"wp:term":[{"taxonomy":"product_brand","embeddable":true,"href":"https:\/\/macchiaverde-bio.shop\/no\/wp-json\/wp\/v2\/product_brand?post=13160"},{"taxonomy":"product_cat","embeddable":true,"href":"https:\/\/macchiaverde-bio.shop\/no\/wp-json\/wp\/v2\/product_cat?post=13160"},{"taxonomy":"product_tag","embeddable":true,"href":"https:\/\/macchiaverde-bio.shop\/no\/wp-json\/wp\/v2\/product_tag?post=13160"}],"curies":[{"name":"wp","href":"https:\/\/api.w.org\/{rel}","templated":true}]}}