{"id":13159,"date":"2020-03-16T01:48:54","date_gmt":"2020-03-16T00:48:54","guid":{"rendered":"https:\/\/macchiaverde-bio.shop\/shop\/oekologisk-olivenolje-leliodoro-flasker-6-x-500-ml\/"},"modified":"2024-06-22T12:06:09","modified_gmt":"2024-06-22T10:06:09","slug":"oekologisk-olivenolje-leliodoro-flasker-6-x-500-ml","status":"publish","type":"product","link":"https:\/\/macchiaverde-bio.shop\/no\/produkt\/oekologisk-olivenolje-leliodoro-flasker-6-x-500-ml\/","title":{"rendered":"\u00d8kologisk olivenolje &#8211; L&#8217;Eliodoro &#8211; Flasker 6 x 500 ml"},"content":{"rendered":"","protected":false},"excerpt":{"rendered":"<p>EKSTRA VIRGIN OLIVEOLJE<br \/>\n&#8211; KALDTPRESSET &#8211;<br \/>\n<strong>&#8211; kartong med 6 flasker &#8211;<\/strong><br \/>\nL&#8217;Eliodoro er en balansert, gylden gul olivenolje av h\u00f8yeste kvalitet, hentet fra 70 % Coratina og 30 % Ogliarola oliven. Den har vunnet priser p\u00e5 nasjonale og internasjonale konkurranser, inkludert s\u00f8lvmedalje i kategorien &laquo;Medium Fruity&raquo;, og er blant de beste i sin kategori med et polyfenolinnhold p\u00e5 714 mg\/kg.<\/p>\n","protected":false},"featured_media":13361,"comment_status":"closed","ping_status":"closed","template":"","meta":[],"product_brand":[],"product_cat":[1057,1088],"product_tag":[1063,1065,1061],"class_list":{"0":"post-13159","1":"product","2":"type-product","3":"status-publish","4":"has-post-thumbnail","6":"product_cat-olivenoljeflasker","7":"product_cat-spesialtilbud","8":"product_tag-fruktig","9":"product_tag-intensiv-no","10":"product_tag-olivenoel-no","12":"first","13":"instock","14":"taxable","15":"shipping-taxable","16":"purchasable","17":"product-type-simple"},"_links":{"self":[{"href":"https:\/\/macchiaverde-bio.shop\/no\/wp-json\/wp\/v2\/product\/13159","targetHints":{"allow":["GET"]}}],"collection":[{"href":"https:\/\/macchiaverde-bio.shop\/no\/wp-json\/wp\/v2\/product"}],"about":[{"href":"https:\/\/macchiaverde-bio.shop\/no\/wp-json\/wp\/v2\/types\/product"}],"replies":[{"embeddable":true,"href":"https:\/\/macchiaverde-bio.shop\/no\/wp-json\/wp\/v2\/comments?post=13159"}],"wp:featuredmedia":[{"embeddable":true,"href":"https:\/\/macchiaverde-bio.shop\/no\/wp-json\/wp\/v2\/media\/13361"}],"wp:attachment":[{"href":"https:\/\/macchiaverde-bio.shop\/no\/wp-json\/wp\/v2\/media?parent=13159"}],"wp:term":[{"taxonomy":"product_brand","embeddable":true,"href":"https:\/\/macchiaverde-bio.shop\/no\/wp-json\/wp\/v2\/product_brand?post=13159"},{"taxonomy":"product_cat","embeddable":true,"href":"https:\/\/macchiaverde-bio.shop\/no\/wp-json\/wp\/v2\/product_cat?post=13159"},{"taxonomy":"product_tag","embeddable":true,"href":"https:\/\/macchiaverde-bio.shop\/no\/wp-json\/wp\/v2\/product_tag?post=13159"}],"curies":[{"name":"wp","href":"https:\/\/api.w.org\/{rel}","templated":true}]}}