{"id":13157,"date":"2020-03-12T00:00:28","date_gmt":"2020-03-11T23:00:28","guid":{"rendered":"https:\/\/macchiaverde-bio.shop\/shop\/oekologisk-olivenolje-lo-smeraldo-bag-in-box-5-l\/"},"modified":"2024-06-22T12:06:53","modified_gmt":"2024-06-22T10:06:53","slug":"bio-oliven-olje-lo-smeraldo-pose-i-boks-5-l","status":"publish","type":"product","link":"https:\/\/macchiaverde-bio.shop\/no\/produkt\/bio-oliven-olje-lo-smeraldo-pose-i-boks-5-l\/","title":{"rendered":"\u00d8kologisk olivenolje &#8211; Lo Smeraldo &#8211; Bag In Box 5 L"},"content":{"rendered":"","protected":false},"excerpt":{"rendered":"<p><strong>&#8211; Lo Smeraldo &#8211; Bag In Box 5 L &#8211;<\/strong><br \/>\nSmeraldo er en gr\u00f8nn og fyldig olje av h\u00f8yeste kvalitet, presset av 100 % Coratina oliven. Den har deltatt i alle nasjonale og internasjonale konkurranser \u00e5r etter \u00e5r og har blitt tildelt gull og platina i kategorien &laquo;Full Fruit&raquo;. Med 1246 mg\/kg polyfenoler er det en av de beste internasjonale olivenoljeprodusentene. I den praktiske \u00abBag in Box\u00bb holder olivenoljen seg like fersk som den f\u00f8rste dagen, helt ned til siste dr\u00e5pe.<\/p>\n","protected":false},"featured_media":13259,"comment_status":"open","ping_status":"closed","template":"","meta":[],"product_brand":[],"product_cat":[1087,1088],"product_tag":[1095,1063,1065,1061],"class_list":{"0":"post-13157","1":"product","2":"type-product","3":"status-publish","4":"has-post-thumbnail","6":"product_cat-olivenoljepose-bag-in-box","7":"product_cat-spesialtilbud","8":"product_tag-by-paa","9":"product_tag-fruktig","10":"product_tag-intensiv-no","11":"product_tag-olivenoel-no","13":"first","14":"instock","15":"taxable","16":"shipping-taxable","17":"purchasable","18":"product-type-simple"},"_links":{"self":[{"href":"https:\/\/macchiaverde-bio.shop\/no\/wp-json\/wp\/v2\/product\/13157","targetHints":{"allow":["GET"]}}],"collection":[{"href":"https:\/\/macchiaverde-bio.shop\/no\/wp-json\/wp\/v2\/product"}],"about":[{"href":"https:\/\/macchiaverde-bio.shop\/no\/wp-json\/wp\/v2\/types\/product"}],"replies":[{"embeddable":true,"href":"https:\/\/macchiaverde-bio.shop\/no\/wp-json\/wp\/v2\/comments?post=13157"}],"wp:featuredmedia":[{"embeddable":true,"href":"https:\/\/macchiaverde-bio.shop\/no\/wp-json\/wp\/v2\/media\/13259"}],"wp:attachment":[{"href":"https:\/\/macchiaverde-bio.shop\/no\/wp-json\/wp\/v2\/media?parent=13157"}],"wp:term":[{"taxonomy":"product_brand","embeddable":true,"href":"https:\/\/macchiaverde-bio.shop\/no\/wp-json\/wp\/v2\/product_brand?post=13157"},{"taxonomy":"product_cat","embeddable":true,"href":"https:\/\/macchiaverde-bio.shop\/no\/wp-json\/wp\/v2\/product_cat?post=13157"},{"taxonomy":"product_tag","embeddable":true,"href":"https:\/\/macchiaverde-bio.shop\/no\/wp-json\/wp\/v2\/product_tag?post=13157"}],"curies":[{"name":"wp","href":"https:\/\/api.w.org\/{rel}","templated":true}]}}